{"id":695681,"date":"2025-08-27T14:30:44","date_gmt":"2025-08-27T11:30:44","guid":{"rendered":"https:\/\/roveyayinevi.com.tr\/index.php\/urun\/afgan-savasi\/"},"modified":"2026-04-16T02:05:43","modified_gmt":"2026-04-15T23:05:43","slug":"afgan-savasi","status":"publish","type":"product","link":"https:\/\/roveyayinevi.com.tr\/index.php\/urun\/afgan-savasi\/","title":{"rendered":"Afgan Sava\u015f\u0131"},"content":{"rendered":"<p>Her ne pahas\u0131na olursa olsun \u00fclkelerini savunmaktan vazge\u00e7meyecek olan vah\u015fi Do\u011fulular(!), yarad\u0131l\u0131\u015flar\u0131ndan dolay\u0131 kendiliklerinden ehlile\u015fememi\u015f hayvanlar ve onlara medeniyet g\u00f6t\u00fcrmek i\u00e7in yola \u00e7\u0131kan istilac\u0131 Bat\u0131l\u0131lar&#8230; Kula\u011fa \u00fcrk\u00fct\u00fcc\u00fc derecede tan\u0131d\u0131k gelen bu senaryo bundan tam 2,300 sene evvel yaz\u0131ld\u0131. \u015ean, \u015f\u00f6hret ve para hayalleriyle baba ocaklar\u0131ndan ayr\u0131lan y\u00fcz binlerce erkek; yerlerinden, yurtlar\u0131ndan, ailelerinden kopart\u0131lan, arkalar\u0131ndan yalan da olsa methiyeler d\u00fcz\u00fclmeyecek binlerce kad\u0131n, gelmi\u015f ge\u00e7mi\u015f en b\u00fcy\u00fck sava\u015f dehalar\u0131ndan birinin pe\u015finden kendilerini bekleyen u\u011fursuz bir kadere do\u011fru s\u00fcr\u00fcklendi. Ya ald\u0131klar\u0131ndan vazge\u00e7ecek ya da hen\u00fcz sahip olmad\u0131klar\u0131n\u0131 ele ge\u00e7ireceklerdi. <\/p>\n","protected":false},"excerpt":{"rendered":"<p>Her ne pahas\u0131na olursa olsun \u00fclkelerini savunmaktan vazge\u00e7meyecek olan vah\u015fi Do\u011fulular(!), yarad\u0131l\u0131\u015flar\u0131ndan dolay\u0131 kendiliklerinden ehlile\u015fememi\u015f hayvanlar ve onlara medeniyet g\u00f6t\u00fcrmek i\u00e7in yola \u00e7\u0131kan istilac\u0131 Bat\u0131l\u0131lar&#8230; Kula\u011fa<span class=\"excerpt-hellip\"> [\u2026]<\/span><\/p>\n","protected":false},"featured_media":0,"template":"","meta":{"_monsterinsights_skip_tracking":false,"_monsterinsights_sitenote_active":false,"_monsterinsights_sitenote_note":"","_monsterinsights_sitenote_category":0},"product_brand":[],"product_cat":[12291,12745],"product_tag":[],"class_list":{"0":"post-695681","1":"product","2":"type-product","3":"status-publish","5":"product_cat-edebiyat","6":"product_cat-tarihi-roman","7":"pa_tur-kitap","8":"pa_yayinevi-bilge-kultur-sanat","9":"pa_yazar-steven-pressfield","11":"first","12":"instock","13":"sale","14":"shipping-taxable","15":"purchasable","16":"product-type-simple"},"_links":{"self":[{"href":"https:\/\/roveyayinevi.com.tr\/index.php\/wp-json\/wp\/v2\/product\/695681","targetHints":{"allow":["GET"]}}],"collection":[{"href":"https:\/\/roveyayinevi.com.tr\/index.php\/wp-json\/wp\/v2\/product"}],"about":[{"href":"https:\/\/roveyayinevi.com.tr\/index.php\/wp-json\/wp\/v2\/types\/product"}],"wp:attachment":[{"href":"https:\/\/roveyayinevi.com.tr\/index.php\/wp-json\/wp\/v2\/media?parent=695681"}],"wp:term":[{"taxonomy":"product_brand","embeddable":true,"href":"https:\/\/roveyayinevi.com.tr\/index.php\/wp-json\/wp\/v2\/product_brand?post=695681"},{"taxonomy":"product_cat","embeddable":true,"href":"https:\/\/roveyayinevi.com.tr\/index.php\/wp-json\/wp\/v2\/product_cat?post=695681"},{"taxonomy":"product_tag","embeddable":true,"href":"https:\/\/roveyayinevi.com.tr\/index.php\/wp-json\/wp\/v2\/product_tag?post=695681"}],"curies":[{"name":"wp","href":"https:\/\/api.w.org\/{rel}","templated":true}]}}