{"id":695680,"date":"2025-08-27T14:30:44","date_gmt":"2025-08-27T11:30:44","guid":{"rendered":"https:\/\/roveyayinevi.com.tr\/index.php\/urun\/cezmi-3\/"},"modified":"2026-04-16T02:05:43","modified_gmt":"2026-04-15T23:05:43","slug":"cezmi-3","status":"publish","type":"product","link":"https:\/\/roveyayinevi.com.tr\/index.php\/urun\/cezmi-3\/","title":{"rendered":"Cezmi"},"content":{"rendered":"<p>Cezmi sayesinde&#8230; T\u00fcrk edebiyat\u0131n\u0131n ilk tarih\u00ee roman \u00f6rne\u011fiyle kar\u015f\u0131la\u015facaks\u0131n\u0131z. Roman\u0131n giri\u015finde geni\u015f bir tarih bilgisi bulacaks\u0131n\u0131z. Cezmi Bey\u2019in ciritteki ustal\u0131\u011f\u0131n\u0131 ve \u015fairlikteki h\u00fcnerini g\u00f6receksiniz. Cezmi Bey\u2019in ad\u0131m ad\u0131m y\u00fckselmesini \u00f6\u011frenecek, sava\u015fta d\u00fc\u015fman askerini can\u0131 pahas\u0131na kurtarmas\u0131na hayran olacak ve atalar\u0131n\u0131zla gurur duyacaks\u0131n\u0131z. Bu romanda tarih\u00ee \u015fahsiyetlerin \u00f6zel hayatlar\u0131ndan kesitler okuyacaks\u0131n\u0131z. \u0130ran \u015fah\u0131n\u0131n k\u0131z karde\u015fi Perihan ile kar\u0131s\u0131 \u015eehriyar\u2019\u0131n a\u015fk\u0131 aras\u0131nda kalan Adil Giray\u2019\u0131n ne karar verece\u011fini sab\u0131rs\u0131zl\u0131kla bekleyeceksiniz. \u015eehriyar\u2019\u0131n kendi kazd\u0131\u011f\u0131 kuyuya d\u00fc\u015f\u00fc\u015f\u00fcne heyecanla ve ibretle \u015fahit olacaks\u0131n\u0131z. Cezmi\u2019nin Adil Giray\u2019\u0131 esaretten kurtarmak i\u00e7in \u00f6l\u00fcmle burun buruna gelmesini siz de ya\u015fayacaks\u0131n\u0131z. Cezmi roman\u0131n\u0131n ikinci cildinin yaz\u0131lmay\u0131\u015f\u0131na hay\u0131flanacaks\u0131n\u0131z. \ufffcTan\u0131t\u0131m Metni<\/p>\n","protected":false},"excerpt":{"rendered":"<p>Cezmi sayesinde&#8230; T\u00fcrk edebiyat\u0131n\u0131n ilk tarih\u00ee roman \u00f6rne\u011fiyle kar\u015f\u0131la\u015facaks\u0131n\u0131z. Roman\u0131n giri\u015finde geni\u015f bir tarih bilgisi bulacaks\u0131n\u0131z. Cezmi Bey\u2019in ciritteki ustal\u0131\u011f\u0131n\u0131 ve \u015fairlikteki h\u00fcnerini g\u00f6receksiniz. Cezmi Bey\u2019in<span class=\"excerpt-hellip\"> [\u2026]<\/span><\/p>\n","protected":false},"featured_media":0,"template":"","meta":{"_monsterinsights_skip_tracking":false,"_monsterinsights_sitenote_active":false,"_monsterinsights_sitenote_note":"","_monsterinsights_sitenote_category":0},"product_brand":[],"product_cat":[12291,12292],"product_tag":[],"class_list":{"0":"post-695680","1":"product","2":"type-product","3":"status-publish","5":"product_cat-edebiyat","6":"product_cat-turk-edebiyati","7":"pa_cilt-ciltli","8":"pa_tur-kitap","9":"pa_yayinevi-bilge-kultur-sanat","10":"pa_yazar-namik-kemal","12":"first","13":"instock","14":"sale","15":"shipping-taxable","16":"purchasable","17":"product-type-simple"},"_links":{"self":[{"href":"https:\/\/roveyayinevi.com.tr\/index.php\/wp-json\/wp\/v2\/product\/695680","targetHints":{"allow":["GET"]}}],"collection":[{"href":"https:\/\/roveyayinevi.com.tr\/index.php\/wp-json\/wp\/v2\/product"}],"about":[{"href":"https:\/\/roveyayinevi.com.tr\/index.php\/wp-json\/wp\/v2\/types\/product"}],"wp:attachment":[{"href":"https:\/\/roveyayinevi.com.tr\/index.php\/wp-json\/wp\/v2\/media?parent=695680"}],"wp:term":[{"taxonomy":"product_brand","embeddable":true,"href":"https:\/\/roveyayinevi.com.tr\/index.php\/wp-json\/wp\/v2\/product_brand?post=695680"},{"taxonomy":"product_cat","embeddable":true,"href":"https:\/\/roveyayinevi.com.tr\/index.php\/wp-json\/wp\/v2\/product_cat?post=695680"},{"taxonomy":"product_tag","embeddable":true,"href":"https:\/\/roveyayinevi.com.tr\/index.php\/wp-json\/wp\/v2\/product_tag?post=695680"}],"curies":[{"name":"wp","href":"https:\/\/api.w.org\/{rel}","templated":true}]}}