{"id":695673,"date":"2025-08-27T14:30:43","date_gmt":"2025-08-27T11:30:43","guid":{"rendered":"https:\/\/roveyayinevi.com.tr\/index.php\/urun\/liberal-ekonominin-cokusu-kuresel-kriz\/"},"modified":"2026-04-16T02:05:43","modified_gmt":"2026-04-15T23:05:43","slug":"liberal-ekonominin-cokusu-kuresel-kriz","status":"publish","type":"product","link":"https:\/\/roveyayinevi.com.tr\/index.php\/urun\/liberal-ekonominin-cokusu-kuresel-kriz\/","title":{"rendered":"Liberal Ekonominin \u00c7\u00f6k\u00fc\u015f\u00fc &#8211; K\u00fcresel Kriz"},"content":{"rendered":"<p>1990\u2019lardan sonra k\u00fcreselle\u015fme olgusu b\u00fct\u00fcn d\u00fcnyay\u0131 sard\u0131. Serbest piyasa ekonomisi 2008 y\u0131l\u0131na kadar alt\u0131n \u00e7a\u011f\u0131n\u0131 ya\u015fad\u0131. 2008\u2019de ise b\u00fct\u00fcn d\u00fcnyay\u0131 alt\u00fcst eden en b\u00fcy\u00fck ekonomik kriz ortaya \u00e7\u0131kt\u0131. Liberal ekonomik model tarihteki en b\u00fcy\u00fck darbeyi yedi. \ufffcTan\u0131t\u0131m Metni<\/p>\n","protected":false},"excerpt":{"rendered":"<p>1990\u2019lardan sonra k\u00fcreselle\u015fme olgusu b\u00fct\u00fcn d\u00fcnyay\u0131 sard\u0131. Serbest piyasa ekonomisi 2008 y\u0131l\u0131na kadar alt\u0131n \u00e7a\u011f\u0131n\u0131 ya\u015fad\u0131. 2008\u2019de ise b\u00fct\u00fcn d\u00fcnyay\u0131 alt\u00fcst eden en b\u00fcy\u00fck ekonomik kriz<span class=\"excerpt-hellip\"> [\u2026]<\/span><\/p>\n","protected":false},"featured_media":0,"template":"","meta":{"_monsterinsights_skip_tracking":false,"_monsterinsights_sitenote_active":false,"_monsterinsights_sitenote_note":"","_monsterinsights_sitenote_category":0},"product_brand":[],"product_cat":[12338,12337],"product_tag":[],"class_list":{"0":"post-695673","1":"product","2":"type-product","3":"status-publish","5":"product_cat-dunya-siyaseti-ve-politikasi","6":"product_cat-politika-siyaset","7":"pa_tur-kitap","8":"pa_yayinevi-cumhuriyet-kitaplari","9":"pa_yazar-alev-coskun","11":"first","12":"instock","13":"sale","14":"shipping-taxable","15":"purchasable","16":"product-type-simple"},"_links":{"self":[{"href":"https:\/\/roveyayinevi.com.tr\/index.php\/wp-json\/wp\/v2\/product\/695673","targetHints":{"allow":["GET"]}}],"collection":[{"href":"https:\/\/roveyayinevi.com.tr\/index.php\/wp-json\/wp\/v2\/product"}],"about":[{"href":"https:\/\/roveyayinevi.com.tr\/index.php\/wp-json\/wp\/v2\/types\/product"}],"wp:attachment":[{"href":"https:\/\/roveyayinevi.com.tr\/index.php\/wp-json\/wp\/v2\/media?parent=695673"}],"wp:term":[{"taxonomy":"product_brand","embeddable":true,"href":"https:\/\/roveyayinevi.com.tr\/index.php\/wp-json\/wp\/v2\/product_brand?post=695673"},{"taxonomy":"product_cat","embeddable":true,"href":"https:\/\/roveyayinevi.com.tr\/index.php\/wp-json\/wp\/v2\/product_cat?post=695673"},{"taxonomy":"product_tag","embeddable":true,"href":"https:\/\/roveyayinevi.com.tr\/index.php\/wp-json\/wp\/v2\/product_tag?post=695673"}],"curies":[{"name":"wp","href":"https:\/\/api.w.org\/{rel}","templated":true}]}}