{"id":695672,"date":"2025-08-27T14:30:42","date_gmt":"2025-08-27T11:30:42","guid":{"rendered":"https:\/\/roveyayinevi.com.tr\/index.php\/urun\/caglayanlar-4\/"},"modified":"2026-04-16T02:05:43","modified_gmt":"2026-04-15T23:05:43","slug":"caglayanlar-4","status":"publish","type":"product","link":"https:\/\/roveyayinevi.com.tr\/index.php\/urun\/caglayanlar-4\/","title":{"rendered":"\u00c7a\u011flayanlar"},"content":{"rendered":"<p>\u00c7a\u011flayanlar Ahmet Hikmet M\u00fcft\u00fco\u011flu\u2019nun hik\u00e2yeler arac\u0131l\u0131\u011f\u0131yla T\u00fcrk k\u00fclt\u00fcr\u00fc ile ilgili d\u00fc\u015f\u00fcncelerini etkili bi\u00e7imde dile getirdi\u011fi bir eserdir. T\u00fcrk milletinin i\u00e7ine d\u00fc\u015ft\u00fc\u011f\u00fc zor durumun tesiriyle kaleme al\u0131nan eser milletin de\u011ferlerine sahip \u00e7\u0131kman\u0131n \u00f6nemini hayk\u0131r\u0131r. Yazar, bir\u00e7o\u011fumuzun \u00f6nemsemedi\u011fi yata\u011fan, kilim gibi \u015feyleri bile anlat\u0131rken \u00e7a\u011flayanlar gibi co\u015fkuludur. Sokak sat\u0131c\u0131s\u0131n\u0131n   kaaarpuz   diye ba\u011f\u0131rmas\u0131n\u0131 bug\u00fcnlere kadar getirir. Mill\u00ee de\u011ferlere sahip \u00e7\u0131kman\u0131n \u00f6neminin anlat\u0131ld\u0131\u011f\u0131 hik\u00e2yelerin baz\u0131lar\u0131 hik\u00e2yeden \u00e7ok denemeyi and\u0131r\u0131r. <\/p>\n","protected":false},"excerpt":{"rendered":"<p>\u00c7a\u011flayanlar Ahmet Hikmet M\u00fcft\u00fco\u011flu\u2019nun hik\u00e2yeler arac\u0131l\u0131\u011f\u0131yla T\u00fcrk k\u00fclt\u00fcr\u00fc ile ilgili d\u00fc\u015f\u00fcncelerini etkili bi\u00e7imde dile getirdi\u011fi bir eserdir. T\u00fcrk milletinin i\u00e7ine d\u00fc\u015ft\u00fc\u011f\u00fc zor durumun tesiriyle kaleme al\u0131nan<span class=\"excerpt-hellip\"> [\u2026]<\/span><\/p>\n","protected":false},"featured_media":0,"template":"","meta":{"_monsterinsights_skip_tracking":false,"_monsterinsights_sitenote_active":false,"_monsterinsights_sitenote_note":"","_monsterinsights_sitenote_category":0},"product_brand":[],"product_cat":[12291,12292],"product_tag":[],"class_list":{"0":"post-695672","1":"product","2":"type-product","3":"status-publish","5":"product_cat-edebiyat","6":"product_cat-turk-edebiyati","7":"pa_cilt-ciltsiz","8":"pa_tur-kitap","9":"pa_yayinevi-bilge-kultur-sanat","10":"pa_yazar-ahmet-hikmet-muftuoglu","12":"first","13":"instock","14":"sale","15":"shipping-taxable","16":"purchasable","17":"product-type-simple"},"_links":{"self":[{"href":"https:\/\/roveyayinevi.com.tr\/index.php\/wp-json\/wp\/v2\/product\/695672","targetHints":{"allow":["GET"]}}],"collection":[{"href":"https:\/\/roveyayinevi.com.tr\/index.php\/wp-json\/wp\/v2\/product"}],"about":[{"href":"https:\/\/roveyayinevi.com.tr\/index.php\/wp-json\/wp\/v2\/types\/product"}],"wp:attachment":[{"href":"https:\/\/roveyayinevi.com.tr\/index.php\/wp-json\/wp\/v2\/media?parent=695672"}],"wp:term":[{"taxonomy":"product_brand","embeddable":true,"href":"https:\/\/roveyayinevi.com.tr\/index.php\/wp-json\/wp\/v2\/product_brand?post=695672"},{"taxonomy":"product_cat","embeddable":true,"href":"https:\/\/roveyayinevi.com.tr\/index.php\/wp-json\/wp\/v2\/product_cat?post=695672"},{"taxonomy":"product_tag","embeddable":true,"href":"https:\/\/roveyayinevi.com.tr\/index.php\/wp-json\/wp\/v2\/product_tag?post=695672"}],"curies":[{"name":"wp","href":"https:\/\/api.w.org\/{rel}","templated":true}]}}