{"id":695668,"date":"2025-08-27T14:30:41","date_gmt":"2025-08-27T11:30:41","guid":{"rendered":"https:\/\/roveyayinevi.com.tr\/index.php\/urun\/bukagi\/"},"modified":"2026-04-16T02:05:43","modified_gmt":"2026-04-15T23:05:43","slug":"bukagi","status":"publish","type":"product","link":"https:\/\/roveyayinevi.com.tr\/index.php\/urun\/bukagi\/","title":{"rendered":"Buka\u011f\u0131"},"content":{"rendered":"<p>Malatyal\u0131 Niy\u00e2z\u00ee M\u0131sr\u00ee t\u0131pk\u0131 Yunus ve Mevl\u00e2na gibi tasavvuf k\u00fclt\u00fcr\u00fcm\u00fcz\u00fcn nirengi noktalar\u0131ndan. Yunus&#8217;tan d\u00f6rt y\u00fcz y\u0131l sonra gelen bu ermi\u015fin kimli\u011fini, \u00e7evresini ve d\u00fcnyas\u0131n\u0131, Yunus&#8217;un d\u00fcnyas\u0131na g\u00f6re daha yak\u0131ndan tan\u0131yoruz. \u015eair, din \u00e2limi fakat en \u00f6nde gelen vasf\u0131yla bir Allah adam\u0131. Belki bulmacay\u0131 tamamlamak i\u00e7in Yunus&#8217;un sevgisini, Mevl\u00e2na&#8217;n\u0131n cezbesini M\u0131sr\u00ee&#8217;nin celaliyle birle\u015ftirmek gerek. Emine I\u015f\u0131nsu, Bir Ben Vard\u0131r Bende Benden \u0130\u00e7eri&#8217;de y\u00f6neldi\u011fi hedefe y\u00fcr\u00fcy\u00fc\u015f\u00fcne Buka\u011f\u0131 ile devam ediyor. Tasavvuf, ya\u015famadan \u00f6\u011frenilemez. Ama roman ile ya\u015fam\u0131\u015f kadar olmaya \u00e7al\u0131\u015fabiliriz. <\/p>\n","protected":false},"excerpt":{"rendered":"<p>Malatyal\u0131 Niy\u00e2z\u00ee M\u0131sr\u00ee t\u0131pk\u0131 Yunus ve Mevl\u00e2na gibi tasavvuf k\u00fclt\u00fcr\u00fcm\u00fcz\u00fcn nirengi noktalar\u0131ndan. Yunus&#8217;tan d\u00f6rt y\u00fcz y\u0131l sonra gelen bu ermi\u015fin kimli\u011fini, \u00e7evresini ve d\u00fcnyas\u0131n\u0131, Yunus&#8217;un d\u00fcnyas\u0131na<span class=\"excerpt-hellip\"> [\u2026]<\/span><\/p>\n","protected":false},"featured_media":0,"template":"","meta":{"_monsterinsights_skip_tracking":false,"_monsterinsights_sitenote_active":false,"_monsterinsights_sitenote_note":"","_monsterinsights_sitenote_category":0},"product_brand":[],"product_cat":[12718,18102,12719],"product_tag":[],"class_list":{"0":"post-695668","1":"product","2":"type-product","3":"status-publish","5":"product_cat-din","6":"product_cat-edebiyat-roman","7":"product_cat-islam","8":"pa_cilt-ciltsiz","9":"pa_tur-kitap","10":"pa_yayinevi-bilge-kultur-sanat","11":"pa_yazar-emine-isinsu","13":"first","14":"instock","15":"sale","16":"shipping-taxable","17":"purchasable","18":"product-type-simple"},"_links":{"self":[{"href":"https:\/\/roveyayinevi.com.tr\/index.php\/wp-json\/wp\/v2\/product\/695668","targetHints":{"allow":["GET"]}}],"collection":[{"href":"https:\/\/roveyayinevi.com.tr\/index.php\/wp-json\/wp\/v2\/product"}],"about":[{"href":"https:\/\/roveyayinevi.com.tr\/index.php\/wp-json\/wp\/v2\/types\/product"}],"wp:attachment":[{"href":"https:\/\/roveyayinevi.com.tr\/index.php\/wp-json\/wp\/v2\/media?parent=695668"}],"wp:term":[{"taxonomy":"product_brand","embeddable":true,"href":"https:\/\/roveyayinevi.com.tr\/index.php\/wp-json\/wp\/v2\/product_brand?post=695668"},{"taxonomy":"product_cat","embeddable":true,"href":"https:\/\/roveyayinevi.com.tr\/index.php\/wp-json\/wp\/v2\/product_cat?post=695668"},{"taxonomy":"product_tag","embeddable":true,"href":"https:\/\/roveyayinevi.com.tr\/index.php\/wp-json\/wp\/v2\/product_tag?post=695668"}],"curies":[{"name":"wp","href":"https:\/\/api.w.org\/{rel}","templated":true}]}}