{"id":695666,"date":"2025-08-27T14:30:41","date_gmt":"2025-08-27T11:30:41","guid":{"rendered":"https:\/\/roveyayinevi.com.tr\/index.php\/urun\/cumhuriyet-turkusu\/"},"modified":"2026-04-03T02:09:06","modified_gmt":"2026-04-02T23:09:06","slug":"cumhuriyet-turkusu","status":"publish","type":"product","link":"https:\/\/roveyayinevi.com.tr\/index.php\/urun\/cumhuriyet-turkusu\/","title":{"rendered":"Cumhuriyet T\u00fcrk\u00fcs\u00fc"},"content":{"rendered":"<p>1922\u2019nin kolu kanad\u0131 k\u0131r\u0131k Osmanl\u0131 \u0130mparatorlu\u011fu&#8230;T\u00fcrkiye B\u00fcy\u00fck Millet Meclisi kurulal\u0131 bir y\u0131l ge\u00e7mi\u015f&#8230; \u0130stanbul h\u00e2l\u00e2 i\u015fgal alt\u0131nda. Mustafa Kemal ve muhalifleri&#8230; Sakarya\u2019n\u0131n bu muzaffer kumandan\u0131na kar\u015f\u0131 bunca itham neden? O, T\u00fcrk\u00e7\u00fc fikirleri fiiliyata d\u00f6ken bir kumandan de\u011fil midir; o halde?.. Eski Osmanl\u0131 Mutasarr\u0131f\u0131 H\u00fcseyin H\u00fcsn\u00fc Bey\u2019de kristalle\u015fen Osmanl\u0131l\u0131k fikri&#8230; J\u00f6n T\u00fcrkler, \u0130ttihat ve Terakki ve onun muhalifi H\u00fcrriyet ve \u0130tilaf Partisi&#8230; Bir yanda T\u00fcrk\u00e7\u00fcler&#8230; Bir yanda, \u0130ngiliz himayesi ve Amerikan mandas\u0131 taraftarlar\u0131&#8230; Velhas\u0131l zor g\u00fcnler, ac\u0131 g\u00fcnler ya\u015fanmakta; \u00e7\u00f6kmekte olan \u0130mparatorlu\u011fun miras\u0131nda Anadolu, di\u015fi ile t\u0131rna\u011f\u0131 ile, kad\u0131n\u0131 ve erke\u011fi ile son ve kesin ba\u011f\u0131ms\u0131zl\u0131k ve \u00f6zg\u00fcrl\u00fck sava\u015f\u0131na haz\u0131rlan\u0131yor. <\/p>\n","protected":false},"excerpt":{"rendered":"<p>1922\u2019nin kolu kanad\u0131 k\u0131r\u0131k Osmanl\u0131 \u0130mparatorlu\u011fu&#8230;T\u00fcrkiye B\u00fcy\u00fck Millet Meclisi kurulal\u0131 bir y\u0131l ge\u00e7mi\u015f&#8230; \u0130stanbul h\u00e2l\u00e2 i\u015fgal alt\u0131nda. Mustafa Kemal ve muhalifleri&#8230; Sakarya\u2019n\u0131n bu muzaffer kumandan\u0131na kar\u015f\u0131<span class=\"excerpt-hellip\"> [\u2026]<\/span><\/p>\n","protected":false},"featured_media":0,"template":"","meta":{"_monsterinsights_skip_tracking":false,"_monsterinsights_sitenote_active":false,"_monsterinsights_sitenote_note":"","_monsterinsights_sitenote_category":0},"product_brand":[],"product_cat":[12291,12711],"product_tag":[],"class_list":{"0":"post-695666","1":"product","2":"type-product","3":"status-publish","5":"product_cat-edebiyat","6":"product_cat-roman-oyku","7":"pa_cilt-ciltsiz","8":"pa_tur-kitap","9":"pa_yayinevi-bilge-kultur-sanat","10":"pa_yazar-emine-isinsu","12":"first","13":"instock","14":"sale","15":"shipping-taxable","16":"purchasable","17":"product-type-simple"},"_links":{"self":[{"href":"https:\/\/roveyayinevi.com.tr\/index.php\/wp-json\/wp\/v2\/product\/695666","targetHints":{"allow":["GET"]}}],"collection":[{"href":"https:\/\/roveyayinevi.com.tr\/index.php\/wp-json\/wp\/v2\/product"}],"about":[{"href":"https:\/\/roveyayinevi.com.tr\/index.php\/wp-json\/wp\/v2\/types\/product"}],"wp:attachment":[{"href":"https:\/\/roveyayinevi.com.tr\/index.php\/wp-json\/wp\/v2\/media?parent=695666"}],"wp:term":[{"taxonomy":"product_brand","embeddable":true,"href":"https:\/\/roveyayinevi.com.tr\/index.php\/wp-json\/wp\/v2\/product_brand?post=695666"},{"taxonomy":"product_cat","embeddable":true,"href":"https:\/\/roveyayinevi.com.tr\/index.php\/wp-json\/wp\/v2\/product_cat?post=695666"},{"taxonomy":"product_tag","embeddable":true,"href":"https:\/\/roveyayinevi.com.tr\/index.php\/wp-json\/wp\/v2\/product_tag?post=695666"}],"curies":[{"name":"wp","href":"https:\/\/api.w.org\/{rel}","templated":true}]}}