{"id":695663,"date":"2025-08-27T14:30:40","date_gmt":"2025-08-27T11:30:40","guid":{"rendered":"https:\/\/roveyayinevi.com.tr\/index.php\/urun\/beyaz-geceler-3\/"},"modified":"2026-04-16T02:05:42","modified_gmt":"2026-04-15T23:05:42","slug":"beyaz-geceler-3","status":"publish","type":"product","link":"https:\/\/roveyayinevi.com.tr\/index.php\/urun\/beyaz-geceler-3\/","title":{"rendered":"Beyaz Geceler"},"content":{"rendered":"<p>\u00d6yk\u00fcn\u00fcn ba\u015fkahraman\u0131 olan yazar sekiz senedir Petersburg\u2019da ya\u015fayan yaln\u0131z bir adamd\u0131r. Hi\u00e7 arkada\u015f\u0131 yoktur belki ama ne gam, b\u00fct\u00fcn Petersburg onundur nas\u0131lsa. Petersburg\u2019daki insanlar her \u015feyidir onun. Onlar mutluysa o da mutludur, onlar h\u00fcz\u00fcnl\u00fcyse o da h\u00fcz\u00fcnl\u00fcd\u00fcr. Herkesin yazl\u0131klara gidip de sokaklar\u0131n bombo\u015f kald\u0131\u011f\u0131 bir yaz gecesi Nastenka girer hayat\u0131na. Onun gibi yaln\u0131z, h\u00fcz\u00fcnl\u00fc Nastenka&#8230; \u0130lk kez bir kad\u0131na a\u00e7\u0131l\u0131r; yaln\u0131zl\u0131\u011f\u0131n\u0131, nas\u0131l iflah olmaz bir hayalperest oldu\u011funu anlat\u0131r. Nastenka\u2019n\u0131n da ondan pek bir fark\u0131 yoktur asl\u0131nda. Anlatt\u0131klar\u0131n\u0131 dinledikten sonra yazara s\u00f6z verir: Onu asla b\u0131rakmayacakt\u0131r. Sonra ba\u015flar kendi hik\u00e2yesini anlatmaya&#8230; \ufffcTan\u0131t\u0131m Metni<\/p>\n","protected":false},"excerpt":{"rendered":"<p>\u00d6yk\u00fcn\u00fcn ba\u015fkahraman\u0131 olan yazar sekiz senedir Petersburg\u2019da ya\u015fayan yaln\u0131z bir adamd\u0131r. Hi\u00e7 arkada\u015f\u0131 yoktur belki ama ne gam, b\u00fct\u00fcn Petersburg onundur nas\u0131lsa. Petersburg\u2019daki insanlar her \u015feyidir<span class=\"excerpt-hellip\"> [\u2026]<\/span><\/p>\n","protected":false},"featured_media":0,"template":"","meta":{"_monsterinsights_skip_tracking":false,"_monsterinsights_sitenote_active":false,"_monsterinsights_sitenote_note":"","_monsterinsights_sitenote_category":0},"product_brand":[],"product_cat":[12291,13570],"product_tag":[],"class_list":{"0":"post-695663","1":"product","2":"type-product","3":"status-publish","5":"product_cat-edebiyat","6":"product_cat-rus-edebiyati","7":"pa_tur-kitap","8":"pa_yayinevi-bilge-kultur-sanat","9":"pa_yazar-fyodor-mihaylovic-dostoyevski","11":"first","12":"instock","13":"sale","14":"shipping-taxable","15":"purchasable","16":"product-type-simple"},"_links":{"self":[{"href":"https:\/\/roveyayinevi.com.tr\/index.php\/wp-json\/wp\/v2\/product\/695663","targetHints":{"allow":["GET"]}}],"collection":[{"href":"https:\/\/roveyayinevi.com.tr\/index.php\/wp-json\/wp\/v2\/product"}],"about":[{"href":"https:\/\/roveyayinevi.com.tr\/index.php\/wp-json\/wp\/v2\/types\/product"}],"wp:attachment":[{"href":"https:\/\/roveyayinevi.com.tr\/index.php\/wp-json\/wp\/v2\/media?parent=695663"}],"wp:term":[{"taxonomy":"product_brand","embeddable":true,"href":"https:\/\/roveyayinevi.com.tr\/index.php\/wp-json\/wp\/v2\/product_brand?post=695663"},{"taxonomy":"product_cat","embeddable":true,"href":"https:\/\/roveyayinevi.com.tr\/index.php\/wp-json\/wp\/v2\/product_cat?post=695663"},{"taxonomy":"product_tag","embeddable":true,"href":"https:\/\/roveyayinevi.com.tr\/index.php\/wp-json\/wp\/v2\/product_tag?post=695663"}],"curies":[{"name":"wp","href":"https:\/\/api.w.org\/{rel}","templated":true}]}}