{"id":695662,"date":"2025-08-27T14:30:40","date_gmt":"2025-08-27T11:30:40","guid":{"rendered":"https:\/\/roveyayinevi.com.tr\/index.php\/urun\/beyaz-dis-7\/"},"modified":"2026-04-16T02:05:42","modified_gmt":"2026-04-15T23:05:42","slug":"beyaz-dis-7","status":"publish","type":"product","link":"https:\/\/roveyayinevi.com.tr\/index.php\/urun\/beyaz-dis-7\/","title":{"rendered":"Beyaz Di\u015f"},"content":{"rendered":"<p>Ma\u011faras\u0131n\u0131n g\u00fcvenli duvarlar\u0131 ard\u0131ndaki u\u00e7suz bucaks\u0131z d\u00fcnya ile daha minik bir yavruyken tan\u0131\u015f\u0131r Beyaz Di\u015f, a\u00e7l\u0131kla ilk imtihan\u0131nda \u00f6\u011frenir et yasas\u0131n\u0131&#8230; Derken insanla tan\u0131\u015f\u0131r, onu efendisi -tanr\u0131s\u0131- bilip vah\u015fi ya\u015fama s\u0131rt \u00e7evirir ve \u00f6zg\u00fcrl\u00fck yerine esareti se\u00e7er. Bundan sonra da h\u0131r\u00e7\u0131n, yaln\u0131z, sevgiden yoksun ve kendi t\u00fcr\u00fcne d\u00fc\u015fman bir hayvan olana dek yo\u011frulur hamuru. Ta ki sevgi dolu bir tanr\u0131 sayesinde iyili\u011fin, sevginin g\u00fcc\u00fcn\u00fc ve kendini ke\u015ffedene dek. <\/p>\n","protected":false},"excerpt":{"rendered":"<p>Ma\u011faras\u0131n\u0131n g\u00fcvenli duvarlar\u0131 ard\u0131ndaki u\u00e7suz bucaks\u0131z d\u00fcnya ile daha minik bir yavruyken tan\u0131\u015f\u0131r Beyaz Di\u015f, a\u00e7l\u0131kla ilk imtihan\u0131nda \u00f6\u011frenir et yasas\u0131n\u0131&#8230; Derken insanla tan\u0131\u015f\u0131r, onu efendisi<span class=\"excerpt-hellip\"> [\u2026]<\/span><\/p>\n","protected":false},"featured_media":0,"template":"","meta":{"_monsterinsights_skip_tracking":false,"_monsterinsights_sitenote_active":false,"_monsterinsights_sitenote_note":"","_monsterinsights_sitenote_category":0},"product_brand":[],"product_cat":[12891,12291],"product_tag":[],"class_list":{"0":"post-695662","1":"product","2":"type-product","3":"status-publish","5":"product_cat-amerikan-edebiyati","6":"product_cat-edebiyat","7":"pa_cilt-ciltsiz","8":"pa_tur-kitap","9":"pa_yayinevi-bilge-kultur-sanat","10":"pa_yazar-jack-london","12":"first","13":"instock","14":"sale","15":"shipping-taxable","16":"purchasable","17":"product-type-simple"},"_links":{"self":[{"href":"https:\/\/roveyayinevi.com.tr\/index.php\/wp-json\/wp\/v2\/product\/695662","targetHints":{"allow":["GET"]}}],"collection":[{"href":"https:\/\/roveyayinevi.com.tr\/index.php\/wp-json\/wp\/v2\/product"}],"about":[{"href":"https:\/\/roveyayinevi.com.tr\/index.php\/wp-json\/wp\/v2\/types\/product"}],"wp:attachment":[{"href":"https:\/\/roveyayinevi.com.tr\/index.php\/wp-json\/wp\/v2\/media?parent=695662"}],"wp:term":[{"taxonomy":"product_brand","embeddable":true,"href":"https:\/\/roveyayinevi.com.tr\/index.php\/wp-json\/wp\/v2\/product_brand?post=695662"},{"taxonomy":"product_cat","embeddable":true,"href":"https:\/\/roveyayinevi.com.tr\/index.php\/wp-json\/wp\/v2\/product_cat?post=695662"},{"taxonomy":"product_tag","embeddable":true,"href":"https:\/\/roveyayinevi.com.tr\/index.php\/wp-json\/wp\/v2\/product_tag?post=695662"}],"curies":[{"name":"wp","href":"https:\/\/api.w.org\/{rel}","templated":true}]}}