{"id":695660,"date":"2025-08-27T14:30:39","date_gmt":"2025-08-27T11:30:39","guid":{"rendered":"https:\/\/roveyayinevi.com.tr\/index.php\/urun\/bosnaklarin-turkiyeye-gocleri-1878-1934\/"},"modified":"2026-04-16T02:05:42","modified_gmt":"2026-04-15T23:05:42","slug":"bosnaklarin-turkiyeye-gocleri-1878-1934","status":"publish","type":"product","link":"https:\/\/roveyayinevi.com.tr\/index.php\/urun\/bosnaklarin-turkiyeye-gocleri-1878-1934\/","title":{"rendered":"Bo\u015fnaklar\u0131n T\u00fcrkiye\u2019ye G\u00f6\u00e7leri 1878 -1934"},"content":{"rendered":"<p>T\u00fcrkiye, 1683-1699 y\u0131llar\u0131 aras\u0131ndaki Osmanl\u0131-Almanya sava\u015f\u0131ndan sonra, bir\u00e7ok kavmin ve bir\u00e7ok insan\u0131n s\u0131\u011f\u0131na\u011f\u0131 ve vatan\u0131 olmu\u015ftur. Bu T\u00fcrkiye, 1800\u2019lerden sonra, kitleler h\u00e2linde vatanlar\u0131ndan ka\u00e7mak mecburiyetinde b\u0131rak\u0131lan binlerce Bo\u015fnak\u2019\u0131n da yaralar\u0131n\u0131 saran ve onlarca ger\u00e7ek vatan olan bir \u00fclke olabilmi\u015ftir. \u00d6zellikle Osmanl\u0131-Rus sava\u015f\u0131ndan sonra olu\u015fturulan Berlin Kongresi\u2019nin kararlar\u0131 uyar\u0131nca, Bosna ve Hersek\u2019in Avusturya taraf\u0131ndan i\u015fg\u00e2li, b\u00fcy\u00fck bir korku ve karma\u015faya sebep olmu\u015f ve insanlar as\u0131rl\u0131k ana yurtlar\u0131n\u0131 terk etmek zorunda kalm\u0131\u015flard\u0131r. <\/p>\n","protected":false},"excerpt":{"rendered":"<p>T\u00fcrkiye, 1683-1699 y\u0131llar\u0131 aras\u0131ndaki Osmanl\u0131-Almanya sava\u015f\u0131ndan sonra, bir\u00e7ok kavmin ve bir\u00e7ok insan\u0131n s\u0131\u011f\u0131na\u011f\u0131 ve vatan\u0131 olmu\u015ftur. Bu T\u00fcrkiye, 1800\u2019lerden sonra, kitleler h\u00e2linde vatanlar\u0131ndan ka\u00e7mak mecburiyetinde b\u0131rak\u0131lan<span class=\"excerpt-hellip\"> [\u2026]<\/span><\/p>\n","protected":false},"featured_media":0,"template":"","meta":{"_monsterinsights_skip_tracking":false,"_monsterinsights_sitenote_active":false,"_monsterinsights_sitenote_note":"","_monsterinsights_sitenote_category":0},"product_brand":[],"product_cat":[12370,12304],"product_tag":[],"class_list":{"0":"post-695660","1":"product","2":"type-product","3":"status-publish","5":"product_cat-arastirma-inceleme","6":"product_cat-tarih","7":"pa_tur-kitap","8":"pa_yayinevi-bilge-kultur-sanat","9":"pa_yazar-fahriye-emgili","11":"first","12":"instock","13":"sale","14":"shipping-taxable","15":"purchasable","16":"product-type-simple"},"_links":{"self":[{"href":"https:\/\/roveyayinevi.com.tr\/index.php\/wp-json\/wp\/v2\/product\/695660","targetHints":{"allow":["GET"]}}],"collection":[{"href":"https:\/\/roveyayinevi.com.tr\/index.php\/wp-json\/wp\/v2\/product"}],"about":[{"href":"https:\/\/roveyayinevi.com.tr\/index.php\/wp-json\/wp\/v2\/types\/product"}],"wp:attachment":[{"href":"https:\/\/roveyayinevi.com.tr\/index.php\/wp-json\/wp\/v2\/media?parent=695660"}],"wp:term":[{"taxonomy":"product_brand","embeddable":true,"href":"https:\/\/roveyayinevi.com.tr\/index.php\/wp-json\/wp\/v2\/product_brand?post=695660"},{"taxonomy":"product_cat","embeddable":true,"href":"https:\/\/roveyayinevi.com.tr\/index.php\/wp-json\/wp\/v2\/product_cat?post=695660"},{"taxonomy":"product_tag","embeddable":true,"href":"https:\/\/roveyayinevi.com.tr\/index.php\/wp-json\/wp\/v2\/product_tag?post=695660"}],"curies":[{"name":"wp","href":"https:\/\/api.w.org\/{rel}","templated":true}]}}