{"id":695658,"date":"2025-08-27T14:30:39","date_gmt":"2025-08-27T11:30:39","guid":{"rendered":"https:\/\/roveyayinevi.com.tr\/index.php\/urun\/azap-topraklari\/"},"modified":"2026-04-11T02:06:55","modified_gmt":"2026-04-10T23:06:55","slug":"azap-topraklari","status":"publish","type":"product","link":"https:\/\/roveyayinevi.com.tr\/index.php\/urun\/azap-topraklari\/","title":{"rendered":"Azap Topraklar\u0131"},"content":{"rendered":"<p>Bat\u0131 Trakya T\u00fcrkleri \u00fczerinde zaman zaman ter\u00f6re d\u00f6n\u00fc\u015fen Yunan bask\u0131s\u0131&#8230; Roman 1969\u2019da yaz\u0131lm\u0131\u015ft\u0131r ama onlar\u0131n hayatlar\u0131n\u0131 ve siyas\u00ee atmosferi ne ge\u00e7en y\u0131llar ne de Avrupa Birli\u011fi de\u011fi\u015ftirebilmi\u015ftir. Anlatan da anlat\u0131lan da o azap topraklar\u0131 \u00fczerinde ya\u015fayan insanlard\u0131r. <\/p>\n","protected":false},"excerpt":{"rendered":"<p>Bat\u0131 Trakya T\u00fcrkleri \u00fczerinde zaman zaman ter\u00f6re d\u00f6n\u00fc\u015fen Yunan bask\u0131s\u0131&#8230; Roman 1969\u2019da yaz\u0131lm\u0131\u015ft\u0131r ama onlar\u0131n hayatlar\u0131n\u0131 ve siyas\u00ee atmosferi ne ge\u00e7en y\u0131llar ne de Avrupa Birli\u011fi<span class=\"excerpt-hellip\"> [\u2026]<\/span><\/p>\n","protected":false},"featured_media":0,"template":"","meta":{"_monsterinsights_skip_tracking":false,"_monsterinsights_sitenote_active":false,"_monsterinsights_sitenote_note":"","_monsterinsights_sitenote_category":0},"product_brand":[],"product_cat":[12291,12292],"product_tag":[],"class_list":{"0":"post-695658","1":"product","2":"type-product","3":"status-publish","5":"product_cat-edebiyat","6":"product_cat-turk-edebiyati","7":"pa_cilt-ciltsiz","8":"pa_tur-kitap","9":"pa_yayinevi-bilge-kultur-sanat","10":"pa_yazar-emine-isinsu","12":"first","13":"instock","14":"sale","15":"shipping-taxable","16":"purchasable","17":"product-type-simple"},"_links":{"self":[{"href":"https:\/\/roveyayinevi.com.tr\/index.php\/wp-json\/wp\/v2\/product\/695658","targetHints":{"allow":["GET"]}}],"collection":[{"href":"https:\/\/roveyayinevi.com.tr\/index.php\/wp-json\/wp\/v2\/product"}],"about":[{"href":"https:\/\/roveyayinevi.com.tr\/index.php\/wp-json\/wp\/v2\/types\/product"}],"wp:attachment":[{"href":"https:\/\/roveyayinevi.com.tr\/index.php\/wp-json\/wp\/v2\/media?parent=695658"}],"wp:term":[{"taxonomy":"product_brand","embeddable":true,"href":"https:\/\/roveyayinevi.com.tr\/index.php\/wp-json\/wp\/v2\/product_brand?post=695658"},{"taxonomy":"product_cat","embeddable":true,"href":"https:\/\/roveyayinevi.com.tr\/index.php\/wp-json\/wp\/v2\/product_cat?post=695658"},{"taxonomy":"product_tag","embeddable":true,"href":"https:\/\/roveyayinevi.com.tr\/index.php\/wp-json\/wp\/v2\/product_tag?post=695658"}],"curies":[{"name":"wp","href":"https:\/\/api.w.org\/{rel}","templated":true}]}}