{"id":695656,"date":"2025-08-27T14:30:38","date_gmt":"2025-08-27T11:30:38","guid":{"rendered":"https:\/\/roveyayinevi.com.tr\/index.php\/urun\/at-terbiyesi\/"},"modified":"2026-04-16T02:05:42","modified_gmt":"2026-04-15T23:05:42","slug":"at-terbiyesi","status":"publish","type":"product","link":"https:\/\/roveyayinevi.com.tr\/index.php\/urun\/at-terbiyesi\/","title":{"rendered":"At Terbiyesi"},"content":{"rendered":"<p>Klasik binicilik sanat\u0131 at\u0131n, do\u011fal hareketlerinin ve davran\u0131\u015f bi\u00e7imlerinin binicinin alt\u0131nda m\u00fckemmeliyete ula\u015ft\u0131r\u0131lmas\u0131d\u0131r. Bu kitap at\u0131n, ilk a\u015famadan ba\u015flay\u0131p havada yap\u0131lan hareketlere kadar b\u00fct\u00fcn e\u011fitimini anlatmaktad\u0131r.\u00b7 Dresaj at\u0131nda ve binicide olmas\u0131 gereken \u00f6zellikler\u00b7 Dresaj at\u0131n\u0131n temel e\u011fitimi\u00b7 Geli\u015fmi\u015f ve derinlemesine e\u011fitim\u00b7 Y\u00fcksek Binicilik OkuluStefan Radtke, hassas ve kaba kuvvetten uzak e\u011fitim metoduyla klasik binicilik dal\u0131nda en \u00e7ok aranan e\u011fiticilerden biridir. \u00d6\u011frencileri aras\u0131nda Bavyera dresaj kadrosunun elemanlar\u0131 ve \u00fclke ve Avrupa \u015fampiyonalar\u0131na kat\u0131lan biniciler vard\u0131r. Yazar ayr\u0131ca Fransa, Kanada, Letonya, \u0130spanya ve \u0130svi\u00e7re\u2019de kurs vermektedir.Landfrieden \u00c7iftli\u011fi\u2019nde, Alman Binicilik Okulu\u2019nda Ludo Konings ve G\u00fcnther Fritz\u2019in yan\u0131nda e\u011fitim g\u00f6rd\u00fc. Bug\u00fcn h\u00e2l\u00e2, Viyana\u2019daki \u0130spanyol Binicilik Okulu ba\u015f terbiyecisi Arthur Kottas-Heldenberg\u2019in \u00f6\u011frencisidir. K\u00f6ln \u00dcniversitesi\u2019ndeki spor e\u011fitiminden sonra Alman Binicilik Okulu\u2019nda e\u011fitimine devam etti.<\/p>\n","protected":false},"excerpt":{"rendered":"<p>Klasik binicilik sanat\u0131 at\u0131n, do\u011fal hareketlerinin ve davran\u0131\u015f bi\u00e7imlerinin binicinin alt\u0131nda m\u00fckemmeliyete ula\u015ft\u0131r\u0131lmas\u0131d\u0131r. Bu kitap at\u0131n, ilk a\u015famadan ba\u015flay\u0131p havada yap\u0131lan hareketlere kadar b\u00fct\u00fcn e\u011fitimini anlatmaktad\u0131r.\u00b7<span class=\"excerpt-hellip\"> [\u2026]<\/span><\/p>\n","protected":false},"featured_media":0,"template":"","meta":{"_monsterinsights_skip_tracking":false,"_monsterinsights_sitenote_active":false,"_monsterinsights_sitenote_note":"","_monsterinsights_sitenote_category":0},"product_brand":[],"product_cat":[13772,12364],"product_tag":[],"class_list":{"0":"post-695656","1":"product","2":"type-product","3":"status-publish","5":"product_cat-basvuru-kitaplari","6":"product_cat-genel-konular","7":"pa_cilt-ciltsiz","8":"pa_tur-kitap","9":"pa_yayinevi-bilge-kultur-sanat","10":"pa_yazar-stefan-m-radtke","12":"first","13":"instock","14":"sale","15":"shipping-taxable","16":"purchasable","17":"product-type-simple"},"_links":{"self":[{"href":"https:\/\/roveyayinevi.com.tr\/index.php\/wp-json\/wp\/v2\/product\/695656","targetHints":{"allow":["GET"]}}],"collection":[{"href":"https:\/\/roveyayinevi.com.tr\/index.php\/wp-json\/wp\/v2\/product"}],"about":[{"href":"https:\/\/roveyayinevi.com.tr\/index.php\/wp-json\/wp\/v2\/types\/product"}],"wp:attachment":[{"href":"https:\/\/roveyayinevi.com.tr\/index.php\/wp-json\/wp\/v2\/media?parent=695656"}],"wp:term":[{"taxonomy":"product_brand","embeddable":true,"href":"https:\/\/roveyayinevi.com.tr\/index.php\/wp-json\/wp\/v2\/product_brand?post=695656"},{"taxonomy":"product_cat","embeddable":true,"href":"https:\/\/roveyayinevi.com.tr\/index.php\/wp-json\/wp\/v2\/product_cat?post=695656"},{"taxonomy":"product_tag","embeddable":true,"href":"https:\/\/roveyayinevi.com.tr\/index.php\/wp-json\/wp\/v2\/product_tag?post=695656"}],"curies":[{"name":"wp","href":"https:\/\/api.w.org\/{rel}","templated":true}]}}