{"id":695655,"date":"2025-08-27T14:30:38","date_gmt":"2025-08-27T11:30:38","guid":{"rendered":"https:\/\/roveyayinevi.com.tr\/index.php\/urun\/araba-sevdasi-4\/"},"modified":"2026-04-16T02:05:42","modified_gmt":"2026-04-15T23:05:42","slug":"araba-sevdasi-4","status":"publish","type":"product","link":"https:\/\/roveyayinevi.com.tr\/index.php\/urun\/araba-sevdasi-4\/","title":{"rendered":"Araba Sevdas\u0131"},"content":{"rendered":"<p>Araba Sevdas\u0131 her ne kadar yazar\u0131 Rec\u00e2iz\u00e2de Mahmut Ekrem taraf\u0131ndan e\u011flenmek i\u00e7in yaz\u0131ld\u0131\u011f\u0131 s\u00f6ylense de Tanzimat devrinde yeti\u015fen alafranga tiplerle alay etmek i\u00e7in yaz\u0131lm\u0131\u015ft\u0131r. \u0130lk olarak 1895 y\u0131l\u0131nda resimli olarak Servet-i F\u00fcnun dergisinde tefrika edilmi\u015f ve bu tefrika Ressam Halil Pa\u015fa taraf\u0131ndan resimlendirilmi\u015ftir. Bu roman, Bihruz Bey\u2018in Perive\u015f Han\u0131m\u2019a olan a\u015fk\u0131n\u0131 anlat\u0131yor g\u00f6r\u00fcnse de asl\u0131nda o d\u00f6nemin toplumu ile ilgili \u00f6nemli ele\u015ftiriler yapmakta ve \u00f6zellikle gen\u00e7leri etkileyen Bat\u0131 etkisinin olumsuz sonu\u00e7lar\u0131n\u0131 ele almaktad\u0131r. Bihruz Bey\u2019in Perive\u015f\u2019e yazmaya \u00e7al\u0131\u015ft\u0131\u011f\u0131 mektuplar ve bu y\u00fczden d\u00fc\u015ft\u00fc\u011f\u00fc komik durumlar asl\u0131nda yazar\u0131n da dedi\u011fi gibi \u201chazin bir hik\u00e2ye\u201ddir.<\/p>\n","protected":false},"excerpt":{"rendered":"<p>Araba Sevdas\u0131 her ne kadar yazar\u0131 Rec\u00e2iz\u00e2de Mahmut Ekrem taraf\u0131ndan e\u011flenmek i\u00e7in yaz\u0131ld\u0131\u011f\u0131 s\u00f6ylense de Tanzimat devrinde yeti\u015fen alafranga tiplerle alay etmek i\u00e7in yaz\u0131lm\u0131\u015ft\u0131r. \u0130lk olarak<span class=\"excerpt-hellip\"> [\u2026]<\/span><\/p>\n","protected":false},"featured_media":0,"template":"","meta":{"_monsterinsights_skip_tracking":false,"_monsterinsights_sitenote_active":false,"_monsterinsights_sitenote_note":"","_monsterinsights_sitenote_category":0},"product_brand":[],"product_cat":[12291,12292],"product_tag":[],"class_list":{"0":"post-695655","1":"product","2":"type-product","3":"status-publish","5":"product_cat-edebiyat","6":"product_cat-turk-edebiyati","7":"pa_cilt-ciltsiz","8":"pa_tur-kitap","9":"pa_yayinevi-bilge-kultur-sanat","10":"pa_yazar-recaizade-mahmut-ekrem","12":"first","13":"instock","14":"sale","15":"shipping-taxable","16":"purchasable","17":"product-type-simple"},"_links":{"self":[{"href":"https:\/\/roveyayinevi.com.tr\/index.php\/wp-json\/wp\/v2\/product\/695655","targetHints":{"allow":["GET"]}}],"collection":[{"href":"https:\/\/roveyayinevi.com.tr\/index.php\/wp-json\/wp\/v2\/product"}],"about":[{"href":"https:\/\/roveyayinevi.com.tr\/index.php\/wp-json\/wp\/v2\/types\/product"}],"wp:attachment":[{"href":"https:\/\/roveyayinevi.com.tr\/index.php\/wp-json\/wp\/v2\/media?parent=695655"}],"wp:term":[{"taxonomy":"product_brand","embeddable":true,"href":"https:\/\/roveyayinevi.com.tr\/index.php\/wp-json\/wp\/v2\/product_brand?post=695655"},{"taxonomy":"product_cat","embeddable":true,"href":"https:\/\/roveyayinevi.com.tr\/index.php\/wp-json\/wp\/v2\/product_cat?post=695655"},{"taxonomy":"product_tag","embeddable":true,"href":"https:\/\/roveyayinevi.com.tr\/index.php\/wp-json\/wp\/v2\/product_tag?post=695655"}],"curies":[{"name":"wp","href":"https:\/\/api.w.org\/{rel}","templated":true}]}}