{"id":695654,"date":"2025-08-27T14:30:38","date_gmt":"2025-08-27T11:30:38","guid":{"rendered":"https:\/\/roveyayinevi.com.tr\/index.php\/urun\/kadin-olmak\/"},"modified":"2026-04-16T02:05:42","modified_gmt":"2026-04-15T23:05:42","slug":"kadin-olmak","status":"publish","type":"product","link":"https:\/\/roveyayinevi.com.tr\/index.php\/urun\/kadin-olmak\/","title":{"rendered":"Kad\u0131n Olmak"},"content":{"rendered":"<p>Zeynep Oral, d\u00fcnya kad\u0131nlar\u0131n\u0131n ayr\u0131mc\u0131l\u0131\u011fa kar\u015f\u0131 geli\u015ftirdi\u011fi evrenselkad\u0131n dayan\u0131\u015fmas\u0131n\u0131 T\u00fcrkiye\u2019ye yans\u0131tan ilk gazeteciydi ve T\u00fcrkiye\u2019de \u00e7a\u011fda\u015f feminist hareketin ilk k\u0131v\u0131lc\u0131m\u0131n\u0131 \u00e7akt\u0131. Kad\u0131n Olmak, haklar\u0131n\u0131 arayan kad\u0131nlar\u0131n ba\u015fucu kitab\u0131na d\u00f6n\u00fc\u015ft\u00fc. \ufffc<\/p>\n","protected":false},"excerpt":{"rendered":"<p>Zeynep Oral, d\u00fcnya kad\u0131nlar\u0131n\u0131n ayr\u0131mc\u0131l\u0131\u011fa kar\u015f\u0131 geli\u015ftirdi\u011fi evrenselkad\u0131n dayan\u0131\u015fmas\u0131n\u0131 T\u00fcrkiye\u2019ye yans\u0131tan ilk gazeteciydi ve T\u00fcrkiye\u2019de \u00e7a\u011fda\u015f feminist hareketin ilk k\u0131v\u0131lc\u0131m\u0131n\u0131 \u00e7akt\u0131. Kad\u0131n Olmak, haklar\u0131n\u0131 arayan kad\u0131nlar\u0131n<span class=\"excerpt-hellip\"> [\u2026]<\/span><\/p>\n","protected":false},"featured_media":0,"template":"","meta":{"_monsterinsights_skip_tracking":false,"_monsterinsights_sitenote_active":false,"_monsterinsights_sitenote_note":"","_monsterinsights_sitenote_category":0},"product_brand":[],"product_cat":[13059,12337],"product_tag":[],"class_list":{"0":"post-695654","1":"product","2":"type-product","3":"status-publish","5":"product_cat-diger-politika-siyaset","6":"product_cat-politika-siyaset","7":"pa_cilt-ciltsiz","8":"pa_tur-kitap","9":"pa_yayinevi-cumhuriyet-kitaplari","10":"pa_yazar-zeynep-oral","12":"first","13":"instock","14":"sale","15":"shipping-taxable","16":"purchasable","17":"product-type-simple"},"_links":{"self":[{"href":"https:\/\/roveyayinevi.com.tr\/index.php\/wp-json\/wp\/v2\/product\/695654","targetHints":{"allow":["GET"]}}],"collection":[{"href":"https:\/\/roveyayinevi.com.tr\/index.php\/wp-json\/wp\/v2\/product"}],"about":[{"href":"https:\/\/roveyayinevi.com.tr\/index.php\/wp-json\/wp\/v2\/types\/product"}],"wp:attachment":[{"href":"https:\/\/roveyayinevi.com.tr\/index.php\/wp-json\/wp\/v2\/media?parent=695654"}],"wp:term":[{"taxonomy":"product_brand","embeddable":true,"href":"https:\/\/roveyayinevi.com.tr\/index.php\/wp-json\/wp\/v2\/product_brand?post=695654"},{"taxonomy":"product_cat","embeddable":true,"href":"https:\/\/roveyayinevi.com.tr\/index.php\/wp-json\/wp\/v2\/product_cat?post=695654"},{"taxonomy":"product_tag","embeddable":true,"href":"https:\/\/roveyayinevi.com.tr\/index.php\/wp-json\/wp\/v2\/product_tag?post=695654"}],"curies":[{"name":"wp","href":"https:\/\/api.w.org\/{rel}","templated":true}]}}