{"id":695653,"date":"2025-08-27T14:30:38","date_gmt":"2025-08-27T11:30:38","guid":{"rendered":"https:\/\/roveyayinevi.com.tr\/index.php\/urun\/aptal-hamdi-avustralyada\/"},"modified":"2026-04-16T02:05:42","modified_gmt":"2026-04-15T23:05:42","slug":"aptal-hamdi-avustralyada","status":"publish","type":"product","link":"https:\/\/roveyayinevi.com.tr\/index.php\/urun\/aptal-hamdi-avustralyada\/","title":{"rendered":"Aptal Hamdi Avustralya\u2019da"},"content":{"rendered":"<p>Aptal Hamdi\u2019yle tan\u0131\u015ft\u0131n\u0131z m\u0131? Aptal dedi\u011fimize bakmay\u0131n, ak\u0131ll\u0131 m\u0131 ak\u0131ll\u0131, cin gibi bir \u00e7ocuk asl\u0131nda. Ama o kendisine aptal denmesini istiyor. Bir g\u00fcn M\u00fcjdat Gezen a\u011fabeyinin kap\u0131s\u0131n\u0131 \u00e7al\u0131yor, Hamdi. Ve o p\u0131r\u0131l p\u0131r\u0131l zekas\u0131yla kalbini an\u0131nda fethedip dostlu\u011funu kazan\u0131yor. Koskoca adamla k\u00fc\u00e7\u00fcc\u00fck \u00e7ocuk nas\u0131l dost olurmu\u015f demeyin. <\/p>\n","protected":false},"excerpt":{"rendered":"<p>Aptal Hamdi\u2019yle tan\u0131\u015ft\u0131n\u0131z m\u0131? Aptal dedi\u011fimize bakmay\u0131n, ak\u0131ll\u0131 m\u0131 ak\u0131ll\u0131, cin gibi bir \u00e7ocuk asl\u0131nda. Ama o kendisine aptal denmesini istiyor. Bir g\u00fcn M\u00fcjdat Gezen a\u011fabeyinin<span class=\"excerpt-hellip\"> [\u2026]<\/span><\/p>\n","protected":false},"featured_media":0,"template":"","meta":{"_monsterinsights_skip_tracking":false,"_monsterinsights_sitenote_active":false,"_monsterinsights_sitenote_note":"","_monsterinsights_sitenote_category":0},"product_brand":[],"product_cat":[12274,12284],"product_tag":[],"class_list":{"0":"post-695653","1":"product","2":"type-product","3":"status-publish","5":"product_cat-cocuk-ve-genclik-kitaplari","6":"product_cat-hikayeler","7":"pa_tur-kitap","8":"pa_yayinevi-bilge-kultur-sanat","9":"pa_yazar-mujdat-gezen","11":"first","12":"instock","13":"sale","14":"shipping-taxable","15":"purchasable","16":"product-type-simple"},"_links":{"self":[{"href":"https:\/\/roveyayinevi.com.tr\/index.php\/wp-json\/wp\/v2\/product\/695653","targetHints":{"allow":["GET"]}}],"collection":[{"href":"https:\/\/roveyayinevi.com.tr\/index.php\/wp-json\/wp\/v2\/product"}],"about":[{"href":"https:\/\/roveyayinevi.com.tr\/index.php\/wp-json\/wp\/v2\/types\/product"}],"wp:attachment":[{"href":"https:\/\/roveyayinevi.com.tr\/index.php\/wp-json\/wp\/v2\/media?parent=695653"}],"wp:term":[{"taxonomy":"product_brand","embeddable":true,"href":"https:\/\/roveyayinevi.com.tr\/index.php\/wp-json\/wp\/v2\/product_brand?post=695653"},{"taxonomy":"product_cat","embeddable":true,"href":"https:\/\/roveyayinevi.com.tr\/index.php\/wp-json\/wp\/v2\/product_cat?post=695653"},{"taxonomy":"product_tag","embeddable":true,"href":"https:\/\/roveyayinevi.com.tr\/index.php\/wp-json\/wp\/v2\/product_tag?post=695653"}],"curies":[{"name":"wp","href":"https:\/\/api.w.org\/{rel}","templated":true}]}}