{"id":695651,"date":"2025-08-27T14:30:37","date_gmt":"2025-08-27T11:30:37","guid":{"rendered":"https:\/\/roveyayinevi.com.tr\/index.php\/urun\/ahmet-kutsi-tecer-butun-siirleri\/"},"modified":"2026-04-08T02:07:50","modified_gmt":"2026-04-07T23:07:50","slug":"ahmet-kutsi-tecer-butun-siirleri","status":"publish","type":"product","link":"https:\/\/roveyayinevi.com.tr\/index.php\/urun\/ahmet-kutsi-tecer-butun-siirleri\/","title":{"rendered":"Ahmet Kutsi Tecer B\u00fct\u00fcn \u015eiirleri"},"content":{"rendered":"<p>Ahmet Kutsi TECER, 4 Eyl\u00fcl 1901\u2019de Kud\u00fcs\u2019te do\u011fdu. 1922\u2019de  Halkal\u0131 Y\u00fcksek Ziraat Okulu\u2019nu bitirdikten sonra Paris\u2019e gitti. Sorbonne \u00dcniversitesi\u2019nde \u00f6\u011frenimini s\u00fcrd\u00fcr\u00fcrken Paris Ulusal K\u00fct\u00fcphanesi\u2019ndeki eski T\u00fcrk yazmalar\u0131 ve \u00f6zellikle Karacao\u011flan \u00fcst\u00fcne yeni belgeler bulmu\u015ftur. Bu \u00e7al\u0131\u015fmalar ile dikkatleri \u00fczerine \u00e7eken gen\u00e7 Ahmet Kutsi, \u0130stanbul \u00dcniversitesi Edebiyat Fak\u00fcltesi Felsefe B\u00f6l\u00fcm\u00fcn\u00fc bitirerek \u00f6\u011frenimini tamamlam\u0131\u015ft\u0131r.     \u00d6\u011fretmenlik ya\u015fam\u0131na Ankara Gazi Lisesi\u2019nde ba\u015flayan Tecer, 1930 y\u0131l\u0131nda Sivas Lisesi\u2019ne atand\u0131. Sivas\u2019ta halkla yak\u0131n ili\u015fki i\u00e7ine girerek ilk Halk \u015eairleri Derne\u011fini kurdu ve \u00fclkemizde ilk kez bir Halk \u015eairleri Bayram\u0131 d\u00fczenledi, \u00c2\u015f\u0131k Veysel, Ali \u0130zzet, Talibi gibi halk ozanlar\u0131, bu bayramla tan\u0131nd\u0131lar. 1934\u2019te soyad\u0131 yasas\u0131 \u00e7\u0131k\u0131nca y\u00f6reye duydu\u011fu sevgiden dolay\u0131 TECER soyad\u0131n\u0131 ald\u0131. 1934\u2019ten ba\u015flayarak Y\u00fcksek \u00d6\u011fretim Genel M\u00fcd\u00fcr\u00fc, Gazi E\u011fitim Enstit\u00fcs\u00fc (\u015fimdiki Gazi \u00dcniversitesi) edebiyat \u00f6\u011fretmeni g\u00f6revlerinde bulundu. Ankara Devlet Konservatuvar\u0131 Halk M\u00fczi\u011fi B\u00f6l\u00fcm\u00fcn\u00fc geli\u015ftirdi; Muzaffer Sar\u0131s\u00f6zen\u2019i oraya atayarak ilk ar\u015fiv \u00e7al\u0131\u015fmalar\u0131na \u00f6nc\u00fcl\u00fck etti. \u00d6nce Olu\u015f Dergisi\u2019ni \u00e7\u0131karan Tecer, 1941-1946 y\u0131llar\u0131 aras\u0131nda \u00dclk\u00fc Dergisi\u2019ni y\u00f6netti ve bu dergi ile Cumhuriyet\u2019in gen\u00e7 edebiyat\u00e7\u0131lar ku\u015fa\u011f\u0131na \u0131\u015f\u0131k tuttu. 1942-1946 y\u0131llar\u0131 aras\u0131nda Seyhan ve Urfa milletvekilliklerinde bulundu.      1949\u2019da Paris\u2019te UNESCO daimi delegesi, k\u00fclt\u00fcr ata\u015fesi ve \u00f6\u011frenci m\u00fcfetti\u015fi g\u00f6revlerinden sonra 1951\u2019de yurda d\u00f6nerek \u0130stanbul\u2019a yerle\u015fti. Uzun y\u0131llar, Galatasaray Lisesi\u2019nde edebiyat dersleri verdi. G\u00fczel Sanatlar Akademisi\u2019nde estetik dersleri verirken emekli oldu. Bir y\u0131l sonra, 23 Temmuz 1967\u2019de \u0130stanbul\u2019da \u00f6ld\u00fc. K\u00f6yl\u00fc Temsilleri adl\u0131 \u00f6nemli bir ara\u015ft\u0131rmas\u0131, \u00e7e\u015fitli dergi ve gazetelerde yay\u0131nlanm\u0131\u015f geleneksel T\u00fcrk tiyatrosu \u00fczerine makaleleri, denemeleri vard\u0131r. Oynanm\u0131\u015f oyunlar\u0131: Yaz\u0131lan Bozulmaz (1947), K\u00f6\u015feba\u015f\u0131 (1947), Ko\u00e7yi\u011fit K\u00f6ro\u011flu (1949), Bir Pazar G\u00fcn\u00fc (1959), Sat\u0131l\u0131k Ev (1960). \u0130lk \u015fiirlerini 1932 y\u0131l\u0131nda Sivas\u2019ta \u015eiirler ad\u0131yla yay\u0131nlayan TECER\u2019in t\u00fcm \u015fiirleri, bu kitapta kendi d\u00fczenlemesine ba\u011fl\u0131 kal\u0131narak sunulmaktad\u0131r.<\/p>\n","protected":false},"excerpt":{"rendered":"<p>Ahmet Kutsi TECER, 4 Eyl\u00fcl 1901\u2019de Kud\u00fcs\u2019te do\u011fdu. 1922\u2019de Halkal\u0131 Y\u00fcksek Ziraat Okulu\u2019nu bitirdikten sonra Paris\u2019e gitti. Sorbonne \u00dcniversitesi\u2019nde \u00f6\u011frenimini s\u00fcrd\u00fcr\u00fcrken Paris Ulusal K\u00fct\u00fcphanesi\u2019ndeki eski T\u00fcrk<span class=\"excerpt-hellip\"> [\u2026]<\/span><\/p>\n","protected":false},"featured_media":0,"template":"","meta":{"_monsterinsights_skip_tracking":false,"_monsterinsights_sitenote_active":false,"_monsterinsights_sitenote_note":"","_monsterinsights_sitenote_category":0},"product_brand":[],"product_cat":[12291,12509],"product_tag":[],"class_list":{"0":"post-695651","1":"product","2":"type-product","3":"status-publish","5":"product_cat-edebiyat","6":"product_cat-siir","7":"pa_cilt-ciltsiz","8":"pa_tur-kitap","9":"pa_yayinevi-bilge-kultur-sanat","10":"pa_yazar-ahmet-kutsi-tecer","12":"first","13":"instock","14":"sale","15":"shipping-taxable","16":"purchasable","17":"product-type-simple"},"_links":{"self":[{"href":"https:\/\/roveyayinevi.com.tr\/index.php\/wp-json\/wp\/v2\/product\/695651","targetHints":{"allow":["GET"]}}],"collection":[{"href":"https:\/\/roveyayinevi.com.tr\/index.php\/wp-json\/wp\/v2\/product"}],"about":[{"href":"https:\/\/roveyayinevi.com.tr\/index.php\/wp-json\/wp\/v2\/types\/product"}],"wp:attachment":[{"href":"https:\/\/roveyayinevi.com.tr\/index.php\/wp-json\/wp\/v2\/media?parent=695651"}],"wp:term":[{"taxonomy":"product_brand","embeddable":true,"href":"https:\/\/roveyayinevi.com.tr\/index.php\/wp-json\/wp\/v2\/product_brand?post=695651"},{"taxonomy":"product_cat","embeddable":true,"href":"https:\/\/roveyayinevi.com.tr\/index.php\/wp-json\/wp\/v2\/product_cat?post=695651"},{"taxonomy":"product_tag","embeddable":true,"href":"https:\/\/roveyayinevi.com.tr\/index.php\/wp-json\/wp\/v2\/product_tag?post=695651"}],"curies":[{"name":"wp","href":"https:\/\/api.w.org\/{rel}","templated":true}]}}