{"id":695649,"date":"2025-08-27T14:30:37","date_gmt":"2025-08-27T11:30:37","guid":{"rendered":"https:\/\/roveyayinevi.com.tr\/index.php\/urun\/analitik-felsefe\/"},"modified":"2026-04-16T02:05:42","modified_gmt":"2026-04-15T23:05:42","slug":"analitik-felsefe","status":"publish","type":"product","link":"https:\/\/roveyayinevi.com.tr\/index.php\/urun\/analitik-felsefe\/","title":{"rendered":"Analitik Felsefe"},"content":{"rendered":"<p>\u201cAnalitik felsefe terimi, yirminci y\u00fczy\u0131l\u0131n ba\u015f\u0131ndan itibaren, \u00f6zellikle Anglosakson co\u011frafyada, de\u011fi\u015fik adlar alt\u0131nda olup hepsi de dilin analizine dayanan felsef\u00ee ara\u015ft\u0131rmalar\u0131 belirtmek i\u00e7in yayg\u0131n olarak kullan\u0131lm\u0131\u015ft\u0131r. Analitik felsefe s\u00f6z konusu oldu\u011funda, daha ilk bak\u0131\u015fta \u015fa\u015f\u0131rt\u0131c\u0131 olan \u015fey, ama\u00e7lar\u0131n, ilgi alanlar\u0131n\u0131n ve y\u00f6ntemlerin \u00e7e\u015fitlili\u011fidir. Bununla birlikte, ak\u0131mlar\u0131n, teorilerin ve uygulamalar\u0131n \u00e7e\u015fitlili\u011fi i\u00e7inde b\u00fct\u00fcn bu ara\u015ft\u0131rmalar, \u2018analitik felsefe\u2019 toplu adland\u0131rmas\u0131n\u0131 hakl\u0131 g\u00f6steren bir ilham ortakl\u0131\u011f\u0131na tan\u0131kl\u0131k etmektedir. S\u00f6z konusu olan, her durumda felsef\u00ee problemleri dil a\u00e7\u0131s\u0131ndan ele almak ve bu problemlere dil analizi yaparak bir \u00e7\u00f6z\u00fcm aramakt\u0131r&#8230;\u201d   Bu kitapta, Frege\u2019nin c\u00fcmle-fonksiyon teorisi, Russell\u2019\u0131n belirli betimlemeler g\u00f6r\u00fc\u015f\u00fc, mant\u0131k\u00e7\u0131-pozitivizmin anlam teorisi, Wittgenstein\u2019\u0131n birinci ve ikinci d\u00f6nemlerindeki dil anlay\u0131\u015f\u0131, Austin\u2019in s\u00f6z edimleri analizi gibi analitik felsefedeki ba\u015fl\u0131ca yakla\u015f\u0131mlar\u0131n yan\u0131nda, bu gelene\u011fin mant\u0131k felsefesi alan\u0131ndaki \u00e7e\u015fitli uygulamalar\u0131 ve Quine, Kripke gibi filozoflar\u0131n analiz ile ontoloji aras\u0131nda kurduklar\u0131 ili\u015fkiler ele\u015ftirel bir bak\u0131\u015f a\u00e7\u0131s\u0131yla sunulmaktad\u0131r <\/p>\n","protected":false},"excerpt":{"rendered":"<p>\u201cAnalitik felsefe terimi, yirminci y\u00fczy\u0131l\u0131n ba\u015f\u0131ndan itibaren, \u00f6zellikle Anglosakson co\u011frafyada, de\u011fi\u015fik adlar alt\u0131nda olup hepsi de dilin analizine dayanan felsef\u00ee ara\u015ft\u0131rmalar\u0131 belirtmek i\u00e7in yayg\u0131n olarak kullan\u0131lm\u0131\u015ft\u0131r.<span class=\"excerpt-hellip\"> [\u2026]<\/span><\/p>\n","protected":false},"featured_media":0,"template":"","meta":{"_monsterinsights_skip_tracking":false,"_monsterinsights_sitenote_active":false,"_monsterinsights_sitenote_note":"","_monsterinsights_sitenote_category":0},"product_brand":[],"product_cat":[12388,13555],"product_tag":[],"class_list":{"0":"post-695649","1":"product","2":"type-product","3":"status-publish","5":"product_cat-felsefe","6":"product_cat-genel-felsefe","7":"pa_cilt-ciltsiz","8":"pa_tur-kitap","9":"pa_yayinevi-bilge-kultur-sanat","10":"pa_yazar-jean-gerard-rossi","12":"first","13":"instock","14":"sale","15":"shipping-taxable","16":"purchasable","17":"product-type-simple"},"_links":{"self":[{"href":"https:\/\/roveyayinevi.com.tr\/index.php\/wp-json\/wp\/v2\/product\/695649","targetHints":{"allow":["GET"]}}],"collection":[{"href":"https:\/\/roveyayinevi.com.tr\/index.php\/wp-json\/wp\/v2\/product"}],"about":[{"href":"https:\/\/roveyayinevi.com.tr\/index.php\/wp-json\/wp\/v2\/types\/product"}],"wp:attachment":[{"href":"https:\/\/roveyayinevi.com.tr\/index.php\/wp-json\/wp\/v2\/media?parent=695649"}],"wp:term":[{"taxonomy":"product_brand","embeddable":true,"href":"https:\/\/roveyayinevi.com.tr\/index.php\/wp-json\/wp\/v2\/product_brand?post=695649"},{"taxonomy":"product_cat","embeddable":true,"href":"https:\/\/roveyayinevi.com.tr\/index.php\/wp-json\/wp\/v2\/product_cat?post=695649"},{"taxonomy":"product_tag","embeddable":true,"href":"https:\/\/roveyayinevi.com.tr\/index.php\/wp-json\/wp\/v2\/product_tag?post=695649"}],"curies":[{"name":"wp","href":"https:\/\/api.w.org\/{rel}","templated":true}]}}