{"id":695647,"date":"2025-08-27T14:30:36","date_gmt":"2025-08-27T11:30:36","guid":{"rendered":"https:\/\/roveyayinevi.com.tr\/index.php\/urun\/87-oguz\/"},"modified":"2026-04-16T02:05:42","modified_gmt":"2026-04-15T23:05:42","slug":"87-oguz","status":"publish","type":"product","link":"https:\/\/roveyayinevi.com.tr\/index.php\/urun\/87-oguz\/","title":{"rendered":"87 O\u011fuz"},"content":{"rendered":"<p>\u0130lkokul d\u00f6rd\u00fcnc\u00fc s\u0131n\u0131f \u00f6\u011frencilerinin d\u00fcnyas\u0131n\u0131n anlat\u0131ld\u0131\u011f\u0131 87 O\u011fuz bir \u00e7ok s\u0131nfta varl\u0131\u011f\u0131na tan\u0131k oldu\u011fumuz yaramaz,, ama zeki bir \u00e7ocuk olan O\u011fuz\u2019un sorumluluk sahibi, arkada\u015flar\u0131na destek olan ve ba\u015far\u0131l\u0131 bir ki\u015filik haline gelmesinin hikayesi&#8230; Mar\u015flar, m\u00fcsamereler, yap\u0131lan geziler bir\u00e7ok insan\u0131 okul g\u00fcnlerine g\u00f6t\u00fcrecek canl\u0131l\u0131kta anlat\u0131lm\u0131\u015f. Cumhuriyet\u2019in onuncu y\u0131l\u0131ndaki e\u011fitim anlay\u0131\u015f\u0131n\u0131 g\u00f6zler \u00f6n\u00fcne seren roman asl\u0131nda \u00f6\u011fretmenlerin ruh d\u00fcnyas\u0131nda \u00e7ok fazla de\u011fi\u015fikliklerin olmad\u0131\u011f\u0131n\u0131n g\u00fczel bir g\u00f6stergesi&#8230; <\/p>\n","protected":false},"excerpt":{"rendered":"<p>\u0130lkokul d\u00f6rd\u00fcnc\u00fc s\u0131n\u0131f \u00f6\u011frencilerinin d\u00fcnyas\u0131n\u0131n anlat\u0131ld\u0131\u011f\u0131 87 O\u011fuz bir \u00e7ok s\u0131nfta varl\u0131\u011f\u0131na tan\u0131k oldu\u011fumuz yaramaz,, ama zeki bir \u00e7ocuk olan O\u011fuz\u2019un sorumluluk sahibi, arkada\u015flar\u0131na destek olan<span class=\"excerpt-hellip\"> [\u2026]<\/span><\/p>\n","protected":false},"featured_media":0,"template":"","meta":{"_monsterinsights_skip_tracking":false,"_monsterinsights_sitenote_active":false,"_monsterinsights_sitenote_note":"","_monsterinsights_sitenote_category":0},"product_brand":[],"product_cat":[12274,12284],"product_tag":[],"class_list":{"0":"post-695647","1":"product","2":"type-product","3":"status-publish","5":"product_cat-cocuk-ve-genclik-kitaplari","6":"product_cat-hikayeler","7":"pa_cilt-ciltsiz","8":"pa_tur-kitap","9":"pa_yayinevi-bilge-kultur-sanat","10":"pa_yazar-nimet-calapala","12":"first","13":"instock","14":"sale","15":"shipping-taxable","16":"purchasable","17":"product-type-simple"},"_links":{"self":[{"href":"https:\/\/roveyayinevi.com.tr\/index.php\/wp-json\/wp\/v2\/product\/695647","targetHints":{"allow":["GET"]}}],"collection":[{"href":"https:\/\/roveyayinevi.com.tr\/index.php\/wp-json\/wp\/v2\/product"}],"about":[{"href":"https:\/\/roveyayinevi.com.tr\/index.php\/wp-json\/wp\/v2\/types\/product"}],"wp:attachment":[{"href":"https:\/\/roveyayinevi.com.tr\/index.php\/wp-json\/wp\/v2\/media?parent=695647"}],"wp:term":[{"taxonomy":"product_brand","embeddable":true,"href":"https:\/\/roveyayinevi.com.tr\/index.php\/wp-json\/wp\/v2\/product_brand?post=695647"},{"taxonomy":"product_cat","embeddable":true,"href":"https:\/\/roveyayinevi.com.tr\/index.php\/wp-json\/wp\/v2\/product_cat?post=695647"},{"taxonomy":"product_tag","embeddable":true,"href":"https:\/\/roveyayinevi.com.tr\/index.php\/wp-json\/wp\/v2\/product_tag?post=695647"}],"curies":[{"name":"wp","href":"https:\/\/api.w.org\/{rel}","templated":true}]}}