{"id":695646,"date":"2025-08-27T14:30:36","date_gmt":"2025-08-27T11:30:36","guid":{"rendered":"https:\/\/roveyayinevi.com.tr\/index.php\/urun\/ak-topraklar\/"},"modified":"2026-04-16T02:05:42","modified_gmt":"2026-04-15T23:05:42","slug":"ak-topraklar","status":"publish","type":"product","link":"https:\/\/roveyayinevi.com.tr\/index.php\/urun\/ak-topraklar\/","title":{"rendered":"Ak Topraklar"},"content":{"rendered":"<p>Kuzey ve Do\u011fu T\u00fcrkl\u00fc\u011f\u00fc i\u00e7in Anadolu \u201cAk\u00fclke\u201ddir, \u201cAk Topraklar\u201dd\u0131r. \u00c7\u00fcnk\u00fc \u201cAk\u201d, G\u00fcney demektir. T\u0131pk\u0131 Akdeniz gibi&#8230; Emine I\u015f\u0131nsu, Ak Topraklar\u2019\u0131n T\u00fcrk yurdu olu\u015funu Dede Korkut\u2019un a\u011fz\u0131ndan anlatmakta. Kitap, \u201cBismillahirrahmanirrahim; esirgeyen ve ba\u011f\u0131\u015flayan Tanr\u0131\u2019n\u0131n ad\u0131 ile\u201d ba\u015fl\u0131yor. \u00d6zge s\u00f6zle ba\u015flayabilmezdi&#8230; \u201cBa\u015fbu\u011f, ak giyimli.\u201cBa\u015fbu\u011f, ak at\u0131n \u00fcst\u00fcnde&#8230;.\u201cGayri Ak Topraklar T\u00fcrk\u2019\u00fcnd\u00fcr.\u201ddiye bitiyor. \u00d6yle de bitmi\u015fti. Bu ba\u015flang\u0131\u00e7la biti\u015f aras\u0131nda o insanlar\u0131n, Bay\u0131nd\u0131r\u2019\u0131n, Selcen\u2019in, Yamtar\u2019\u0131n, Ya\u011fmur\u2019un ve daha nicelerinin, \u00f6n\u00fcnde durulmaz inan\u00e7lar\u0131, sevgileri, b\u00fcy\u00fck devlet ve te\u015fkilat\u00e7\u0131l\u0131k kabiliyetleri, Do\u011fu Roma\u2019ya kar\u015f\u0131 B\u00fcy\u00fck Sel\u00e7uklu\u2019nun hik\u00e2yesi vard\u0131r. <\/p>\n","protected":false},"excerpt":{"rendered":"<p>Kuzey ve Do\u011fu T\u00fcrkl\u00fc\u011f\u00fc i\u00e7in Anadolu \u201cAk\u00fclke\u201ddir, \u201cAk Topraklar\u201dd\u0131r. \u00c7\u00fcnk\u00fc \u201cAk\u201d, G\u00fcney demektir. T\u0131pk\u0131 Akdeniz gibi&#8230; Emine I\u015f\u0131nsu, Ak Topraklar\u2019\u0131n T\u00fcrk yurdu olu\u015funu Dede Korkut\u2019un a\u011fz\u0131ndan<span class=\"excerpt-hellip\"> [\u2026]<\/span><\/p>\n","protected":false},"featured_media":0,"template":"","meta":{"_monsterinsights_skip_tracking":false,"_monsterinsights_sitenote_active":false,"_monsterinsights_sitenote_note":"","_monsterinsights_sitenote_category":0},"product_brand":[],"product_cat":[12291,12745],"product_tag":[],"class_list":{"0":"post-695646","1":"product","2":"type-product","3":"status-publish","5":"product_cat-edebiyat","6":"product_cat-tarihi-roman","7":"pa_cilt-ciltsiz","8":"pa_tur-kitap","9":"pa_yayinevi-bilge-kultur-sanat","10":"pa_yazar-emine-isinsu","12":"first","13":"instock","14":"sale","15":"shipping-taxable","16":"purchasable","17":"product-type-simple"},"_links":{"self":[{"href":"https:\/\/roveyayinevi.com.tr\/index.php\/wp-json\/wp\/v2\/product\/695646","targetHints":{"allow":["GET"]}}],"collection":[{"href":"https:\/\/roveyayinevi.com.tr\/index.php\/wp-json\/wp\/v2\/product"}],"about":[{"href":"https:\/\/roveyayinevi.com.tr\/index.php\/wp-json\/wp\/v2\/types\/product"}],"wp:attachment":[{"href":"https:\/\/roveyayinevi.com.tr\/index.php\/wp-json\/wp\/v2\/media?parent=695646"}],"wp:term":[{"taxonomy":"product_brand","embeddable":true,"href":"https:\/\/roveyayinevi.com.tr\/index.php\/wp-json\/wp\/v2\/product_brand?post=695646"},{"taxonomy":"product_cat","embeddable":true,"href":"https:\/\/roveyayinevi.com.tr\/index.php\/wp-json\/wp\/v2\/product_cat?post=695646"},{"taxonomy":"product_tag","embeddable":true,"href":"https:\/\/roveyayinevi.com.tr\/index.php\/wp-json\/wp\/v2\/product_tag?post=695646"}],"curies":[{"name":"wp","href":"https:\/\/api.w.org\/{rel}","templated":true}]}}