{"id":695644,"date":"2025-08-27T14:30:36","date_gmt":"2025-08-27T11:30:36","guid":{"rendered":"https:\/\/roveyayinevi.com.tr\/index.php\/urun\/daisy-miller\/"},"modified":"2026-02-03T02:08:40","modified_gmt":"2026-02-02T23:08:40","slug":"daisy-miller","status":"publish","type":"product","link":"https:\/\/roveyayinevi.com.tr\/index.php\/urun\/daisy-miller\/","title":{"rendered":"Daisy Miller"},"content":{"rendered":"<p>Romanlar\u0131nda toplumun dayatmalar\u0131n\u0131 tan\u0131mayan ve s\u0131rr\u0131 \u00e7\u00f6z\u00fclemeyen Amerikal\u0131 kad\u0131n fig\u00fcr\u00fcn\u00fc yak\u0131ndan inceleyen Henry James, bu konuyu ilk defa 1878 tarihli Daisy Miller\u2019da e\u015fsiz bir incelikle resmetmi\u015ftir. Ailesiyle birlikte Avrupa\u2019da seyahat eden Daisy Miller, etraf\u0131ndakileri hayrete d\u00fc\u015f\u00fcrmektedir. Frederick Winterbourne onu \u00e7\u00f6zmekte herkesten \u00e7ok zorlan\u0131r: Bu gen\u00e7 k\u0131z g\u00f6rg\u00fcden habersiz midir, yoksa bilerek mi bu kurallar\u0131 alt\u00fcst etmektedir?Cenevre G\u00f6l\u00fc\u2019nden Roma\u2019n\u0131n sokaklar\u0131na uzanan hik\u00e2ye, bir gece yar\u0131s\u0131 Kolezyum\u2019da doru\u011fa ula\u015f\u0131r: \u0130talyan bir gen\u00e7le yak\u0131nl\u0131k kuran Daisy, kendisini \u00f6demekten ka\u00e7t\u0131\u011f\u0131 bedellerce k\u0131st\u0131r\u0131lm\u0131\u015f bulacakt\u0131r. James\u2019in edebiyat \u00e7evrelerinde ad\u0131n\u0131 duyurmas\u0131n\u0131 sa\u011flayan bu k\u0131sa roman\u0131, gen\u00e7 k\u0131zlara k\u00f6t\u00fc \u00f6rnek oldu\u011fu gerek\u00e7esiyle \u00e7ok da ele\u015ftirilmi\u015ftir.\u201c\u00d6yle ince bir zek\u00e2ya sahipti ki, onu hi\u00e7bir fikrin bozmas\u0131 m\u00fcmk\u00fcn de\u011fildi. James romanlar\u0131n\u0131 yazarken, kendi g\u00f6r\u00fc\u015f\u00fcn\u00fc kaleme alan de\u011fme Frans\u0131z ele\u015ftirmene benzer; bir ba\u015fka parazit fikrin esamisi bile okunmaz.\u201d- T.S. Eliot<\/p>\n","protected":false},"excerpt":{"rendered":"<p>Romanlar\u0131nda toplumun dayatmalar\u0131n\u0131 tan\u0131mayan ve s\u0131rr\u0131 \u00e7\u00f6z\u00fclemeyen Amerikal\u0131 kad\u0131n fig\u00fcr\u00fcn\u00fc yak\u0131ndan inceleyen Henry James, bu konuyu ilk defa 1878 tarihli Daisy Miller\u2019da e\u015fsiz bir incelikle resmetmi\u015ftir.<span class=\"excerpt-hellip\"> [\u2026]<\/span><\/p>\n","protected":false},"featured_media":0,"template":"","meta":{"_monsterinsights_skip_tracking":false,"_monsterinsights_sitenote_active":false,"_monsterinsights_sitenote_note":"","_monsterinsights_sitenote_category":0},"product_brand":[],"product_cat":[12291,12711],"product_tag":[],"class_list":{"0":"post-695644","1":"product","2":"type-product","3":"status-publish","5":"product_cat-edebiyat","6":"product_cat-roman-oyku","7":"pa_cilt-ciltsiz","8":"pa_tur-kitap","9":"pa_yayinevi-iletisim-yayinlari","10":"pa_yazar-henry-james","12":"first","13":"instock","14":"sale","15":"shipping-taxable","16":"purchasable","17":"product-type-simple"},"_links":{"self":[{"href":"https:\/\/roveyayinevi.com.tr\/index.php\/wp-json\/wp\/v2\/product\/695644","targetHints":{"allow":["GET"]}}],"collection":[{"href":"https:\/\/roveyayinevi.com.tr\/index.php\/wp-json\/wp\/v2\/product"}],"about":[{"href":"https:\/\/roveyayinevi.com.tr\/index.php\/wp-json\/wp\/v2\/types\/product"}],"wp:attachment":[{"href":"https:\/\/roveyayinevi.com.tr\/index.php\/wp-json\/wp\/v2\/media?parent=695644"}],"wp:term":[{"taxonomy":"product_brand","embeddable":true,"href":"https:\/\/roveyayinevi.com.tr\/index.php\/wp-json\/wp\/v2\/product_brand?post=695644"},{"taxonomy":"product_cat","embeddable":true,"href":"https:\/\/roveyayinevi.com.tr\/index.php\/wp-json\/wp\/v2\/product_cat?post=695644"},{"taxonomy":"product_tag","embeddable":true,"href":"https:\/\/roveyayinevi.com.tr\/index.php\/wp-json\/wp\/v2\/product_tag?post=695644"}],"curies":[{"name":"wp","href":"https:\/\/api.w.org\/{rel}","templated":true}]}}