{"id":695642,"date":"2025-08-27T14:30:35","date_gmt":"2025-08-27T11:30:35","guid":{"rendered":"https:\/\/roveyayinevi.com.tr\/index.php\/urun\/ziverbey-kosku\/"},"modified":"2026-04-16T02:05:42","modified_gmt":"2026-04-15T23:05:42","slug":"ziverbey-kosku","status":"publish","type":"product","link":"https:\/\/roveyayinevi.com.tr\/index.php\/urun\/ziverbey-kosku\/","title":{"rendered":"Ziverbey K\u00f6\u015fk\u00fc"},"content":{"rendered":"<p>T\u00fcrk bas\u0131n\u0131n\u0131n y\u00fcz ak\u0131, Cumhuriyet gazetesinin kendisiyle \u00f6zde\u015fle\u015fmi\u015f yazar\u0131, \u201cAyd\u0131nlanma Bilgesi\u201d \u0130lhan Sel\u00e7uk, tam olarak yar\u0131m as\u0131r \u00f6nce, 19 Ekim 1972\u2019de d\u00fczmece bir su\u00e7lamayla g\u00f6zalt\u0131na al\u0131nd\u0131, 12 Mart rejiminin i\u015fkencelerinden ge\u00e7ti, onurlu duru\u015fundan \u00f6d\u00fcn vermedi, yarg\u0131land\u0131 akland\u0131\u2026 T\u0131pk\u0131 bu tarihten 36 y\u0131l sonra, \u201cErgenekon\u201d ad\u0131 verilen kumpas davas\u0131nda tutundu\u011fu tav\u0131r gibi, i\u015fkencecileri \u00f6zg\u00fcveni, onuru, zek\u00e2s\u0131 ve iradesiyle bozguna u\u011fratt\u0131. \u00dcstelik d\u00fcnya hukuk tarihine ge\u00e7ecek bir y\u00f6ntemle, \u201cakrosti\u015fli savunma\u201d yaparak, U\u011fur Mumcu\u2019nun dedi\u011fi gibi, e\u011filmeden b\u00fck\u00fclmeden\u2026 Bu \u00fclkede yurtsever olman\u0131n ve onurlu bir gazeteci olman\u0131n bedeli a\u011f\u0131rd\u0131, zorba iktidarlar bu bedeli her d\u00f6nemde \u0130lhan Sel\u00e7uk\u2019a \u00f6detmeye kararl\u0131yd\u0131. Ama o da ya\u015fam\u0131 boyunca kendi heykelini yontmaya devam etti; boyun e\u011fmeden, direnerek, tarihe iz b\u0131rakarak\u2026 \u0130lhan Sel\u00e7uk\u2019un Ziverbey \u0130\u015fkence K\u00f6\u015fk\u00fc\u2019n\u00fc ve i\u015fkenceye kar\u015f\u0131 duru\u015funu anlatt\u0131\u011f\u0131 \u00f6l\u00fcms\u00fcz eseri, dostlar\u0131 Ali Sirmen ve Prof. Dr. Emre Kongar\u2019\u0131n kapsaml\u0131 sunu\u015f yaz\u0131lar\u0131yla, geni\u015fletilmi\u015f ve belgelerle zenginle\u015ftirilmi\u015f yeni bas\u0131m\u0131yla, ellinci y\u0131l\u0131nda, yeniden sizlerle\u2026 <\/p>\n","protected":false},"excerpt":{"rendered":"<p>T\u00fcrk bas\u0131n\u0131n\u0131n y\u00fcz ak\u0131, Cumhuriyet gazetesinin kendisiyle \u00f6zde\u015fle\u015fmi\u015f yazar\u0131, \u201cAyd\u0131nlanma Bilgesi\u201d \u0130lhan Sel\u00e7uk, tam olarak yar\u0131m as\u0131r \u00f6nce, 19 Ekim 1972\u2019de d\u00fczmece bir su\u00e7lamayla g\u00f6zalt\u0131na al\u0131nd\u0131,<span class=\"excerpt-hellip\"> [\u2026]<\/span><\/p>\n","protected":false},"featured_media":0,"template":"","meta":{"_monsterinsights_skip_tracking":false,"_monsterinsights_sitenote_active":false,"_monsterinsights_sitenote_note":"","_monsterinsights_sitenote_category":0},"product_brand":[],"product_cat":[12312,12304],"product_tag":[],"class_list":{"0":"post-695642","1":"product","2":"type-product","3":"status-publish","5":"product_cat-diger","6":"product_cat-tarih","7":"pa_cilt-ciltsiz","8":"pa_tur-kitap","9":"pa_yayinevi-cumhuriyet-kitaplari","10":"pa_yazar-ilhan-selcuk","12":"first","13":"instock","14":"sale","15":"shipping-taxable","16":"purchasable","17":"product-type-simple"},"_links":{"self":[{"href":"https:\/\/roveyayinevi.com.tr\/index.php\/wp-json\/wp\/v2\/product\/695642","targetHints":{"allow":["GET"]}}],"collection":[{"href":"https:\/\/roveyayinevi.com.tr\/index.php\/wp-json\/wp\/v2\/product"}],"about":[{"href":"https:\/\/roveyayinevi.com.tr\/index.php\/wp-json\/wp\/v2\/types\/product"}],"wp:attachment":[{"href":"https:\/\/roveyayinevi.com.tr\/index.php\/wp-json\/wp\/v2\/media?parent=695642"}],"wp:term":[{"taxonomy":"product_brand","embeddable":true,"href":"https:\/\/roveyayinevi.com.tr\/index.php\/wp-json\/wp\/v2\/product_brand?post=695642"},{"taxonomy":"product_cat","embeddable":true,"href":"https:\/\/roveyayinevi.com.tr\/index.php\/wp-json\/wp\/v2\/product_cat?post=695642"},{"taxonomy":"product_tag","embeddable":true,"href":"https:\/\/roveyayinevi.com.tr\/index.php\/wp-json\/wp\/v2\/product_tag?post=695642"}],"curies":[{"name":"wp","href":"https:\/\/api.w.org\/{rel}","templated":true}]}}