{"id":695640,"date":"2025-08-27T14:30:35","date_gmt":"2025-08-27T11:30:35","guid":{"rendered":"https:\/\/roveyayinevi.com.tr\/index.php\/urun\/yazim-kilavuzu\/"},"modified":"2026-04-16T02:05:42","modified_gmt":"2026-04-15T23:05:42","slug":"yazim-kilavuzu","status":"publish","type":"product","link":"https:\/\/roveyayinevi.com.tr\/index.php\/urun\/yazim-kilavuzu\/","title":{"rendered":"Yaz\u0131m K\u0131lavuzu"},"content":{"rendered":"<p>T\u00fcrkiye T\u00fcrk\u00e7esinin yaz\u0131m birli\u011fini olu\u015fturan kurallar. 1928\u2019den bu yana dildeki geli\u015fmeyi \u00f6zenle izleyen dilcilerin eme\u011fini ta\u015f\u0131yan g\u00fcvenilir bir kaynak. \ufffcTan\u0131t\u0131m Metni<\/p>\n","protected":false},"excerpt":{"rendered":"<p>T\u00fcrkiye T\u00fcrk\u00e7esinin yaz\u0131m birli\u011fini olu\u015fturan kurallar. 1928\u2019den bu yana dildeki geli\u015fmeyi \u00f6zenle izleyen dilcilerin eme\u011fini ta\u015f\u0131yan g\u00fcvenilir bir kaynak. \ufffcTan\u0131t\u0131m Metni<\/p>\n","protected":false},"featured_media":0,"template":"","meta":{"_monsterinsights_skip_tracking":false,"_monsterinsights_sitenote_active":false,"_monsterinsights_sitenote_note":"","_monsterinsights_sitenote_category":0},"product_brand":[],"product_cat":[12566,13611,21471],"product_tag":[],"class_list":{"0":"post-695640","1":"product","2":"type-product","3":"status-publish","5":"product_cat-egitim","6":"product_cat-sozlukler-ve-konusma-kilavuzlari","7":"product_cat-yazim-kilavuzlari","8":"pa_tur-kitap","9":"pa_yayinevi-cumhuriyet-kitaplari","10":"pa_yazar-kolektif","12":"first","13":"instock","14":"sale","15":"shipping-taxable","16":"purchasable","17":"product-type-simple"},"_links":{"self":[{"href":"https:\/\/roveyayinevi.com.tr\/index.php\/wp-json\/wp\/v2\/product\/695640","targetHints":{"allow":["GET"]}}],"collection":[{"href":"https:\/\/roveyayinevi.com.tr\/index.php\/wp-json\/wp\/v2\/product"}],"about":[{"href":"https:\/\/roveyayinevi.com.tr\/index.php\/wp-json\/wp\/v2\/types\/product"}],"wp:attachment":[{"href":"https:\/\/roveyayinevi.com.tr\/index.php\/wp-json\/wp\/v2\/media?parent=695640"}],"wp:term":[{"taxonomy":"product_brand","embeddable":true,"href":"https:\/\/roveyayinevi.com.tr\/index.php\/wp-json\/wp\/v2\/product_brand?post=695640"},{"taxonomy":"product_cat","embeddable":true,"href":"https:\/\/roveyayinevi.com.tr\/index.php\/wp-json\/wp\/v2\/product_cat?post=695640"},{"taxonomy":"product_tag","embeddable":true,"href":"https:\/\/roveyayinevi.com.tr\/index.php\/wp-json\/wp\/v2\/product_tag?post=695640"}],"curies":[{"name":"wp","href":"https:\/\/api.w.org\/{rel}","templated":true}]}}