{"id":695630,"date":"2025-08-27T14:29:51","date_gmt":"2025-08-27T11:29:51","guid":{"rendered":"https:\/\/roveyayinevi.com.tr\/index.php\/urun\/su-dagin-ardi-iran\/"},"modified":"2026-04-16T02:05:42","modified_gmt":"2026-04-15T23:05:42","slug":"su-dagin-ardi-iran","status":"publish","type":"product","link":"https:\/\/roveyayinevi.com.tr\/index.php\/urun\/su-dagin-ardi-iran\/","title":{"rendered":"\u015eu Da\u011f\u0131n Ard\u0131 \u0130ran"},"content":{"rendered":"<p>Ac\u0131 g\u00fcnleri ard\u0131mda b\u0131rakarak kavu\u015ftu\u011fum \u00f6zg\u00fcr \u00fclkemin yan\u0131 ba\u015f\u0131ndaki tehlikenin fark\u0131na vard\u0131\u011f\u0131mda ise, \u0130slami devrimin ve \u015feriat h\u00fck\u00fcmlerinin modern bir \u00fclkeye kor lavlar gibi yak\u0131c\u0131 yay\u0131l\u0131\u015f\u0131n\u0131, yirmili ya\u015flar\u0131m\u0131n ba\u015f\u0131nda ya\u015fad\u0131\u011f\u0131m evlilik ve a\u015fk hik\u00e2yesinin fonunda sizlerle payla\u015fmay\u0131 bir yurtta\u015fl\u0131k g\u00f6revi bildi\u011fim i\u00e7in bu kitab\u0131 kaleme ald\u0131m&#8230; \ufffcTan\u0131t\u0131m Metni<\/p>\n","protected":false},"excerpt":{"rendered":"<p>Ac\u0131 g\u00fcnleri ard\u0131mda b\u0131rakarak kavu\u015ftu\u011fum \u00f6zg\u00fcr \u00fclkemin yan\u0131 ba\u015f\u0131ndaki tehlikenin fark\u0131na vard\u0131\u011f\u0131mda ise, \u0130slami devrimin ve \u015feriat h\u00fck\u00fcmlerinin modern bir \u00fclkeye kor lavlar gibi yak\u0131c\u0131 yay\u0131l\u0131\u015f\u0131n\u0131,<span class=\"excerpt-hellip\"> [\u2026]<\/span><\/p>\n","protected":false},"featured_media":0,"template":"","meta":{"_monsterinsights_skip_tracking":false,"_monsterinsights_sitenote_active":false,"_monsterinsights_sitenote_note":"","_monsterinsights_sitenote_category":0},"product_brand":[],"product_cat":[12312,12304],"product_tag":[],"class_list":{"0":"post-695630","1":"product","2":"type-product","3":"status-publish","5":"product_cat-diger","6":"product_cat-tarih","7":"pa_cilt-ciltsiz","8":"pa_tur-kitap","9":"pa_yayinevi-cumhuriyet-kitaplari","10":"pa_yazar-meltem-vural","12":"first","13":"instock","14":"sale","15":"shipping-taxable","16":"purchasable","17":"product-type-simple"},"_links":{"self":[{"href":"https:\/\/roveyayinevi.com.tr\/index.php\/wp-json\/wp\/v2\/product\/695630","targetHints":{"allow":["GET"]}}],"collection":[{"href":"https:\/\/roveyayinevi.com.tr\/index.php\/wp-json\/wp\/v2\/product"}],"about":[{"href":"https:\/\/roveyayinevi.com.tr\/index.php\/wp-json\/wp\/v2\/types\/product"}],"wp:attachment":[{"href":"https:\/\/roveyayinevi.com.tr\/index.php\/wp-json\/wp\/v2\/media?parent=695630"}],"wp:term":[{"taxonomy":"product_brand","embeddable":true,"href":"https:\/\/roveyayinevi.com.tr\/index.php\/wp-json\/wp\/v2\/product_brand?post=695630"},{"taxonomy":"product_cat","embeddable":true,"href":"https:\/\/roveyayinevi.com.tr\/index.php\/wp-json\/wp\/v2\/product_cat?post=695630"},{"taxonomy":"product_tag","embeddable":true,"href":"https:\/\/roveyayinevi.com.tr\/index.php\/wp-json\/wp\/v2\/product_tag?post=695630"}],"curies":[{"name":"wp","href":"https:\/\/api.w.org\/{rel}","templated":true}]}}