{"id":695626,"date":"2025-08-27T14:29:50","date_gmt":"2025-08-27T11:29:50","guid":{"rendered":"https:\/\/roveyayinevi.com.tr\/index.php\/urun\/sevdanin-adresi-belli-degil\/"},"modified":"2026-04-16T02:05:42","modified_gmt":"2026-04-15T23:05:42","slug":"sevdanin-adresi-belli-degil","status":"publish","type":"product","link":"https:\/\/roveyayinevi.com.tr\/index.php\/urun\/sevdanin-adresi-belli-degil\/","title":{"rendered":"Sevdan\u0131n Adresi Belli De\u011fil"},"content":{"rendered":"<p>Hikmet \u00c7etinkaya\u2019n\u0131n kaleminden \u015fiir tad\u0131nda deneme yaz\u0131lar\u0131:  \u015eimdi sana Victor Segalen\u2019in seslendi\u011fi gibi \u2018Yasak Mor \u015eehir\u2019in o gizemli havas\u0131ndan esinlenerek hayk\u0131rmak istiyorum&#8230; Beni s\u0131k\u0131lmadan dinle ve hi\u00e7bir yere kaybolma! <\/p>\n","protected":false},"excerpt":{"rendered":"<p>Hikmet \u00c7etinkaya\u2019n\u0131n kaleminden \u015fiir tad\u0131nda deneme yaz\u0131lar\u0131: \u015eimdi sana Victor Segalen\u2019in seslendi\u011fi gibi \u2018Yasak Mor \u015eehir\u2019in o gizemli havas\u0131ndan esinlenerek hayk\u0131rmak istiyorum&#8230; Beni s\u0131k\u0131lmadan dinle ve<span class=\"excerpt-hellip\"> [\u2026]<\/span><\/p>\n","protected":false},"featured_media":0,"template":"","meta":{"_monsterinsights_skip_tracking":false,"_monsterinsights_sitenote_active":false,"_monsterinsights_sitenote_note":"","_monsterinsights_sitenote_category":0},"product_brand":[],"product_cat":[12777,12291],"product_tag":[],"class_list":{"0":"post-695626","1":"product","2":"type-product","3":"status-publish","5":"product_cat-deneme","6":"product_cat-edebiyat","7":"pa_tur-kitap","8":"pa_yayinevi-cumhuriyet-kitaplari","9":"pa_yazar-hikmet-cetinkaya","11":"first","12":"instock","13":"sale","14":"shipping-taxable","15":"purchasable","16":"product-type-simple"},"_links":{"self":[{"href":"https:\/\/roveyayinevi.com.tr\/index.php\/wp-json\/wp\/v2\/product\/695626","targetHints":{"allow":["GET"]}}],"collection":[{"href":"https:\/\/roveyayinevi.com.tr\/index.php\/wp-json\/wp\/v2\/product"}],"about":[{"href":"https:\/\/roveyayinevi.com.tr\/index.php\/wp-json\/wp\/v2\/types\/product"}],"wp:attachment":[{"href":"https:\/\/roveyayinevi.com.tr\/index.php\/wp-json\/wp\/v2\/media?parent=695626"}],"wp:term":[{"taxonomy":"product_brand","embeddable":true,"href":"https:\/\/roveyayinevi.com.tr\/index.php\/wp-json\/wp\/v2\/product_brand?post=695626"},{"taxonomy":"product_cat","embeddable":true,"href":"https:\/\/roveyayinevi.com.tr\/index.php\/wp-json\/wp\/v2\/product_cat?post=695626"},{"taxonomy":"product_tag","embeddable":true,"href":"https:\/\/roveyayinevi.com.tr\/index.php\/wp-json\/wp\/v2\/product_tag?post=695626"}],"curies":[{"name":"wp","href":"https:\/\/api.w.org\/{rel}","templated":true}]}}