{"id":695622,"date":"2025-08-27T14:29:49","date_gmt":"2025-08-27T11:29:49","guid":{"rendered":"https:\/\/roveyayinevi.com.tr\/index.php\/urun\/olu-canlar-4\/"},"modified":"2026-04-03T02:09:05","modified_gmt":"2026-04-02T23:09:05","slug":"olu-canlar-4","status":"publish","type":"product","link":"https:\/\/roveyayinevi.com.tr\/index.php\/urun\/olu-canlar-4\/","title":{"rendered":"\u00d6l\u00fc Canlar"},"content":{"rendered":"<p>Mad\u0131mak Oteli\u2019nde insanlar\u0131m\u0131z\u0131n yan\u0131\u015f\u0131n\u0131 televizyondan izlemi\u015ftim. Bu g\u00f6r\u00fcnt\u00fcler insan\u0131m\u0131z\u0131 derinden yaralam\u0131\u015f, beni bunal\u0131ma sokmaya yetmi\u015fti. <\/p>\n","protected":false},"excerpt":{"rendered":"<p>Mad\u0131mak Oteli\u2019nde insanlar\u0131m\u0131z\u0131n yan\u0131\u015f\u0131n\u0131 televizyondan izlemi\u015ftim. Bu g\u00f6r\u00fcnt\u00fcler insan\u0131m\u0131z\u0131 derinden yaralam\u0131\u015f, beni bunal\u0131ma sokmaya yetmi\u015fti.<\/p>\n","protected":false},"featured_media":0,"template":"","meta":{"_monsterinsights_skip_tracking":false,"_monsterinsights_sitenote_active":false,"_monsterinsights_sitenote_note":"","_monsterinsights_sitenote_category":0},"product_brand":[],"product_cat":[12291,16009],"product_tag":[],"class_list":{"0":"post-695622","1":"product","2":"type-product","3":"status-publish","5":"product_cat-edebiyat","6":"product_cat-politik-kurgu","7":"pa_tur-kitap","8":"pa_yayinevi-cumhuriyet-kitaplari","9":"pa_yazar-fatih-atila","11":"first","12":"instock","13":"sale","14":"shipping-taxable","15":"purchasable","16":"product-type-simple"},"_links":{"self":[{"href":"https:\/\/roveyayinevi.com.tr\/index.php\/wp-json\/wp\/v2\/product\/695622","targetHints":{"allow":["GET"]}}],"collection":[{"href":"https:\/\/roveyayinevi.com.tr\/index.php\/wp-json\/wp\/v2\/product"}],"about":[{"href":"https:\/\/roveyayinevi.com.tr\/index.php\/wp-json\/wp\/v2\/types\/product"}],"wp:attachment":[{"href":"https:\/\/roveyayinevi.com.tr\/index.php\/wp-json\/wp\/v2\/media?parent=695622"}],"wp:term":[{"taxonomy":"product_brand","embeddable":true,"href":"https:\/\/roveyayinevi.com.tr\/index.php\/wp-json\/wp\/v2\/product_brand?post=695622"},{"taxonomy":"product_cat","embeddable":true,"href":"https:\/\/roveyayinevi.com.tr\/index.php\/wp-json\/wp\/v2\/product_cat?post=695622"},{"taxonomy":"product_tag","embeddable":true,"href":"https:\/\/roveyayinevi.com.tr\/index.php\/wp-json\/wp\/v2\/product_tag?post=695622"}],"curies":[{"name":"wp","href":"https:\/\/api.w.org\/{rel}","templated":true}]}}