{"id":695614,"date":"2025-08-27T14:29:47","date_gmt":"2025-08-27T11:29:47","guid":{"rendered":"https:\/\/roveyayinevi.com.tr\/index.php\/urun\/nazim-hikmet\/"},"modified":"2026-04-16T02:05:42","modified_gmt":"2026-04-15T23:05:42","slug":"nazim-hikmet","status":"publish","type":"product","link":"https:\/\/roveyayinevi.com.tr\/index.php\/urun\/nazim-hikmet\/","title":{"rendered":"Naz\u0131m Hikmet"},"content":{"rendered":"<p>Rus\u00e7ada yay\u0131mlad\u0131\u011f\u0131 1975\u2019ten bir y\u0131l sonra Ataol Behramo\u011flu \u00e7evirisi ile dilimizde ilk kez yay\u0131mlanan bu yap\u0131t, daha sonra yeni bas\u0131mlar yapt\u0131. Bug\u00fcn Cumhuriyet Kitaplar\u0131 aras\u0131nda sundu\u011fumuz N\u00e2z\u0131m Hikmet \u2013 Ya\u015fam\u0131 ve Yap\u0131tlar\u0131, b\u00fcy\u00fck \u015fairimiz hakk\u0131nda ilk ve h\u00e2l\u00e2 en kapsaml\u0131 biyografi olma \u00f6zelli\u011fini ta\u015f\u0131yor. SSCB Bilimler Akademisi Do\u011fu Dilleri Enstit\u00fcs\u00fcnde T\u00fcrk Dili ve Edebiyat\u0131 do\u00e7enti iken bu kitab\u0131 yazm\u0131\u015f olan Ekber Babayev, N\u00e2z\u0131m Hikmet\u2019in \u00fclke d\u0131\u015f\u0131ndaki ya\u015fam\u0131n\u0131n son on \u00fc\u00e7 y\u0131l\u0131nda onun can dostu olmu\u015ftu. Kitapta b\u00fcy\u00fck \u015fairin sadece \u015fiirleri de\u011fil t\u00fcm \u00fcr\u00fcnleri irdelenirken, ya\u015fam\u0131n\u0131n kimi y\u00f6nlerine de belgelere dayanarak \u0131\u015f\u0131k tutuluyor. N\u00e2z\u0131m Hikmet konusunda vazge\u00e7ilmez bir ba\u015fvuru kayna\u011f\u0131 olma \u00f6zelli\u011fi ta\u015f\u0131yan kitap, ayn\u0131 zamanda bir solukta okunacak bir roman ak\u0131c\u0131l\u0131\u011f\u0131na da sahip. <\/p>\n","protected":false},"excerpt":{"rendered":"<p>Rus\u00e7ada yay\u0131mlad\u0131\u011f\u0131 1975\u2019ten bir y\u0131l sonra Ataol Behramo\u011flu \u00e7evirisi ile dilimizde ilk kez yay\u0131mlanan bu yap\u0131t, daha sonra yeni bas\u0131mlar yapt\u0131. Bug\u00fcn Cumhuriyet Kitaplar\u0131 aras\u0131nda sundu\u011fumuz<span class=\"excerpt-hellip\"> [\u2026]<\/span><\/p>\n","protected":false},"featured_media":0,"template":"","meta":{"_monsterinsights_skip_tracking":false,"_monsterinsights_sitenote_active":false,"_monsterinsights_sitenote_note":"","_monsterinsights_sitenote_category":0},"product_brand":[],"product_cat":[14009,12291],"product_tag":[],"class_list":{"0":"post-695614","1":"product","2":"type-product","3":"status-publish","5":"product_cat-biyografi-otobiyografi-edebiyat","6":"product_cat-edebiyat","7":"pa_cilt-ciltsiz","8":"pa_tur-kitap","9":"pa_yayinevi-cumhuriyet-kitaplari","10":"pa_yazar-ekber-babayev","12":"first","13":"instock","14":"sale","15":"shipping-taxable","16":"purchasable","17":"product-type-simple"},"_links":{"self":[{"href":"https:\/\/roveyayinevi.com.tr\/index.php\/wp-json\/wp\/v2\/product\/695614","targetHints":{"allow":["GET"]}}],"collection":[{"href":"https:\/\/roveyayinevi.com.tr\/index.php\/wp-json\/wp\/v2\/product"}],"about":[{"href":"https:\/\/roveyayinevi.com.tr\/index.php\/wp-json\/wp\/v2\/types\/product"}],"wp:attachment":[{"href":"https:\/\/roveyayinevi.com.tr\/index.php\/wp-json\/wp\/v2\/media?parent=695614"}],"wp:term":[{"taxonomy":"product_brand","embeddable":true,"href":"https:\/\/roveyayinevi.com.tr\/index.php\/wp-json\/wp\/v2\/product_brand?post=695614"},{"taxonomy":"product_cat","embeddable":true,"href":"https:\/\/roveyayinevi.com.tr\/index.php\/wp-json\/wp\/v2\/product_cat?post=695614"},{"taxonomy":"product_tag","embeddable":true,"href":"https:\/\/roveyayinevi.com.tr\/index.php\/wp-json\/wp\/v2\/product_tag?post=695614"}],"curies":[{"name":"wp","href":"https:\/\/api.w.org\/{rel}","templated":true}]}}