{"id":695611,"date":"2025-08-27T14:29:46","date_gmt":"2025-08-27T11:29:46","guid":{"rendered":"https:\/\/roveyayinevi.com.tr\/index.php\/urun\/kayitsiz-kalmayin-mucadeleye-katilin\/"},"modified":"2026-04-16T02:05:41","modified_gmt":"2026-04-15T23:05:41","slug":"kayitsiz-kalmayin-mucadeleye-katilin","status":"publish","type":"product","link":"https:\/\/roveyayinevi.com.tr\/index.php\/urun\/kayitsiz-kalmayin-mucadeleye-katilin\/","title":{"rendered":"Kay\u0131ts\u0131z Kalmay\u0131n M\u00fccadeleye Kat\u0131l\u0131n!"},"content":{"rendered":"<p>Stephane Hessel, milyonlarca satan \u00d6fkelenin! adl\u0131 kitab\u0131ndan sonra Gilles Vanderpooten ile yapt\u0131\u011f\u0131 s\u00f6yle\u015filerde, Fransa\u2019da 1944\u2019te Ulusal Direni\u015f Konseyi\u2019nin; <\/p>\n","protected":false},"excerpt":{"rendered":"<p>Stephane Hessel, milyonlarca satan \u00d6fkelenin! adl\u0131 kitab\u0131ndan sonra Gilles Vanderpooten ile yapt\u0131\u011f\u0131 s\u00f6yle\u015filerde, Fransa\u2019da 1944\u2019te Ulusal Direni\u015f Konseyi\u2019nin;<\/p>\n","protected":false},"featured_media":0,"template":"","meta":{"_monsterinsights_skip_tracking":false,"_monsterinsights_sitenote_active":false,"_monsterinsights_sitenote_note":"","_monsterinsights_sitenote_category":0},"product_brand":[],"product_cat":[12364,12826],"product_tag":[],"class_list":{"0":"post-695611","1":"product","2":"type-product","3":"status-publish","5":"product_cat-genel-konular","6":"product_cat-soylesi","7":"pa_tur-kitap","8":"pa_yayinevi-cumhuriyet-kitaplari","9":"pa_yazar-stephane-hessel","11":"first","12":"instock","13":"sale","14":"shipping-taxable","15":"purchasable","16":"product-type-simple"},"_links":{"self":[{"href":"https:\/\/roveyayinevi.com.tr\/index.php\/wp-json\/wp\/v2\/product\/695611","targetHints":{"allow":["GET"]}}],"collection":[{"href":"https:\/\/roveyayinevi.com.tr\/index.php\/wp-json\/wp\/v2\/product"}],"about":[{"href":"https:\/\/roveyayinevi.com.tr\/index.php\/wp-json\/wp\/v2\/types\/product"}],"wp:attachment":[{"href":"https:\/\/roveyayinevi.com.tr\/index.php\/wp-json\/wp\/v2\/media?parent=695611"}],"wp:term":[{"taxonomy":"product_brand","embeddable":true,"href":"https:\/\/roveyayinevi.com.tr\/index.php\/wp-json\/wp\/v2\/product_brand?post=695611"},{"taxonomy":"product_cat","embeddable":true,"href":"https:\/\/roveyayinevi.com.tr\/index.php\/wp-json\/wp\/v2\/product_cat?post=695611"},{"taxonomy":"product_tag","embeddable":true,"href":"https:\/\/roveyayinevi.com.tr\/index.php\/wp-json\/wp\/v2\/product_tag?post=695611"}],"curies":[{"name":"wp","href":"https:\/\/api.w.org\/{rel}","templated":true}]}}