{"id":695610,"date":"2025-08-27T14:29:46","date_gmt":"2025-08-27T11:29:46","guid":{"rendered":"https:\/\/roveyayinevi.com.tr\/index.php\/urun\/yasamin-kirilma-noktasinda-dram-sanati\/"},"modified":"2026-04-16T02:05:41","modified_gmt":"2026-04-15T23:05:41","slug":"yasamin-kirilma-noktasinda-dram-sanati","status":"publish","type":"product","link":"https:\/\/roveyayinevi.com.tr\/index.php\/urun\/yasamin-kirilma-noktasinda-dram-sanati\/","title":{"rendered":"Ya\u015fam\u0131n K\u0131r\u0131lma Noktas\u0131nda Dram Sanat\u0131"},"content":{"rendered":"<p>\u201cAristoteles\u2019in Poetika\u2019s\u0131nda yap\u0131lan \u00fcnl\u00fc tan\u0131mdan itibaren, oyun metninin ve teatral temsilin yap\u0131sal ilkesi olan \u201cdramatik\u201d kavram\u0131 ve \u201ct\u00fcrler\u201d konusu, sadece tiyatro d\u00fcnyas\u0131nda de\u011fil felsefe ve estetik \u00e7evresinde de, h\u00e2l\u00e2 esas tart\u0131\u015fma olarak yerini korumaktad\u0131r. Bu esasl\u0131 tart\u0131\u015fmaya Bat\u0131 d\u0131\u015f\u0131ndan biri, tiyatromuzun filozofu Sevda \u015eener, \u201cdramatik\u201d [drama \u00f6zg\u00fc] kavram\u0131n\u0131 ele ald\u0131\u011f\u0131 ve yorumlad\u0131\u011f\u0131 kendine \u00f6zg\u00fc bir yap\u0131tla katk\u0131da bulunuyor: Ya\u015fam\u0131n K\u0131r\u0131lma Noktas\u0131nda Dram Sanat\u0131. \u201cBu \u00e7al\u0131\u015fmada, dramatik olan\u0131 belirlemeye ve farkl\u0131 t\u00fcrlerde dramatik olan\u0131n nas\u0131l olu\u015ftu\u011funu incelemeye \u00e7al\u0131\u015ft\u0131m; ar\u0131 ve karma t\u00fcrler \u00fczerinde durarak, t\u00fcrlerin \u00f6z ve bi\u00e7im \u00f6zelliklerini a\u00e7\u0131klamak, dramatik olan\u0131n her t\u00fcrde yerini nas\u0131l bir d\u00fczen i\u00e7inde ald\u0131\u011f\u0131n\u0131 g\u00f6stermek istedim. Bu konuyu se\u00e7memin nedeni, dramatik dedi\u011fimiz niteli\u011fin yeterince bilinmedi\u011fi ku\u015fkusu olmu\u015ftur. (\u2026) Dram sanat\u0131, insan\u0131, toplumu, ya\u015fam\u0131 anlamak ve anlamland\u0131rmak i\u00e7in tiyatro sanat\u0131n\u0131n eli alt\u0131ndaki her \u00e7e\u015fit malzemenin ustal\u0131kla kurgulanmas\u0131n\u0131 gerektiren, bu konuda beceriksizli\u011fi ba\u011f\u0131\u015flamayan \u00e7etin bir sanatt\u0131r.\u201d <\/p>\n","protected":false},"excerpt":{"rendered":"<p>\u201cAristoteles\u2019in Poetika\u2019s\u0131nda yap\u0131lan \u00fcnl\u00fc tan\u0131mdan itibaren, oyun metninin ve teatral temsilin yap\u0131sal ilkesi olan \u201cdramatik\u201d kavram\u0131 ve \u201ct\u00fcrler\u201d konusu, sadece tiyatro d\u00fcnyas\u0131nda de\u011fil felsefe ve estetik<span class=\"excerpt-hellip\"> [\u2026]<\/span><\/p>\n","protected":false},"featured_media":0,"template":"","meta":{"_monsterinsights_skip_tracking":false,"_monsterinsights_sitenote_active":false,"_monsterinsights_sitenote_note":"","_monsterinsights_sitenote_category":0},"product_brand":[],"product_cat":[12409,12408],"product_tag":[],"class_list":{"0":"post-695610","1":"product","2":"type-product","3":"status-publish","5":"product_cat-fotograf-sinema-tiyatro","6":"product_cat-sanat","7":"pa_cilt-ciltsiz","8":"pa_tur-kitap","9":"pa_yayinevi-dost-kitabevi-yayinlari","10":"pa_yazar-sevda-sener","12":"first","13":"instock","14":"sale","15":"shipping-taxable","16":"purchasable","17":"product-type-simple"},"_links":{"self":[{"href":"https:\/\/roveyayinevi.com.tr\/index.php\/wp-json\/wp\/v2\/product\/695610","targetHints":{"allow":["GET"]}}],"collection":[{"href":"https:\/\/roveyayinevi.com.tr\/index.php\/wp-json\/wp\/v2\/product"}],"about":[{"href":"https:\/\/roveyayinevi.com.tr\/index.php\/wp-json\/wp\/v2\/types\/product"}],"wp:attachment":[{"href":"https:\/\/roveyayinevi.com.tr\/index.php\/wp-json\/wp\/v2\/media?parent=695610"}],"wp:term":[{"taxonomy":"product_brand","embeddable":true,"href":"https:\/\/roveyayinevi.com.tr\/index.php\/wp-json\/wp\/v2\/product_brand?post=695610"},{"taxonomy":"product_cat","embeddable":true,"href":"https:\/\/roveyayinevi.com.tr\/index.php\/wp-json\/wp\/v2\/product_cat?post=695610"},{"taxonomy":"product_tag","embeddable":true,"href":"https:\/\/roveyayinevi.com.tr\/index.php\/wp-json\/wp\/v2\/product_tag?post=695610"}],"curies":[{"name":"wp","href":"https:\/\/api.w.org\/{rel}","templated":true}]}}