{"id":695608,"date":"2025-08-27T14:29:45","date_gmt":"2025-08-27T11:29:45","guid":{"rendered":"https:\/\/roveyayinevi.com.tr\/index.php\/urun\/evrenin-ilahi-dili-uyanis\/"},"modified":"2026-04-03T02:09:05","modified_gmt":"2026-04-02T23:09:05","slug":"evrenin-ilahi-dili-uyanis","status":"publish","type":"product","link":"https:\/\/roveyayinevi.com.tr\/index.php\/urun\/evrenin-ilahi-dili-uyanis\/","title":{"rendered":"Evrenin \u0130lahi Dili &#8211; Uyan\u0131\u015f"},"content":{"rendered":"<p>Hayat\u0131mda yolunda gitmeyen bir \u015feyler vard\u0131. Y\u0131llard\u0131r \u00e7abal\u0131yordum. Bir t\u00fcrl\u00fc hayalini kurdu\u011fum yere b\u0131rak gelmeyi, yan\u0131na bile yakla\u015famam\u0131\u015ft\u0131m. Kontrol etmeye \u00e7al\u0131\u015ft\u0131\u011f\u0131m her \u015fey, kontrol\u00fcmden \u00e7\u0131km\u0131\u015ft\u0131.Herkese sa\u00e7\u0131m\u0131 s\u00fcp\u00fcrge etmi\u015ftim, kimse k\u0131ymetimi bilmemi\u015fti. Hep de beni bulur, hep de benim ba\u015f\u0131ma gelirdi&#8230; Ar\u0131zalanmaktan yorulmu\u015ftum&#8230; Toplumun benden istedi\u011fi iyi insan karakterini elimden gelenin en iyisiyle uygulamaya \u00e7al\u0131\u015fmama ra\u011fmen, kuma batm\u0131\u015f araba gibiydim.Gaza bast\u0131k\u00e7a g\u00f6m\u00fcl\u00fcyordum ve kendimi \u00e7\u0131kmazda hissediyordum. Ne zaman ki fark ettim , korktu\u011fum her \u015fey ba\u015f\u0131ma geliyor, i\u015fte o zaman benim i\u00e7in uyan\u0131\u015f ba\u015flam\u0131\u015ft\u0131&#8230;B\u00fct\u00fcne I\u015f\u0131k Olsun<\/p>\n","protected":false},"excerpt":{"rendered":"<p>Hayat\u0131mda yolunda gitmeyen bir \u015feyler vard\u0131. Y\u0131llard\u0131r \u00e7abal\u0131yordum. Bir t\u00fcrl\u00fc hayalini kurdu\u011fum yere b\u0131rak gelmeyi, yan\u0131na bile yakla\u015famam\u0131\u015ft\u0131m. Kontrol etmeye \u00e7al\u0131\u015ft\u0131\u011f\u0131m her \u015fey, kontrol\u00fcmden \u00e7\u0131km\u0131\u015ft\u0131.Herkese sa\u00e7\u0131m\u0131<span class=\"excerpt-hellip\"> [\u2026]<\/span><\/p>\n","protected":false},"featured_media":0,"template":"","meta":{"_monsterinsights_skip_tracking":false,"_monsterinsights_sitenote_active":false,"_monsterinsights_sitenote_note":"","_monsterinsights_sitenote_category":0},"product_brand":[],"product_cat":[12364,12376],"product_tag":[],"class_list":{"0":"post-695608","1":"product","2":"type-product","3":"status-publish","5":"product_cat-genel-konular","6":"product_cat-kisisel-gelisim","7":"pa_cilt-ciltsiz","8":"pa_tur-kitap","9":"pa_yayinevi-destek-yayinlari","10":"pa_yazar-bulent-gardiyanoglu","12":"first","13":"instock","14":"sale","15":"shipping-taxable","16":"purchasable","17":"product-type-simple"},"_links":{"self":[{"href":"https:\/\/roveyayinevi.com.tr\/index.php\/wp-json\/wp\/v2\/product\/695608","targetHints":{"allow":["GET"]}}],"collection":[{"href":"https:\/\/roveyayinevi.com.tr\/index.php\/wp-json\/wp\/v2\/product"}],"about":[{"href":"https:\/\/roveyayinevi.com.tr\/index.php\/wp-json\/wp\/v2\/types\/product"}],"wp:attachment":[{"href":"https:\/\/roveyayinevi.com.tr\/index.php\/wp-json\/wp\/v2\/media?parent=695608"}],"wp:term":[{"taxonomy":"product_brand","embeddable":true,"href":"https:\/\/roveyayinevi.com.tr\/index.php\/wp-json\/wp\/v2\/product_brand?post=695608"},{"taxonomy":"product_cat","embeddable":true,"href":"https:\/\/roveyayinevi.com.tr\/index.php\/wp-json\/wp\/v2\/product_cat?post=695608"},{"taxonomy":"product_tag","embeddable":true,"href":"https:\/\/roveyayinevi.com.tr\/index.php\/wp-json\/wp\/v2\/product_tag?post=695608"}],"curies":[{"name":"wp","href":"https:\/\/api.w.org\/{rel}","templated":true}]}}