{"id":695607,"date":"2025-08-27T14:29:45","date_gmt":"2025-08-27T11:29:45","guid":{"rendered":"https:\/\/roveyayinevi.com.tr\/index.php\/urun\/kiskirtilmis-erkeklik-bastirilmis-kadinlik\/"},"modified":"2026-04-12T02:06:34","modified_gmt":"2026-04-11T23:06:34","slug":"kiskirtilmis-erkeklik-bastirilmis-kadinlik","status":"publish","type":"product","link":"https:\/\/roveyayinevi.com.tr\/index.php\/urun\/kiskirtilmis-erkeklik-bastirilmis-kadinlik\/","title":{"rendered":"K\u0131\u015fk\u0131rt\u0131lm\u0131\u015f Erkeklik Bast\u0131r\u0131lm\u0131\u015f Kad\u0131nl\u0131k"},"content":{"rendered":"<p>Ba\u015f\u0131m\u0131z\u0131 kald\u0131rmam\u0131z gerekiyor.Bize \u00f6\u011fretilen yanl\u0131\u015flara kar\u015f\u0131 ba\u015fkald\u0131rmam\u0131z gerekiyor.Bize s\u00f6ylenen yalanlara kar\u015f\u0131 ba\u015fkald\u0131rmam\u0131z gerekiyor.Sevginin ayaklar alt\u0131na al\u0131nd\u0131\u011f\u0131 bir \u00e7\u0131kar d\u00fcnyas\u0131nda bizim daha \u00e7ok ba\u015fkald\u0131rmam\u0131z gerekiyor.Duygular\u0131m\u0131z\u0131 korumak i\u00e7in, duygular\u0131m\u0131z\u0131 geli\u015ftirmek i\u00e7in daha \u00e7ok ba\u015fkald\u0131r\u0131 gerekiyor.Hayat\u0131n g\u00f6z\u00fcne i\u00e7tenlikle bakmal\u0131y\u0131z.Hayat\u0131 sevdi\u011fimizi s\u00f6ylemekten korkmamal\u0131y\u0131z.Kendimizi savunmak hayat\u0131 savunmakt\u0131r.Elimizi sevdi\u011fimiz elin \u00fcst\u00fcne koymaktan korkmamal\u0131y\u0131z. Korkulacak olan, giderek yapay bir insan olmakt\u0131r.Elimizi hayat\u0131n elinin \u00fcst\u00fcne koyal\u0131m. <\/p>\n","protected":false},"excerpt":{"rendered":"<p>Ba\u015f\u0131m\u0131z\u0131 kald\u0131rmam\u0131z gerekiyor.Bize \u00f6\u011fretilen yanl\u0131\u015flara kar\u015f\u0131 ba\u015fkald\u0131rmam\u0131z gerekiyor.Bize s\u00f6ylenen yalanlara kar\u015f\u0131 ba\u015fkald\u0131rmam\u0131z gerekiyor.Sevginin ayaklar alt\u0131na al\u0131nd\u0131\u011f\u0131 bir \u00e7\u0131kar d\u00fcnyas\u0131nda bizim daha \u00e7ok ba\u015fkald\u0131rmam\u0131z gerekiyor.Duygular\u0131m\u0131z\u0131 korumak i\u00e7in,<span class=\"excerpt-hellip\"> [\u2026]<\/span><\/p>\n","protected":false},"featured_media":0,"template":"","meta":{"_monsterinsights_skip_tracking":false,"_monsterinsights_sitenote_active":false,"_monsterinsights_sitenote_note":"","_monsterinsights_sitenote_category":0},"product_brand":[],"product_cat":[12364,12376],"product_tag":[],"class_list":{"0":"post-695607","1":"product","2":"type-product","3":"status-publish","5":"product_cat-genel-konular","6":"product_cat-kisisel-gelisim","7":"pa_cilt-ciltsiz","8":"pa_tur-kitap","9":"pa_yayinevi-cumhuriyet-kitaplari","10":"pa_yazar-erdal-atabek","12":"first","13":"instock","14":"sale","15":"shipping-taxable","16":"purchasable","17":"product-type-simple"},"_links":{"self":[{"href":"https:\/\/roveyayinevi.com.tr\/index.php\/wp-json\/wp\/v2\/product\/695607","targetHints":{"allow":["GET"]}}],"collection":[{"href":"https:\/\/roveyayinevi.com.tr\/index.php\/wp-json\/wp\/v2\/product"}],"about":[{"href":"https:\/\/roveyayinevi.com.tr\/index.php\/wp-json\/wp\/v2\/types\/product"}],"wp:attachment":[{"href":"https:\/\/roveyayinevi.com.tr\/index.php\/wp-json\/wp\/v2\/media?parent=695607"}],"wp:term":[{"taxonomy":"product_brand","embeddable":true,"href":"https:\/\/roveyayinevi.com.tr\/index.php\/wp-json\/wp\/v2\/product_brand?post=695607"},{"taxonomy":"product_cat","embeddable":true,"href":"https:\/\/roveyayinevi.com.tr\/index.php\/wp-json\/wp\/v2\/product_cat?post=695607"},{"taxonomy":"product_tag","embeddable":true,"href":"https:\/\/roveyayinevi.com.tr\/index.php\/wp-json\/wp\/v2\/product_tag?post=695607"}],"curies":[{"name":"wp","href":"https:\/\/api.w.org\/{rel}","templated":true}]}}