{"id":695602,"date":"2025-08-27T14:29:44","date_gmt":"2025-08-27T11:29:44","guid":{"rendered":"https:\/\/roveyayinevi.com.tr\/index.php\/urun\/fatih\/"},"modified":"2025-11-22T02:42:05","modified_gmt":"2025-11-21T23:42:05","slug":"fatih","status":"publish","type":"product","link":"https:\/\/roveyayinevi.com.tr\/index.php\/urun\/fatih\/","title":{"rendered":"Fatih"},"content":{"rendered":"<p>Ezberleri bozan sultan\u2026  \u00c7a\u011f de\u011fi\u015ftirecek hamlelere imza atan bir taktik ustas\u0131\u2026 \u0130hanete kar\u015f\u0131 ac\u0131mas\u0131z, tutkuyla ba\u011fland\u0131\u011f\u0131 kad\u0131nlar\u0131na kar\u015f\u0131 sert\u2026 Osmanl\u0131 sultanlar\u0131 aras\u0131nda belki de en stat\u00fckocu olan\u0131yd\u0131 ama ayn\u0131 zamanda b\u00fcy\u00fck devrimlere imza atan g\u00fc\u00e7l\u00fc bir liderdi Fatih. Y\u00fcre\u011fi de d\u0131\u015far\u0131dan g\u00f6r\u00fcnen sert mizac\u0131 gibiydi\u2026 Kimseyi hayat\u0131n\u0131n, duygular\u0131n\u0131n oda\u011f\u0131na koymuyordu. Onun i\u00e7in herkes gerekliydi ama hi\u00e7 kimse de vazge\u00e7ilmez de\u011fildi\u2026  Ve kad\u0131nlar\u2026 G\u00fc\u00e7l\u00fc tutkular\u0131 k\u0131sa s\u00fcrede yat\u0131\u015f\u0131yor, onlara kar\u015f\u0131 y\u00fcre\u011finde parlayan ate\u015f \u00e7abuk s\u00f6n\u00fcyordu. \u00c7\u00fcnk\u00fc varl\u0131\u011f\u0131n\u0131n en b\u00fcy\u00fck amac\u0131n\u0131, d\u00fcnyan\u0131n lideri olmak diye tan\u0131ml\u0131yordu. \u0130stanbul\u2019u almakla ba\u015flayacakt\u0131 o yolda y\u00fcr\u00fcmeye\u2026 Yery\u00fcz\u00fcn\u00fcn dengelerini bozacak olan bu b\u00fcy\u00fck fethin sadece askeri g\u00fc\u00e7le ba\u015far\u0131lamayaca\u011f\u0131n\u0131 biliyordu. Bilinen b\u00fct\u00fcn yollar\u0131 mubah sayd\u0131 ve taktik ustal\u0131\u011f\u0131n\u0131 sonuna kadar kulland\u0131. Devlet i\u00e7in istihbarat a\u011f\u0131n\u0131n ne kadar \u00f6nemli ve belirleyici oldu\u011funu fetih s\u00fcrecinde daha net g\u00f6rd\u00fc\u2026  Sat\u0131l\u0131k ruhlar\u0131n, ihanetlerin, g\u00fc\u00e7 sava\u015flar\u0131n\u0131n, entrikalar\u0131n, tutkulu tenlerin ve i\u00e7 hesapla\u015fmalar\u0131n girdab\u0131ndan \u00e7\u0131karak ideallerine ko\u015fmay\u0131 ba\u015farmas\u0131, ruhundaki ate\u015fin so\u011fuk y\u00fcz\u00fc sayesinde olmu\u015ftu belki de\u2026 <\/p>\n","protected":false},"excerpt":{"rendered":"<p>Ezberleri bozan sultan\u2026 \u00c7a\u011f de\u011fi\u015ftirecek hamlelere imza atan bir taktik ustas\u0131\u2026 \u0130hanete kar\u015f\u0131 ac\u0131mas\u0131z, tutkuyla ba\u011fland\u0131\u011f\u0131 kad\u0131nlar\u0131na kar\u015f\u0131 sert\u2026 Osmanl\u0131 sultanlar\u0131 aras\u0131nda belki de en stat\u00fckocu<span class=\"excerpt-hellip\"> [\u2026]<\/span><\/p>\n","protected":false},"featured_media":0,"template":"","meta":{"_monsterinsights_skip_tracking":false,"_monsterinsights_sitenote_active":false,"_monsterinsights_sitenote_note":"","_monsterinsights_sitenote_category":0},"product_brand":[],"product_cat":[13946,12304],"product_tag":[],"class_list":{"0":"post-695602","1":"product","2":"type-product","3":"status-publish","5":"product_cat-biyografi-otobiyografi","6":"product_cat-tarih","7":"pa_cilt-ciltsiz","8":"pa_tur-kitap","9":"pa_yayinevi-destek-yayinlari","10":"pa_yazar-erdem-anilan","12":"first","13":"instock","14":"sale","15":"shipping-taxable","16":"purchasable","17":"product-type-simple"},"_links":{"self":[{"href":"https:\/\/roveyayinevi.com.tr\/index.php\/wp-json\/wp\/v2\/product\/695602","targetHints":{"allow":["GET"]}}],"collection":[{"href":"https:\/\/roveyayinevi.com.tr\/index.php\/wp-json\/wp\/v2\/product"}],"about":[{"href":"https:\/\/roveyayinevi.com.tr\/index.php\/wp-json\/wp\/v2\/types\/product"}],"wp:attachment":[{"href":"https:\/\/roveyayinevi.com.tr\/index.php\/wp-json\/wp\/v2\/media?parent=695602"}],"wp:term":[{"taxonomy":"product_brand","embeddable":true,"href":"https:\/\/roveyayinevi.com.tr\/index.php\/wp-json\/wp\/v2\/product_brand?post=695602"},{"taxonomy":"product_cat","embeddable":true,"href":"https:\/\/roveyayinevi.com.tr\/index.php\/wp-json\/wp\/v2\/product_cat?post=695602"},{"taxonomy":"product_tag","embeddable":true,"href":"https:\/\/roveyayinevi.com.tr\/index.php\/wp-json\/wp\/v2\/product_tag?post=695602"}],"curies":[{"name":"wp","href":"https:\/\/api.w.org\/{rel}","templated":true}]}}