{"id":695601,"date":"2025-08-27T14:29:43","date_gmt":"2025-08-27T11:29:43","guid":{"rendered":"https:\/\/roveyayinevi.com.tr\/index.php\/urun\/orada-saat-kac\/"},"modified":"2026-04-16T02:05:41","modified_gmt":"2026-04-15T23:05:41","slug":"orada-saat-kac","status":"publish","type":"product","link":"https:\/\/roveyayinevi.com.tr\/index.php\/urun\/orada-saat-kac\/","title":{"rendered":"Orada Saat Ka\u00e7?"},"content":{"rendered":"<p>Osmanl\u0131 \u0130mparatorlu\u011fu\u2019nda ya\u015fayan biri Amerika\u2019n\u0131n ke\u015ffi konusunda ne d\u00fc\u015f\u00fcn\u00fcyordu? Peki Yeni D\u00fcnya\u2019da ya\u015fayan biri Osmanl\u0131 hakk\u0131nda ne d\u00fc\u015f\u00fcn\u00fcyordu? Orada Saat Ka\u00e7? XVI. y\u00fczy\u0131lda co\u011frafyalarda farkl\u0131 tarihsel ve toplumsal yap\u0131lar i\u00e7erisinde ya\u015fayan fakat ayn\u0131 d\u00fcnyay\u0131 payla\u015ft\u0131klar\u0131n\u0131n fark\u0131nda olan iki insan\u0131n, Meksikolu Heinrich Martin ve \u0130stanbullu isimsiz bir yazar\u0131n birbirlerini anlama \u00e7abalar\u0131n\u0131 anlamaya \u00e7al\u0131\u015fan bir kitap. Serge Gruzinski, ba\u015fka d\u00fcnyalara ve ba\u015fka insanlara kar\u015f\u0131 duyulan merak duygusundan hareketle, bu iki yazar\u0131n \u00f6tekiyi tan\u0131ma \u00e7abalar\u0131na odaklan\u0131yor. \ufffcTan\u0131t\u0131m Metni<\/p>\n","protected":false},"excerpt":{"rendered":"<p>Osmanl\u0131 \u0130mparatorlu\u011fu\u2019nda ya\u015fayan biri Amerika\u2019n\u0131n ke\u015ffi konusunda ne d\u00fc\u015f\u00fcn\u00fcyordu? Peki Yeni D\u00fcnya\u2019da ya\u015fayan biri Osmanl\u0131 hakk\u0131nda ne d\u00fc\u015f\u00fcn\u00fcyordu? Orada Saat Ka\u00e7? XVI. y\u00fczy\u0131lda co\u011frafyalarda farkl\u0131 tarihsel<span class=\"excerpt-hellip\"> [\u2026]<\/span><\/p>\n","protected":false},"featured_media":0,"template":"","meta":{"_monsterinsights_skip_tracking":false,"_monsterinsights_sitenote_active":false,"_monsterinsights_sitenote_note":"","_monsterinsights_sitenote_category":0},"product_brand":[],"product_cat":[12388,15309],"product_tag":[],"class_list":{"0":"post-695601","1":"product","2":"type-product","3":"status-publish","5":"product_cat-felsefe","6":"product_cat-felsefi-akimlar","7":"pa_tur-kitap","8":"pa_yayinevi-dogu-bati-yayinlari","9":"pa_yazar-serge-gruzinski","11":"first","12":"instock","13":"sale","14":"shipping-taxable","15":"purchasable","16":"product-type-simple"},"_links":{"self":[{"href":"https:\/\/roveyayinevi.com.tr\/index.php\/wp-json\/wp\/v2\/product\/695601","targetHints":{"allow":["GET"]}}],"collection":[{"href":"https:\/\/roveyayinevi.com.tr\/index.php\/wp-json\/wp\/v2\/product"}],"about":[{"href":"https:\/\/roveyayinevi.com.tr\/index.php\/wp-json\/wp\/v2\/types\/product"}],"wp:attachment":[{"href":"https:\/\/roveyayinevi.com.tr\/index.php\/wp-json\/wp\/v2\/media?parent=695601"}],"wp:term":[{"taxonomy":"product_brand","embeddable":true,"href":"https:\/\/roveyayinevi.com.tr\/index.php\/wp-json\/wp\/v2\/product_brand?post=695601"},{"taxonomy":"product_cat","embeddable":true,"href":"https:\/\/roveyayinevi.com.tr\/index.php\/wp-json\/wp\/v2\/product_cat?post=695601"},{"taxonomy":"product_tag","embeddable":true,"href":"https:\/\/roveyayinevi.com.tr\/index.php\/wp-json\/wp\/v2\/product_tag?post=695601"}],"curies":[{"name":"wp","href":"https:\/\/api.w.org\/{rel}","templated":true}]}}