{"id":695596,"date":"2025-08-27T14:29:42","date_gmt":"2025-08-27T11:29:42","guid":{"rendered":"https:\/\/roveyayinevi.com.tr\/index.php\/urun\/500\/"},"modified":"2026-04-16T02:05:41","modified_gmt":"2026-04-15T23:05:41","slug":"500","status":"publish","type":"product","link":"https:\/\/roveyayinevi.com.tr\/index.php\/urun\/500\/","title":{"rendered":"500"},"content":{"rendered":"<p>K\u0130M 500&#8217;DEN G\u00dc\u00c7L\u00dc OLAB\u0130L\u0130R?500&#8217;\u00dcN SIRLARINI B\u0130LEN ADAM.Ben Mike Ford, ge\u00e7en y\u0131l Harvard Hukuk&#8217;tan mezun oldum ve Amerika&#8217;n\u0131n en g\u00fc\u00e7l\u00fc lobi \u015firketi Davies Group i\u00e7in \u00e7al\u0131\u015f\u0131yorum. \u0130\u015fim d\u00fcnyay\u0131 y\u00f6neten 500 ki\u015fiden \u201ctalep\u201dte bulunmak. Neden tekliflerimiz her ko\u015fulda kabul ediliyor, patronum Henry Davies&#8217;in s\u0131rr\u0131 ne? Size yemin ederim, hi\u00e7 \u00f6\u011frenmemeye raz\u0131yd\u0131m. Zorunda b\u0131rak\u0131ld\u0131m.\u015eimdi hayat\u0131m\u0131 geri istiyorum. Ama ruhunu \u015feytana satm\u0131\u015fsan, geri almak i\u00e7in \u00f6nce \u015feytan\u0131n fiyat\u0131n\u0131 bulman gerekir.Siyasi entrikalar, ak\u0131l oyunlar\u0131 ve nefes kesen aksiyonu ola\u011fan\u00fcst\u00fc bir \u015fekilde bir araya getiren 500, t\u00fcm d\u00fcnyada geni\u015f yank\u0131 uyand\u0131rd\u0131; toplam 20 dile \u00e7evrilen kitap, yak\u0131n zamanda b\u00fcy\u00fck b\u00fct\u00e7eli bir prod\u00fcksiyon olarak beyaz perdeye aktar\u0131lacak. <\/p>\n","protected":false},"excerpt":{"rendered":"<p>K\u0130M 500&#8217;DEN G\u00dc\u00c7L\u00dc OLAB\u0130L\u0130R?500&#8217;\u00dcN SIRLARINI B\u0130LEN ADAM.Ben Mike Ford, ge\u00e7en y\u0131l Harvard Hukuk&#8217;tan mezun oldum ve Amerika&#8217;n\u0131n en g\u00fc\u00e7l\u00fc lobi \u015firketi Davies Group i\u00e7in \u00e7al\u0131\u015f\u0131yorum. \u0130\u015fim<span class=\"excerpt-hellip\"> [\u2026]<\/span><\/p>\n","protected":false},"featured_media":0,"template":"","meta":{"_monsterinsights_skip_tracking":false,"_monsterinsights_sitenote_active":false,"_monsterinsights_sitenote_note":"","_monsterinsights_sitenote_category":0},"product_brand":[],"product_cat":[12291,12711],"product_tag":[],"class_list":{"0":"post-695596","1":"product","2":"type-product","3":"status-publish","5":"product_cat-edebiyat","6":"product_cat-roman-oyku","7":"pa_cilt-ciltsiz","8":"pa_tur-kitap","9":"pa_yayinevi-domingo-yayinevi","10":"pa_yazar-matthew-quirk","12":"first","13":"instock","14":"sale","15":"shipping-taxable","16":"purchasable","17":"product-type-simple"},"_links":{"self":[{"href":"https:\/\/roveyayinevi.com.tr\/index.php\/wp-json\/wp\/v2\/product\/695596","targetHints":{"allow":["GET"]}}],"collection":[{"href":"https:\/\/roveyayinevi.com.tr\/index.php\/wp-json\/wp\/v2\/product"}],"about":[{"href":"https:\/\/roveyayinevi.com.tr\/index.php\/wp-json\/wp\/v2\/types\/product"}],"wp:attachment":[{"href":"https:\/\/roveyayinevi.com.tr\/index.php\/wp-json\/wp\/v2\/media?parent=695596"}],"wp:term":[{"taxonomy":"product_brand","embeddable":true,"href":"https:\/\/roveyayinevi.com.tr\/index.php\/wp-json\/wp\/v2\/product_brand?post=695596"},{"taxonomy":"product_cat","embeddable":true,"href":"https:\/\/roveyayinevi.com.tr\/index.php\/wp-json\/wp\/v2\/product_cat?post=695596"},{"taxonomy":"product_tag","embeddable":true,"href":"https:\/\/roveyayinevi.com.tr\/index.php\/wp-json\/wp\/v2\/product_tag?post=695596"}],"curies":[{"name":"wp","href":"https:\/\/api.w.org\/{rel}","templated":true}]}}