{"id":695595,"date":"2025-08-27T14:29:42","date_gmt":"2025-08-27T11:29:42","guid":{"rendered":"https:\/\/roveyayinevi.com.tr\/index.php\/urun\/turkiyede-devlet-gelenegi\/"},"modified":"2026-04-16T02:05:41","modified_gmt":"2026-04-15T23:05:41","slug":"turkiyede-devlet-gelenegi","status":"publish","type":"product","link":"https:\/\/roveyayinevi.com.tr\/index.php\/urun\/turkiyede-devlet-gelenegi\/","title":{"rendered":"T\u00fcrkiye\u2019de Devlet Gelene\u011fi"},"content":{"rendered":"<p>Uluslararas\u0131 bilim camias\u0131nda tan\u0131nm\u0131\u015f siyaset bilimcilerimizden Metin Heper, T\u00fcrkiye\u2019de Devlet Gelene\u011fi adl\u0131 kitab\u0131yla son derece \u00f6nemli bir \u00e7al\u0131\u015fmaya imza at\u0131yor. \u00d6zg\u00fcn bask\u0131s\u0131 \u0130ngiltere\u2019de yay\u0131mlanm\u0131\u015f olan bu kitapta a\u015fk\u0131n devlet gelene\u011finin T\u00fcrk siyasal hayat\u0131n\u0131 ne \u015fekilde etkiledi\u011fi incelenmektedir. Heper, T\u00fcrkiye\u2019nin siyasal hayat\u0131n\u0131n irdelenmesinde yayg\u0131n olarak kullan\u0131lan \u201cmerkez-\u00e7evre\u201d yakla\u015f\u0131m\u0131n\u0131 tamamlay\u0131c\u0131 bir bak\u0131\u015f a\u00e7\u0131s\u0131 sunmaktad\u0131r.   \u201cHeper, basit bir \u015fekilde olaylar\u0131 anlatmaktan ziyade o olaylar\u0131, T\u00fcrklerin Osmanl\u0131 \u0130mparatorlu\u011fu ve T\u00fcrkiye Cumhuriyetindeki siyasal denemelerinden esinlenerek olu\u015fturdu\u011fu kuramsal analiz ile ili\u015fkilendirerek sunmaktad\u0131r.\u201d William Hale, Asian Affairs, 1986   \u201cBu kitap, hem T\u00fcrkiye\u2019deki politikac\u0131lar hem de bu \u00fclke hakk\u0131nda d\u0131\u015far\u0131dan ahk\u00e2m kesenler i\u00e7in mecburi okuma olmal\u0131d\u0131r\u201d. Bernard Burrows, International Affairs, 1986;   \u201cHeper\u2019in irdelemeleri \u00f6\u011fretici\u2026. Heper, yeni sonu\u00e7lara var\u0131labilmesini sa\u011flayan bir kuramsal \u00e7er\u00e7eve a\u00e7\u0131s\u0131ndan T\u00fcrkiye\u2019nin siyasal hayat\u0131n\u0131 inceliyor\u201d. Walter Weiker, Middle East Studies Association of North America Bulletin, 1987;   \u201cHeper, burada orijinal bir tez ile bilim aleminin kar\u015f\u0131s\u0131na \u00e7\u0131k\u0131yor ve &#8230; T\u00fcrkiye\u2019nin siyasal hayat\u0131 ile ilgili baz\u0131 basmakal\u0131p g\u00f6r\u00fc\u015fleri sorguluyor\u201d. Brian W. Beeley, BRISMES Bulletin, 1998 <\/p>\n","protected":false},"excerpt":{"rendered":"<p>Uluslararas\u0131 bilim camias\u0131nda tan\u0131nm\u0131\u015f siyaset bilimcilerimizden Metin Heper, T\u00fcrkiye\u2019de Devlet Gelene\u011fi adl\u0131 kitab\u0131yla son derece \u00f6nemli bir \u00e7al\u0131\u015fmaya imza at\u0131yor. \u00d6zg\u00fcn bask\u0131s\u0131 \u0130ngiltere\u2019de yay\u0131mlanm\u0131\u015f olan bu<span class=\"excerpt-hellip\"> [\u2026]<\/span><\/p>\n","protected":false},"featured_media":0,"template":"","meta":{"_monsterinsights_skip_tracking":false,"_monsterinsights_sitenote_active":false,"_monsterinsights_sitenote_note":"","_monsterinsights_sitenote_category":0},"product_brand":[],"product_cat":[12965,12337],"product_tag":[],"class_list":{"0":"post-695595","1":"product","2":"type-product","3":"status-publish","5":"product_cat-genel-politika","6":"product_cat-politika-siyaset","7":"pa_cilt-ciltsiz","8":"pa_tur-kitap","9":"pa_yayinevi-dogu-bati-yayinlari","10":"pa_yazar-metin-heper","12":"first","13":"instock","14":"sale","15":"shipping-taxable","16":"purchasable","17":"product-type-simple"},"_links":{"self":[{"href":"https:\/\/roveyayinevi.com.tr\/index.php\/wp-json\/wp\/v2\/product\/695595","targetHints":{"allow":["GET"]}}],"collection":[{"href":"https:\/\/roveyayinevi.com.tr\/index.php\/wp-json\/wp\/v2\/product"}],"about":[{"href":"https:\/\/roveyayinevi.com.tr\/index.php\/wp-json\/wp\/v2\/types\/product"}],"wp:attachment":[{"href":"https:\/\/roveyayinevi.com.tr\/index.php\/wp-json\/wp\/v2\/media?parent=695595"}],"wp:term":[{"taxonomy":"product_brand","embeddable":true,"href":"https:\/\/roveyayinevi.com.tr\/index.php\/wp-json\/wp\/v2\/product_brand?post=695595"},{"taxonomy":"product_cat","embeddable":true,"href":"https:\/\/roveyayinevi.com.tr\/index.php\/wp-json\/wp\/v2\/product_cat?post=695595"},{"taxonomy":"product_tag","embeddable":true,"href":"https:\/\/roveyayinevi.com.tr\/index.php\/wp-json\/wp\/v2\/product_tag?post=695595"}],"curies":[{"name":"wp","href":"https:\/\/api.w.org\/{rel}","templated":true}]}}