{"id":695590,"date":"2025-08-27T14:29:40","date_gmt":"2025-08-27T11:29:40","guid":{"rendered":"https:\/\/roveyayinevi.com.tr\/index.php\/urun\/tanzimattan-sonra-turkiyede-ilim-ve-mantik-anlayisi\/"},"modified":"2026-02-03T02:08:37","modified_gmt":"2026-02-02T23:08:37","slug":"tanzimattan-sonra-turkiyede-ilim-ve-mantik-anlayisi","status":"publish","type":"product","link":"https:\/\/roveyayinevi.com.tr\/index.php\/urun\/tanzimattan-sonra-turkiyede-ilim-ve-mantik-anlayisi\/","title":{"rendered":"Tanzimat\u2019tan Sonra T\u00fcrkiye\u2019de \u0130lim ve Mant\u0131k Anlay\u0131\u015f\u0131"},"content":{"rendered":"<p>Politik bir hamle olarak ba\u015flayan Tanzimat hareketi, T\u00fcrk Medeniyetinin yeni bir istikamete y\u00f6nelmesiyle neticelenmi\u015ftir. Bu y\u00f6neli\u015f R\u00f6nesans\u2019tan beri geli\u015fen Avrupa medeniyetine do\u011frudur. Bir as\u0131rdan fazla bir zaman var ki, sarf etti\u011fimiz gayret, cemiyetimizi o medeniyet \u00e7evresine sokmak ve o medeniyetin geli\u015fme istikametinde yol almakt\u0131r. Bu gayretimizde ne derecede muvaffak olduk, sorusu \u00fczerinde d\u00fc\u015f\u00fcnmek ve dolay\u0131s\u0131yla bu yolda g\u00f6sterdi\u011fimiz faaliyeti de\u011ferlendirmek, bundan sonraki fikir hayat\u0131m\u0131z\u0131n istikametine \u0131\u015f\u0131k tutacakt\u0131r. <\/p>\n","protected":false},"excerpt":{"rendered":"<p>Politik bir hamle olarak ba\u015flayan Tanzimat hareketi, T\u00fcrk Medeniyetinin yeni bir istikamete y\u00f6nelmesiyle neticelenmi\u015ftir. Bu y\u00f6neli\u015f R\u00f6nesans\u2019tan beri geli\u015fen Avrupa medeniyetine do\u011frudur. Bir as\u0131rdan fazla bir<span class=\"excerpt-hellip\"> [\u2026]<\/span><\/p>\n","protected":false},"featured_media":0,"template":"","meta":{"_monsterinsights_skip_tracking":false,"_monsterinsights_sitenote_active":false,"_monsterinsights_sitenote_note":"","_monsterinsights_sitenote_category":0},"product_brand":[],"product_cat":[12304,13493],"product_tag":[],"class_list":{"0":"post-695590","1":"product","2":"type-product","3":"status-publish","5":"product_cat-tarih","6":"product_cat-turkiye-ve-cumhuriyet-tarihi","7":"pa_tur-kitap","8":"pa_yayinevi-divan-kitap","9":"pa_yazar-necati-oner","11":"first","12":"instock","13":"sale","14":"shipping-taxable","15":"purchasable","16":"product-type-simple"},"_links":{"self":[{"href":"https:\/\/roveyayinevi.com.tr\/index.php\/wp-json\/wp\/v2\/product\/695590","targetHints":{"allow":["GET"]}}],"collection":[{"href":"https:\/\/roveyayinevi.com.tr\/index.php\/wp-json\/wp\/v2\/product"}],"about":[{"href":"https:\/\/roveyayinevi.com.tr\/index.php\/wp-json\/wp\/v2\/types\/product"}],"wp:attachment":[{"href":"https:\/\/roveyayinevi.com.tr\/index.php\/wp-json\/wp\/v2\/media?parent=695590"}],"wp:term":[{"taxonomy":"product_brand","embeddable":true,"href":"https:\/\/roveyayinevi.com.tr\/index.php\/wp-json\/wp\/v2\/product_brand?post=695590"},{"taxonomy":"product_cat","embeddable":true,"href":"https:\/\/roveyayinevi.com.tr\/index.php\/wp-json\/wp\/v2\/product_cat?post=695590"},{"taxonomy":"product_tag","embeddable":true,"href":"https:\/\/roveyayinevi.com.tr\/index.php\/wp-json\/wp\/v2\/product_tag?post=695590"}],"curies":[{"name":"wp","href":"https:\/\/api.w.org\/{rel}","templated":true}]}}