{"id":695585,"date":"2025-08-27T14:29:39","date_gmt":"2025-08-27T11:29:39","guid":{"rendered":"https:\/\/roveyayinevi.com.tr\/index.php\/urun\/teknolojinin-evrimi\/"},"modified":"2026-04-16T02:05:41","modified_gmt":"2026-04-15T23:05:41","slug":"teknolojinin-evrimi","status":"publish","type":"product","link":"https:\/\/roveyayinevi.com.tr\/index.php\/urun\/teknolojinin-evrimi\/","title":{"rendered":"Teknolojinin Evrimi"},"content":{"rendered":"<p>Stanley Kubrick, 2001: A Space Odyssey filminin giri\u015finde insanl\u0131\u011f\u0131n \u015fafa\u011f\u0131nda bir su birikintisi etraf\u0131nda verilen m\u00fccadeleyi betimlerken, bir kemik par\u00e7as\u0131n\u0131 silah olarak daha \u00f6nce defalarca test etmi\u015f, toplulu\u011fun geri kalan \u00fcyelerine g\u00f6re belki biraz cesur, biraz daha farkl\u0131 d\u00fc\u015f\u00fcnen \u00fcyesinin liderli\u011finde kazan\u0131lm\u0131\u015f \u0130lk\u00e7a\u011f\u2019a \u00f6zg\u00fc bir sava\u015f\u0131 anlat\u0131r. Zaferin getirdi\u011fi co\u015fkuyla bu \u00f6nc\u00fc kahraman, silah\u0131n\u0131 havaya f\u0131rlat\u0131r ve bu silah gizemli bir de\u011fi\u015fim i\u00e7inde, \u015feklen de benzedi\u011fi bir uzay arac\u0131na d\u00f6n\u00fc\u015f\u00fcr. Bilim tarih\u00e7isi George Basalla, teknoloji ve teknoloji tarihi alan\u0131nda yap\u0131lm\u0131\u015f b\u00fct\u00fcn \u00f6nemli kaynaklar\u0131 tarayarak yapt\u0131\u011f\u0131 \u00e7al\u0131\u015fmas\u0131n\u0131n \u0131\u015f\u0131\u011f\u0131nda konuyu toplumsal, ekonomik, k\u00fclt\u00fcrel, antropolojik, bilimsel ve asker\u00ee t\u00fcm y\u00f6nleriyle ele al\u0131yor. Bu esaslar \u00fczerinde \u015fu sorular ele al\u0131n\u0131r: Bilimsel ke\u015fifler ve teknolojik de\u011fi\u015fme ile toplumsal, k\u00fclt\u00fcrel, ekonomik ve asker\u00ee ihtiya\u00e7lar aras\u0131nda nas\u0131l bir ba\u011f vard\u0131r? Teknolojik bulu\u015f birka\u00e7 dahinin eseri midir, yoksa bir\u00e7ok bile\u015feni olan karma\u015f\u0131k bir toplumsal s\u00fcre\u00e7 midir? Watt, Bell, Edison, Maxwell, Hertz, Marconi, Wright karde\u015fler gibi \u00f6nc\u00fcleri ortaya \u00e7\u0131karan motivasyonlar ve ko\u015fullar nelerdi? Do\u011fu ile Bat\u0131\u2019y\u0131 birbirinden ay\u0131ran bilimsel ve teknolojik u\u00e7urumun kayna\u011f\u0131 nedir? Neden matbaa, barut ve pusula ilkin \u00c7in\u2019de ortaya \u00e7\u0131kt\u0131\u011f\u0131 halde Bat\u0131\u2019daki gibi bir k\u00fclt\u00fcrel ve teknolojik de\u011fi\u015fime yol a\u00e7mad\u0131?&#8230; Teknolojinin Evrimi ayn\u0131 zamanda bir uygarl\u0131k tarihi kitab\u0131d\u0131r. <\/p>\n","protected":false},"excerpt":{"rendered":"<p>Stanley Kubrick, 2001: A Space Odyssey filminin giri\u015finde insanl\u0131\u011f\u0131n \u015fafa\u011f\u0131nda bir su birikintisi etraf\u0131nda verilen m\u00fccadeleyi betimlerken, bir kemik par\u00e7as\u0131n\u0131 silah olarak daha \u00f6nce defalarca test<span class=\"excerpt-hellip\"> [\u2026]<\/span><\/p>\n","protected":false},"featured_media":0,"template":"","meta":{"_monsterinsights_skip_tracking":false,"_monsterinsights_sitenote_active":false,"_monsterinsights_sitenote_note":"","_monsterinsights_sitenote_category":0},"product_brand":[],"product_cat":[13005,13006],"product_tag":[],"class_list":{"0":"post-695585","1":"product","2":"type-product","3":"status-publish","5":"product_cat-bilim-muhendislik","6":"product_cat-populer-bilim","7":"pa_cilt-ciltsiz","8":"pa_tur-kitap","9":"pa_yayinevi-dogu-bati-yayinlari","10":"pa_yazar-george-basalla","12":"first","13":"instock","14":"sale","15":"shipping-taxable","16":"purchasable","17":"product-type-simple"},"_links":{"self":[{"href":"https:\/\/roveyayinevi.com.tr\/index.php\/wp-json\/wp\/v2\/product\/695585","targetHints":{"allow":["GET"]}}],"collection":[{"href":"https:\/\/roveyayinevi.com.tr\/index.php\/wp-json\/wp\/v2\/product"}],"about":[{"href":"https:\/\/roveyayinevi.com.tr\/index.php\/wp-json\/wp\/v2\/types\/product"}],"wp:attachment":[{"href":"https:\/\/roveyayinevi.com.tr\/index.php\/wp-json\/wp\/v2\/media?parent=695585"}],"wp:term":[{"taxonomy":"product_brand","embeddable":true,"href":"https:\/\/roveyayinevi.com.tr\/index.php\/wp-json\/wp\/v2\/product_brand?post=695585"},{"taxonomy":"product_cat","embeddable":true,"href":"https:\/\/roveyayinevi.com.tr\/index.php\/wp-json\/wp\/v2\/product_cat?post=695585"},{"taxonomy":"product_tag","embeddable":true,"href":"https:\/\/roveyayinevi.com.tr\/index.php\/wp-json\/wp\/v2\/product_tag?post=695585"}],"curies":[{"name":"wp","href":"https:\/\/api.w.org\/{rel}","templated":true}]}}