{"id":695584,"date":"2025-08-27T14:29:39","date_gmt":"2025-08-27T11:29:39","guid":{"rendered":"https:\/\/roveyayinevi.com.tr\/index.php\/urun\/sosyoloji-kuramlari-tarihi\/"},"modified":"2026-04-16T02:05:41","modified_gmt":"2026-04-15T23:05:41","slug":"sosyoloji-kuramlari-tarihi","status":"publish","type":"product","link":"https:\/\/roveyayinevi.com.tr\/index.php\/urun\/sosyoloji-kuramlari-tarihi\/","title":{"rendered":"Sosyoloji Kuramlar\u0131 Tarihi"},"content":{"rendered":"<p>Kendisini b\u00fcy\u00fck bir co\u015fkuyla toplumsal hareketlerin yasalar\u0131n\u0131 \u00f6\u011frenmeye veren bu yeni bilgi dal\u0131, k\u0131sa zaman i\u00e7inde ustalar\u0131n\u0131 yeti\u015ftirmekte zorlanmaz. Comte, Saint &#8211; Simon, Spencer, Durkheim, Le Play, Pareto, Weber, T\u00f6nnies, ve Simmel gibi isimler bu b\u00fcy\u00fck yap\u0131n\u0131n harc\u0131na katk\u0131 vererek \u00e7a\u011fda\u015f sosyolojinin altyap\u0131s\u0131n\u0131 haz\u0131rlarlar. \ufffcTan\u0131t\u0131m Metni<\/p>\n","protected":false},"excerpt":{"rendered":"<p>Kendisini b\u00fcy\u00fck bir co\u015fkuyla toplumsal hareketlerin yasalar\u0131n\u0131 \u00f6\u011frenmeye veren bu yeni bilgi dal\u0131, k\u0131sa zaman i\u00e7inde ustalar\u0131n\u0131 yeti\u015ftirmekte zorlanmaz. Comte, Saint &#8211; Simon, Spencer, Durkheim, Le<span class=\"excerpt-hellip\"> [\u2026]<\/span><\/p>\n","protected":false},"featured_media":0,"template":"","meta":{"_monsterinsights_skip_tracking":false,"_monsterinsights_sitenote_active":false,"_monsterinsights_sitenote_note":"","_monsterinsights_sitenote_category":0},"product_brand":[],"product_cat":[12325,12324],"product_tag":[],"class_list":{"0":"post-695584","1":"product","2":"type-product","3":"status-publish","5":"product_cat-diger-sosyoloji","6":"product_cat-sosyoloji","7":"pa_cilt-ciltsiz","8":"pa_tur-kitap","9":"pa_yayinevi-dogu-bati-yayinlari","10":"pa_yazar-hans-freyer","12":"first","13":"instock","14":"sale","15":"shipping-taxable","16":"purchasable","17":"product-type-simple"},"_links":{"self":[{"href":"https:\/\/roveyayinevi.com.tr\/index.php\/wp-json\/wp\/v2\/product\/695584","targetHints":{"allow":["GET"]}}],"collection":[{"href":"https:\/\/roveyayinevi.com.tr\/index.php\/wp-json\/wp\/v2\/product"}],"about":[{"href":"https:\/\/roveyayinevi.com.tr\/index.php\/wp-json\/wp\/v2\/types\/product"}],"wp:attachment":[{"href":"https:\/\/roveyayinevi.com.tr\/index.php\/wp-json\/wp\/v2\/media?parent=695584"}],"wp:term":[{"taxonomy":"product_brand","embeddable":true,"href":"https:\/\/roveyayinevi.com.tr\/index.php\/wp-json\/wp\/v2\/product_brand?post=695584"},{"taxonomy":"product_cat","embeddable":true,"href":"https:\/\/roveyayinevi.com.tr\/index.php\/wp-json\/wp\/v2\/product_cat?post=695584"},{"taxonomy":"product_tag","embeddable":true,"href":"https:\/\/roveyayinevi.com.tr\/index.php\/wp-json\/wp\/v2\/product_tag?post=695584"}],"curies":[{"name":"wp","href":"https:\/\/api.w.org\/{rel}","templated":true}]}}