{"id":695583,"date":"2025-08-27T14:29:39","date_gmt":"2025-08-27T11:29:39","guid":{"rendered":"https:\/\/roveyayinevi.com.tr\/index.php\/urun\/simulakrlar-ve-simulasyon\/"},"modified":"2026-04-16T02:05:41","modified_gmt":"2026-04-15T23:05:41","slug":"simulakrlar-ve-simulasyon","status":"publish","type":"product","link":"https:\/\/roveyayinevi.com.tr\/index.php\/urun\/simulakrlar-ve-simulasyon\/","title":{"rendered":"Sim\u00fclakrlar ve Sim\u00fclasyon"},"content":{"rendered":"<p>XX. y\u00fczy\u0131l\u0131n \u00f6nemli iddial\u0131 \u00e7\u0131k\u0131\u015flar\u0131ndan biri ku\u015fkusuz Jean Baudrillard\u2019\u0131n \u201cSim\u00fclasyon\u201d kuram\u0131-d\u0131r. Baudrillard, radikal ve ayr\u0131ks\u0131 d\u00fc\u015f\u00fcnceleriyle Bat\u0131 toplumundan yay\u0131lan krizi haber verir. Baud-rillard\u2019a g\u00f6re bug\u00fcnk\u00fc sistemi kavramak i\u00e7in dola\u015f\u0131ma s\u00fcr\u00fclen tezler \u201chi\u00e7lik\u201d duvar\u0131nda birer birer erimeye mahk\u00fbmdurlar. \u0130\u015flenen bu kusursuz cinayeti ara\u015ft\u0131rmaya ba\u015flad\u0131\u011f\u0131m\u0131zda ileti\u015fim, sinema, reklam veya mimarl\u0131k alanlar\u0131nda \u201cger\u00e7ek\u201d ve \u201chakikat\u201d d\u00fczeneklerinin birbirleriyle nas\u0131l yer dE\u011fi\u015ftirdi\u011fine g\u00f6z atmam\u0131z yeterlidir. Bir resmin taklidi, bir eserin yorumu veya tarih\u00ee bir yap\u0131n\u0131n kopyas\u0131 t\u00fcm auras\u0131n\u0131 yitirerek asl\u0131n\u0131n yerine ge\u00e7ebilmektedir. Art\u0131k her t\u00fcrden sanatsal kayg\u0131, haki-kat aray\u0131\u015f\u0131 ve ileti\u015fim tarz\u0131 t\u00fcketilmek i\u00e7in vard\u0131r, ileti\u015fim ara\u00e7lar\u0131 ileti\u015fimsizli\u011fin m\u00fckemmel bir \u00f6rne\u011fini sergilerler. S\u00f6z gelimi, belgeseller an\u0131msamaktan \u00e7ok unutturmak i\u00e7in vard\u0131r, \u201ci\u00e7in i\u00e7in kaynayan\u201d her bir anlam par\u00e7ac\u0131\u011f\u0131 i\u00e7eri\u011finden bo\u015falt\u0131l\u0131p medya adl\u0131 devasa bo\u015flukta sim\u00fcle edilir. T\u00fcm olup bitenlerin yans\u0131d\u0131\u011f\u0131 ekranlarda her\u015fey gizlenir, \u00fczeri kapat\u0131l\u0131r. Ve kitleler, ileti\u015fim ara\u00e7la-r\u0131na sar\u0131larak modern bir kurban t\u00f6reninin rit\u00fcellerini s\u00f6z birli\u011fi etmi\u015f\u00e7esine m\u00fckemmelen yerine getirirler.Baudrillard bilinenin aksine, \u00e7\u00f6z\u00fcmlemelerinde postmodern bir s\u00f6yleme ba\u015fvurmaz. Adan\u0131r\u2019\u0131n tan\u0131mlamas\u0131yla s\u00f6ylersek, o \u201cpostmodern bir d\u00fc\u015f\u00fcn\u00fcr de\u011fildir!\u201d \u00c7\u00fcnk\u00fc bu kitapta da g\u00f6r\u00fclece\u011fi \u00fcze-re, sim\u00fclasyon evreninin \u201cd\u00fcnya g\u00f6r\u00fc\u015f\u00fc\u201d tarihsel geli\u015fimin bir halkas\u0131d\u0131r fakat son halkas\u0131n\u0131 olu\u015f-turmaz. Ne pahas\u0131na olursa olsun Bat\u0131\u2019n\u0131n moralini bozmay\u0131 s\u00fcrd\u00fcrecek misiniz?Baudrillard: \u201cBat\u0131 tarihinin temel yap\u0131 ta\u015f\u0131 moral bozuklu\u011fudur.\u201d Bunu ben uydurmad\u0131m. \u201cYeni duygusal d\u00fczen\u201d yani kurbanlardan olu\u015fan duyars\u0131zl\u0131k, pi\u015fmanl\u0131k \u00fczerine oturmu\u015f olan toplum, sanayi devrimi ve kolonizasyon gibi sonu\u00e7lara yol a\u00e7m\u0131\u015f XIX. y\u00fczy\u0131la ait anlam bunal\u0131m\u0131n\u0131n bir uzant\u0131s\u0131d\u0131r ve bizim uzun XIX. y\u00fczy\u0131l\u0131m\u0131z boyunca da s\u00fcr\u00fcp gitmi\u015ftir. <\/p>\n","protected":false},"excerpt":{"rendered":"<p>XX. y\u00fczy\u0131l\u0131n \u00f6nemli iddial\u0131 \u00e7\u0131k\u0131\u015flar\u0131ndan biri ku\u015fkusuz Jean Baudrillard\u2019\u0131n \u201cSim\u00fclasyon\u201d kuram\u0131-d\u0131r. Baudrillard, radikal ve ayr\u0131ks\u0131 d\u00fc\u015f\u00fcnceleriyle Bat\u0131 toplumundan yay\u0131lan krizi haber verir. Baud-rillard\u2019a g\u00f6re bug\u00fcnk\u00fc sistemi<span class=\"excerpt-hellip\"> [\u2026]<\/span><\/p>\n","protected":false},"featured_media":0,"template":"","meta":{"_monsterinsights_skip_tracking":false,"_monsterinsights_sitenote_active":false,"_monsterinsights_sitenote_note":"","_monsterinsights_sitenote_category":0},"product_brand":[],"product_cat":[12324],"product_tag":[],"class_list":{"0":"post-695583","1":"product","2":"type-product","3":"status-publish","5":"product_cat-sosyoloji","6":"pa_cilt-ciltsiz","7":"pa_tur-kitap","8":"pa_yayinevi-dogu-bati-yayinlari","9":"pa_yazar-jean-baudrillard","11":"first","12":"instock","13":"sale","14":"shipping-taxable","15":"purchasable","16":"product-type-simple"},"_links":{"self":[{"href":"https:\/\/roveyayinevi.com.tr\/index.php\/wp-json\/wp\/v2\/product\/695583","targetHints":{"allow":["GET"]}}],"collection":[{"href":"https:\/\/roveyayinevi.com.tr\/index.php\/wp-json\/wp\/v2\/product"}],"about":[{"href":"https:\/\/roveyayinevi.com.tr\/index.php\/wp-json\/wp\/v2\/types\/product"}],"wp:attachment":[{"href":"https:\/\/roveyayinevi.com.tr\/index.php\/wp-json\/wp\/v2\/media?parent=695583"}],"wp:term":[{"taxonomy":"product_brand","embeddable":true,"href":"https:\/\/roveyayinevi.com.tr\/index.php\/wp-json\/wp\/v2\/product_brand?post=695583"},{"taxonomy":"product_cat","embeddable":true,"href":"https:\/\/roveyayinevi.com.tr\/index.php\/wp-json\/wp\/v2\/product_cat?post=695583"},{"taxonomy":"product_tag","embeddable":true,"href":"https:\/\/roveyayinevi.com.tr\/index.php\/wp-json\/wp\/v2\/product_tag?post=695583"}],"curies":[{"name":"wp","href":"https:\/\/api.w.org\/{rel}","templated":true}]}}