{"id":695582,"date":"2025-08-27T14:29:38","date_gmt":"2025-08-27T11:29:38","guid":{"rendered":"https:\/\/roveyayinevi.com.tr\/index.php\/urun\/olumcul-hastalik-umutsuzluk\/"},"modified":"2026-04-16T02:05:41","modified_gmt":"2026-04-15T23:05:41","slug":"olumcul-hastalik-umutsuzluk","status":"publish","type":"product","link":"https:\/\/roveyayinevi.com.tr\/index.php\/urun\/olumcul-hastalik-umutsuzluk\/","title":{"rendered":"\u00d6l\u00fcmc\u00fcl Hastal\u0131k Umutsuzluk"},"content":{"rendered":"<p>S\u00f8renKierkegaard; \u015fu Danimarkal\u0131 filozof, varolu\u015f\u00e7ulu\u011fun babas\u0131&#8230; Kierkegaard\u2019a g\u00f6re umutsuzluk evrenseldir, \u00e7\u00fcnk\u00fc insan sonluluktan sonsuzlu\u011fa ge\u00e7i\u015fi umutsuzluk yoluyla ger\u00e7ekle\u015ftirir. Umutsuzluk ka\u00e7\u0131n\u0131lmazd\u0131r, onu bir an olsun yabana atamay\u0131z. Benli\u011fin iflah olmaz hastal\u0131klar\u0131na kar\u015f\u0131l\u0131k umut \u00fczerine topyek\u00fbn iyimser bir felsefe geli\u015ftirmek ruhumuza yap\u0131labilecek en a\u011f\u0131r sald\u0131r\u0131lardan biridir. Bir mustarip k\u00f6t\u00fc bir teselliyle avutulabilir mi? Umut \u00fczerine gerekli-gereksiz sarfedilen s\u00f6zler \u00f6l\u00fcmc\u00fcl bir hastan\u0131n yan\u0131nda yap\u0131lan gaflara benzeyecektir ve pek az teskin edicidir! Oysa umudunu sonuna kadar t\u00fcketmi\u015f bir ruh hali ger\u00e7e\u011fi kavramak ad\u0131na daha do\u011fru bir ad\u0131m atm\u0131\u015f olur. Umutsuzluk ka\u00e7\u0131n\u0131lmazd\u0131r, insan\u0131n kar\u015f\u0131tlar\u0131n bir sentezi olmas\u0131n\u0131n, daha do\u011frusu diyalektik bir varl\u0131k olu\u015funun gere\u011fidir. Sonlu varl\u0131\u011f\u0131 ile sonsuz varl\u0131\u011f\u0131 aras\u0131na s\u0131k\u0131\u015fan insan \u201ckendi olma\u201d s\u00fcrecini umutsuzluk i\u00e7inde ya\u015far. Kierkegaard i\u00e7in umutsuzluk \u00f6l\u00fcmc\u00fcl hastal\u0131kt\u0131r. \u201cBu hastal\u0131ktan \u00f6l\u00fcnmesinden veya bu hastal\u0131\u011f\u0131n fiziksel \u00f6l\u00fcmle sona ermesinden \u00e7ok, bu hastal\u0131\u011f\u0131n i\u015fkencesi, can \u00e7eki\u015fen ama \u00f6lemeden \u00f6l\u00fcmle sava\u015fan ki\u015fi gibi \u00f6lememektedir, s\u00fcrekli bir can \u00e7eki\u015fme hali i\u00e7indedir.\u201d\u201c\u00d6l\u00fcmc\u00fcl hastal\u0131k dar anlamda kendisinden sonra hi\u00e7bir \u015fey b\u0131rakmadan \u00f6l\u00fcme giden bir hastal\u0131k demektir. Ve umutsuzluk budur.\u201d Umutsuzlu\u011fun \u00f6z\u00fc ya\u015fam\u0131n hi\u00e7bir \u015fey olmamas\u0131d\u0131r. Kierkegaard bir dinin \u00e7er\u00e7evesi i\u00e7inde yap\u0131tlar \u00fcretmesine kar\u015f\u0131l\u0131k ayn\u0131 zamanda insano\u011flunun en temel sorunlar\u0131n\u0131 ortaya koyar. Kierkegaard birden ve do\u011frudan varolu\u015f gizeminin i\u00e7ine dalar. Hegel\u2019de en \u00fcst noktas\u0131na ula\u015fan ak\u0131l ve sistem felsefesine kar\u015f\u0131 bireyin varolu\u015funun ak\u0131ld\u0131\u015f\u0131l\u0131\u011f\u0131n\u0131, paradoksunu a\u00e7\u0131\u011fa serer.   <\/p>\n","protected":false},"excerpt":{"rendered":"<p>S\u00f8renKierkegaard; \u015fu Danimarkal\u0131 filozof, varolu\u015f\u00e7ulu\u011fun babas\u0131&#8230; Kierkegaard\u2019a g\u00f6re umutsuzluk evrenseldir, \u00e7\u00fcnk\u00fc insan sonluluktan sonsuzlu\u011fa ge\u00e7i\u015fi umutsuzluk yoluyla ger\u00e7ekle\u015ftirir. Umutsuzluk ka\u00e7\u0131n\u0131lmazd\u0131r, onu bir an olsun yabana atamay\u0131z.<span class=\"excerpt-hellip\"> [\u2026]<\/span><\/p>\n","protected":false},"featured_media":0,"template":"","meta":{"_monsterinsights_skip_tracking":false,"_monsterinsights_sitenote_active":false,"_monsterinsights_sitenote_note":"","_monsterinsights_sitenote_category":0},"product_brand":[],"product_cat":[12388,15309],"product_tag":[],"class_list":{"0":"post-695582","1":"product","2":"type-product","3":"status-publish","5":"product_cat-felsefe","6":"product_cat-felsefi-akimlar","7":"pa_cilt-ciltsiz","8":"pa_tur-kitap","9":"pa_yayinevi-dogu-bati-yayinlari","10":"pa_yazar-soren-kierkegaard","12":"first","13":"instock","14":"sale","15":"shipping-taxable","16":"purchasable","17":"product-type-simple"},"_links":{"self":[{"href":"https:\/\/roveyayinevi.com.tr\/index.php\/wp-json\/wp\/v2\/product\/695582","targetHints":{"allow":["GET"]}}],"collection":[{"href":"https:\/\/roveyayinevi.com.tr\/index.php\/wp-json\/wp\/v2\/product"}],"about":[{"href":"https:\/\/roveyayinevi.com.tr\/index.php\/wp-json\/wp\/v2\/types\/product"}],"wp:attachment":[{"href":"https:\/\/roveyayinevi.com.tr\/index.php\/wp-json\/wp\/v2\/media?parent=695582"}],"wp:term":[{"taxonomy":"product_brand","embeddable":true,"href":"https:\/\/roveyayinevi.com.tr\/index.php\/wp-json\/wp\/v2\/product_brand?post=695582"},{"taxonomy":"product_cat","embeddable":true,"href":"https:\/\/roveyayinevi.com.tr\/index.php\/wp-json\/wp\/v2\/product_cat?post=695582"},{"taxonomy":"product_tag","embeddable":true,"href":"https:\/\/roveyayinevi.com.tr\/index.php\/wp-json\/wp\/v2\/product_tag?post=695582"}],"curies":[{"name":"wp","href":"https:\/\/api.w.org\/{rel}","templated":true}]}}