{"id":695580,"date":"2025-08-27T14:29:38","date_gmt":"2025-08-27T11:29:38","guid":{"rendered":"https:\/\/roveyayinevi.com.tr\/index.php\/urun\/iletisim-ve-grafik-tasarim\/"},"modified":"2026-04-16T02:05:41","modified_gmt":"2026-04-15T23:05:41","slug":"iletisim-ve-grafik-tasarim","status":"publish","type":"product","link":"https:\/\/roveyayinevi.com.tr\/index.php\/urun\/iletisim-ve-grafik-tasarim\/","title":{"rendered":"\u0130leti\u015fim ve Grafik Tasar\u0131m"},"content":{"rendered":"<p>Grafik tasar\u0131m\u0131, uygulama alan\u0131 ne olursa olsun, dinamik bir anlat\u0131m gerektirir. Bu dinamizmin itici g\u00fcc\u00fc, ileti\u015fimidir. S\u00f6zel ve g\u00f6rsel bilgilerin insanlar aras\u0131ndaki ak\u0131\u015f\u0131 olarak tan\u0131mlayabilece\u011fimiz ileti\u015fim, grafik tasar\u0131m\u0131n varolma nedenidir. \u0130leti\u015fim organlar\u0131, s\u00f6zel ve g\u00f6rsel mesajlar\u0131n\u0131 etkili ve \u00e7ekici hale getirmek i\u00e7in grafik tasar\u0131mc\u0131larla i\u015fbirli\u011fine girerler. \u0130yi bir tasar\u0131m, de\u011ferli bir yat\u0131r\u0131md\u0131r. \u00c7\u00fcnk\u00fc g\u00fcn\u00fcm\u00fcz insan\u0131n\u0131n b\u00fct\u00fcn hayati etkinlikleri, grafik imgelerle ileti\u015fim kurabilme yetene\u011fine ba\u011fl\u0131d\u0131r. 350\u2018ye yak\u0131n resim ve krokinin yer ald\u0131\u011f\u0131 bu temel kitapta; grafik tasar\u0131m, grafik tasar\u0131m\u0131n k\u0131sa tarihi, teknolojisi ve belli ba\u015fl\u0131 uygulama alanlar\u0131 ana hatlar\u0131yla ele al\u0131n\u0131p incelenmektedir. <\/p>\n","protected":false},"excerpt":{"rendered":"<p>Grafik tasar\u0131m\u0131, uygulama alan\u0131 ne olursa olsun, dinamik bir anlat\u0131m gerektirir. Bu dinamizmin itici g\u00fcc\u00fc, ileti\u015fimidir. S\u00f6zel ve g\u00f6rsel bilgilerin insanlar aras\u0131ndaki ak\u0131\u015f\u0131 olarak tan\u0131mlayabilece\u011fimiz ileti\u015fim,<span class=\"excerpt-hellip\"> [\u2026]<\/span><\/p>\n","protected":false},"featured_media":0,"template":"","meta":{"_monsterinsights_skip_tracking":false,"_monsterinsights_sitenote_active":false,"_monsterinsights_sitenote_note":"","_monsterinsights_sitenote_category":0},"product_brand":[],"product_cat":[19373,12408],"product_tag":[],"class_list":{"0":"post-695580","1":"product","2":"type-product","3":"status-publish","5":"product_cat-grafik-sanatlar","6":"product_cat-sanat","7":"pa_cilt-ciltsiz","8":"pa_tur-kitap","9":"pa_yayinevi-dost-kitabevi-yayinlari","10":"pa_yazar-emre-becer","12":"first","13":"instock","14":"sale","15":"shipping-taxable","16":"purchasable","17":"product-type-simple"},"_links":{"self":[{"href":"https:\/\/roveyayinevi.com.tr\/index.php\/wp-json\/wp\/v2\/product\/695580","targetHints":{"allow":["GET"]}}],"collection":[{"href":"https:\/\/roveyayinevi.com.tr\/index.php\/wp-json\/wp\/v2\/product"}],"about":[{"href":"https:\/\/roveyayinevi.com.tr\/index.php\/wp-json\/wp\/v2\/types\/product"}],"wp:attachment":[{"href":"https:\/\/roveyayinevi.com.tr\/index.php\/wp-json\/wp\/v2\/media?parent=695580"}],"wp:term":[{"taxonomy":"product_brand","embeddable":true,"href":"https:\/\/roveyayinevi.com.tr\/index.php\/wp-json\/wp\/v2\/product_brand?post=695580"},{"taxonomy":"product_cat","embeddable":true,"href":"https:\/\/roveyayinevi.com.tr\/index.php\/wp-json\/wp\/v2\/product_cat?post=695580"},{"taxonomy":"product_tag","embeddable":true,"href":"https:\/\/roveyayinevi.com.tr\/index.php\/wp-json\/wp\/v2\/product_tag?post=695580"}],"curies":[{"name":"wp","href":"https:\/\/api.w.org\/{rel}","templated":true}]}}