{"id":695579,"date":"2025-08-27T14:29:38","date_gmt":"2025-08-27T11:29:38","guid":{"rendered":"https:\/\/roveyayinevi.com.tr\/index.php\/urun\/iktisat\/"},"modified":"2026-04-16T02:05:41","modified_gmt":"2026-04-15T23:05:41","slug":"iktisat","status":"publish","type":"product","link":"https:\/\/roveyayinevi.com.tr\/index.php\/urun\/iktisat\/","title":{"rendered":"\u0130ktisat"},"content":{"rendered":"<p>Uluslararas\u0131 \u00f6l\u00e7\u00fcde tan\u0131nan \u00fcnl\u00fc \u0130ktisat\u00e7\u0131 Partha Dasgupta, \u00f6rnekleyici iki durumdan yola \u00e7\u0131karak \u0130ktisat konusunda vazge\u00e7ilmez bir giri\u015f metnine imza at\u0131yor. M\u00fclkiyet haklar\u0131, pazarlar, altyapi yat\u0131r\u0131mlar\u0131, dinamik denge, s\u00fcrd\u00fcr\u00fclebilir kalk\u0131nma gibi, \u0130ktisat \u00fczerine t\u00fcm tart\u0131\u015fmalarda s\u00f6z\u00fc ge\u00e7en ba\u015fat kavramlar\u0131 a\u00e7\u0131klay\u0131c\u0131 bir perspektifle sunuyor okura. Bu temel \u00e7\u0131k\u0131\u015f noktas\u0131ndan hareketle insanlar aras\u0131ndak\u0130 toplumsal ili\u015fkilerden \u00e7evre sorunlar\u0131na dek uzanan geni\u015f bir yelpazede disiplinin t\u00fcm \u00f6nc\u00fcllerini berrak bir bak\u0131\u015fla \u00e7\u00f6z\u00fcml\u00fcyor. Konu hakk\u0131ndaki temel bilgilerin yard\u0131mc\u0131 bir okuma listesiyle desteklendi\u011fi nitelikli ve ayd\u0131nlat\u0131c\u0131 bir analiz. <\/p>\n","protected":false},"excerpt":{"rendered":"<p>Uluslararas\u0131 \u00f6l\u00e7\u00fcde tan\u0131nan \u00fcnl\u00fc \u0130ktisat\u00e7\u0131 Partha Dasgupta, \u00f6rnekleyici iki durumdan yola \u00e7\u0131karak \u0130ktisat konusunda vazge\u00e7ilmez bir giri\u015f metnine imza at\u0131yor. M\u00fclkiyet haklar\u0131, pazarlar, altyapi yat\u0131r\u0131mlar\u0131, dinamik<span class=\"excerpt-hellip\"> [\u2026]<\/span><\/p>\n","protected":false},"featured_media":0,"template":"","meta":{"_monsterinsights_skip_tracking":false,"_monsterinsights_sitenote_active":false,"_monsterinsights_sitenote_note":"","_monsterinsights_sitenote_category":0},"product_brand":[],"product_cat":[13044,13043],"product_tag":[],"class_list":{"0":"post-695579","1":"product","2":"type-product","3":"status-publish","5":"product_cat-dunya-ekonomisi","6":"product_cat-ekonomi","7":"pa_tur-kitap","8":"pa_yayinevi-dost-kitabevi-yayinlari","9":"pa_yazar-partha-dasgupta","11":"first","12":"instock","13":"sale","14":"shipping-taxable","15":"purchasable","16":"product-type-simple"},"_links":{"self":[{"href":"https:\/\/roveyayinevi.com.tr\/index.php\/wp-json\/wp\/v2\/product\/695579","targetHints":{"allow":["GET"]}}],"collection":[{"href":"https:\/\/roveyayinevi.com.tr\/index.php\/wp-json\/wp\/v2\/product"}],"about":[{"href":"https:\/\/roveyayinevi.com.tr\/index.php\/wp-json\/wp\/v2\/types\/product"}],"wp:attachment":[{"href":"https:\/\/roveyayinevi.com.tr\/index.php\/wp-json\/wp\/v2\/media?parent=695579"}],"wp:term":[{"taxonomy":"product_brand","embeddable":true,"href":"https:\/\/roveyayinevi.com.tr\/index.php\/wp-json\/wp\/v2\/product_brand?post=695579"},{"taxonomy":"product_cat","embeddable":true,"href":"https:\/\/roveyayinevi.com.tr\/index.php\/wp-json\/wp\/v2\/product_cat?post=695579"},{"taxonomy":"product_tag","embeddable":true,"href":"https:\/\/roveyayinevi.com.tr\/index.php\/wp-json\/wp\/v2\/product_tag?post=695579"}],"curies":[{"name":"wp","href":"https:\/\/api.w.org\/{rel}","templated":true}]}}