{"id":695578,"date":"2025-08-27T14:29:37","date_gmt":"2025-08-27T11:29:37","guid":{"rendered":"https:\/\/roveyayinevi.com.tr\/index.php\/urun\/hukuk-felsefesi\/"},"modified":"2025-11-22T02:41:59","modified_gmt":"2025-11-21T23:41:59","slug":"hukuk-felsefesi","status":"publish","type":"product","link":"https:\/\/roveyayinevi.com.tr\/index.php\/urun\/hukuk-felsefesi\/","title":{"rendered":"Hukuk Felsefesi"},"content":{"rendered":"<p>Hukuk konusunda y\u00fcr\u00fcrl\u00fckteki hukuki uygulamalarla yan\u0131tlanmas\u0131 m\u00fcmk\u00fcn g\u00f6r\u00fcnmeyen baz\u0131 sorular oldu\u011fu bir ger\u00e7ektir. Hukuk\u00e7ular\u0131n da felsefecilerin de g\u00f6z ard\u0131 edemeyece\u011fi bu temel unsurlar hukuk felsefesinin konusunu olu\u015fturur. Hukuk kavram\u0131n\u0131n tan\u0131m\u0131n\u0131da i\u00e7eren bu ba\u015fat tart\u0131\u015fma konular\u0131, hukukun iktidarla olan ili\u015fkisini, bir hukuk biliminin olanakl\u0131 olup olmad\u0131\u011f\u0131n\u0131, hukuk\u00e7ular taraf\u0131ndan kullan\u0131lan kavramlar\u0131n niteli\u011fini ve y\u00fcr\u00fcl\u00fckteki uygulamalar\u0131n evrensellik iddialar\u0131n\u0131 da kapsam\u0131na al\u0131r. Elinizdeki \u00e7al\u0131\u015fma, t\u00fcm bu tart\u0131\u015fma alanlar\u0131 i\u00e7in bir \u00e7\u0131k\u0131\u015f noktas\u0131 olma \u00f6zelli\u011fini ta\u015f\u0131yor. \ufffcTan\u0131t\u0131m Metni<\/p>\n","protected":false},"excerpt":{"rendered":"<p>Hukuk konusunda y\u00fcr\u00fcrl\u00fckteki hukuki uygulamalarla yan\u0131tlanmas\u0131 m\u00fcmk\u00fcn g\u00f6r\u00fcnmeyen baz\u0131 sorular oldu\u011fu bir ger\u00e7ektir. Hukuk\u00e7ular\u0131n da felsefecilerin de g\u00f6z ard\u0131 edemeyece\u011fi bu temel unsurlar hukuk felsefesinin konusunu<span class=\"excerpt-hellip\"> [\u2026]<\/span><\/p>\n","protected":false},"featured_media":0,"template":"","meta":{"_monsterinsights_skip_tracking":false,"_monsterinsights_sitenote_active":false,"_monsterinsights_sitenote_note":"","_monsterinsights_sitenote_category":0},"product_brand":[],"product_cat":[12388,13555],"product_tag":[],"class_list":{"0":"post-695578","1":"product","2":"type-product","3":"status-publish","5":"product_cat-felsefe","6":"product_cat-genel-felsefe","7":"pa_cilt-ciltsiz","8":"pa_tur-kitap","9":"pa_yayinevi-dost-kitabevi-yayinlari","10":"pa_yazar-michel-troper","12":"first","13":"instock","14":"sale","15":"shipping-taxable","16":"purchasable","17":"product-type-simple"},"_links":{"self":[{"href":"https:\/\/roveyayinevi.com.tr\/index.php\/wp-json\/wp\/v2\/product\/695578","targetHints":{"allow":["GET"]}}],"collection":[{"href":"https:\/\/roveyayinevi.com.tr\/index.php\/wp-json\/wp\/v2\/product"}],"about":[{"href":"https:\/\/roveyayinevi.com.tr\/index.php\/wp-json\/wp\/v2\/types\/product"}],"wp:attachment":[{"href":"https:\/\/roveyayinevi.com.tr\/index.php\/wp-json\/wp\/v2\/media?parent=695578"}],"wp:term":[{"taxonomy":"product_brand","embeddable":true,"href":"https:\/\/roveyayinevi.com.tr\/index.php\/wp-json\/wp\/v2\/product_brand?post=695578"},{"taxonomy":"product_cat","embeddable":true,"href":"https:\/\/roveyayinevi.com.tr\/index.php\/wp-json\/wp\/v2\/product_cat?post=695578"},{"taxonomy":"product_tag","embeddable":true,"href":"https:\/\/roveyayinevi.com.tr\/index.php\/wp-json\/wp\/v2\/product_tag?post=695578"}],"curies":[{"name":"wp","href":"https:\/\/api.w.org\/{rel}","templated":true}]}}