{"id":695574,"date":"2025-08-27T14:29:36","date_gmt":"2025-08-27T11:29:36","guid":{"rendered":"https:\/\/roveyayinevi.com.tr\/index.php\/urun\/yoldas\/"},"modified":"2026-04-16T02:05:41","modified_gmt":"2026-04-15T23:05:41","slug":"yoldas","status":"publish","type":"product","link":"https:\/\/roveyayinevi.com.tr\/index.php\/urun\/yoldas\/","title":{"rendered":"Yolda\u015f"},"content":{"rendered":"<p>Giderek i\u00e7ine g\u00f6m\u00fcld\u00fc\u011f\u00fc yaln\u0131zl\u0131k ve h\u00fcz\u00fcn y\u00fck\u00fcn\u00fc ta\u015f\u0131yamayarak ya\u015fam\u0131n\u0131 bir otel odas\u0131nda kendi elleriyle noktalayan Cesare Pavese, Yolda\u015f\u2019ta, geleneksel \u00e7izgisinden ayr\u0131l\u0131r; gelece\u011fe umutla bakar ve bir siyasal bilin\u00e7lenmenin roman\u0131n\u0131 yazar. Roman\u0131na kahraman olarak i\u015fsiz, e\u011fitimsiz k\u00fc\u00e7\u00fck burjuva Pablo\u2019yu se\u00e7mi\u015ftir. Cesare Pavese romanlar\u0131n\u0131n belki de en \u00f6nemli kad\u0131n kahraman\u0131 Linda\u2019n\u0131n huzursuz a\u015fk\u0131, halk kad\u0131n\u0131 Gina\u2019n\u0131n sevecen y\u00fcre\u011fi, Pablo\u2019nun b\u00fcy\u00fck kentlerde toplumsal dayan\u0131\u015fmay\u0131 \u00f6\u011frenmesi, bu arada kahvelerden, meyhanelerden, hapishanelerden insan manzaralar\u0131, Yolda\u015f\u2019\u0131 bir solukta okunan bir roman yap\u0131yor. B\u00fcy\u00fck \u0130talyan \u015fairden, ya\u015fam\u0131n anlam\u0131 \u00fczerine, dostluklar \u00fczerine, \u201cyolda\u015fl\u0131k\u201d ve \u201cumut\u201d \u00fczerine bir roman. \ufffcTan\u0131t\u0131m Metni<\/p>\n","protected":false},"excerpt":{"rendered":"<p>Giderek i\u00e7ine g\u00f6m\u00fcld\u00fc\u011f\u00fc yaln\u0131zl\u0131k ve h\u00fcz\u00fcn y\u00fck\u00fcn\u00fc ta\u015f\u0131yamayarak ya\u015fam\u0131n\u0131 bir otel odas\u0131nda kendi elleriyle noktalayan Cesare Pavese, Yolda\u015f\u2019ta, geleneksel \u00e7izgisinden ayr\u0131l\u0131r; gelece\u011fe umutla bakar ve bir<span class=\"excerpt-hellip\"> [\u2026]<\/span><\/p>\n","protected":false},"featured_media":0,"template":"","meta":{"_monsterinsights_skip_tracking":false,"_monsterinsights_sitenote_active":false,"_monsterinsights_sitenote_note":"","_monsterinsights_sitenote_category":0},"product_brand":[],"product_cat":[12291,14218],"product_tag":[],"class_list":{"0":"post-695574","1":"product","2":"type-product","3":"status-publish","5":"product_cat-edebiyat","6":"product_cat-italyan-edebiyati","7":"pa_cilt-ciltsiz","8":"pa_tur-kitap","9":"pa_yayinevi-can-yayinlari","10":"pa_yazar-cesare-pavese","12":"first","13":"instock","14":"sale","15":"shipping-taxable","16":"purchasable","17":"product-type-simple"},"_links":{"self":[{"href":"https:\/\/roveyayinevi.com.tr\/index.php\/wp-json\/wp\/v2\/product\/695574","targetHints":{"allow":["GET"]}}],"collection":[{"href":"https:\/\/roveyayinevi.com.tr\/index.php\/wp-json\/wp\/v2\/product"}],"about":[{"href":"https:\/\/roveyayinevi.com.tr\/index.php\/wp-json\/wp\/v2\/types\/product"}],"wp:attachment":[{"href":"https:\/\/roveyayinevi.com.tr\/index.php\/wp-json\/wp\/v2\/media?parent=695574"}],"wp:term":[{"taxonomy":"product_brand","embeddable":true,"href":"https:\/\/roveyayinevi.com.tr\/index.php\/wp-json\/wp\/v2\/product_brand?post=695574"},{"taxonomy":"product_cat","embeddable":true,"href":"https:\/\/roveyayinevi.com.tr\/index.php\/wp-json\/wp\/v2\/product_cat?post=695574"},{"taxonomy":"product_tag","embeddable":true,"href":"https:\/\/roveyayinevi.com.tr\/index.php\/wp-json\/wp\/v2\/product_tag?post=695574"}],"curies":[{"name":"wp","href":"https:\/\/api.w.org\/{rel}","templated":true}]}}