{"id":695571,"date":"2025-08-27T14:29:36","date_gmt":"2025-08-27T11:29:36","guid":{"rendered":"https:\/\/roveyayinevi.com.tr\/index.php\/urun\/yufka-yurek\/"},"modified":"2026-04-16T02:05:41","modified_gmt":"2026-04-15T23:05:41","slug":"yufka-yurek","status":"publish","type":"product","link":"https:\/\/roveyayinevi.com.tr\/index.php\/urun\/yufka-yurek\/","title":{"rendered":"Yufka Y\u00fcrek"},"content":{"rendered":"<p>Dostoyevski\u2019nin ilk d\u00f6nem \u00f6yk\u00fcleri&#8230; Daha \u00f6nce yay\u0131mlad\u0131\u011f\u0131m\u0131z Beyaz Geceler ve \u0130kiz gibi uzun \u00f6yk\u00fclerden sonra Dostoyevski, k\u0131sal\u0131 uzunlu bir dizi metin kaleme alm\u0131\u015ft\u0131. Yazar\u0131n s\u00fcrg\u00fcn d\u00f6n\u00fc\u015f\u00fc \u00f6ncesi yazd\u0131\u011f\u0131 \u00f6yk\u00fclerin tamam\u0131, b\u00f6ylece, bu \u00f6yk\u00fc kitab\u0131yla birlikte yeniden \u00e7evrilip Can Yay\u0131nlar\u0131\u2019n\u0131n Klasikler dizisinde yerini alm\u0131\u015f oluyor. \ufffcTan\u0131t\u0131m Metni<\/p>\n","protected":false},"excerpt":{"rendered":"<p>Dostoyevski\u2019nin ilk d\u00f6nem \u00f6yk\u00fcleri&#8230; Daha \u00f6nce yay\u0131mlad\u0131\u011f\u0131m\u0131z Beyaz Geceler ve \u0130kiz gibi uzun \u00f6yk\u00fclerden sonra Dostoyevski, k\u0131sal\u0131 uzunlu bir dizi metin kaleme alm\u0131\u015ft\u0131. Yazar\u0131n s\u00fcrg\u00fcn d\u00f6n\u00fc\u015f\u00fc<span class=\"excerpt-hellip\"> [\u2026]<\/span><\/p>\n","protected":false},"featured_media":0,"template":"","meta":{"_monsterinsights_skip_tracking":false,"_monsterinsights_sitenote_active":false,"_monsterinsights_sitenote_note":"","_monsterinsights_sitenote_category":0},"product_brand":[],"product_cat":[12291,13570],"product_tag":[],"class_list":{"0":"post-695571","1":"product","2":"type-product","3":"status-publish","5":"product_cat-edebiyat","6":"product_cat-rus-edebiyati","7":"pa_cilt-ciltsiz","8":"pa_tur-kitap","9":"pa_yayinevi-can-yayinlari","10":"pa_yazar-fyodor-mihaylovic-dostoyevski","12":"first","13":"instock","14":"sale","15":"shipping-taxable","16":"purchasable","17":"product-type-simple"},"_links":{"self":[{"href":"https:\/\/roveyayinevi.com.tr\/index.php\/wp-json\/wp\/v2\/product\/695571","targetHints":{"allow":["GET"]}}],"collection":[{"href":"https:\/\/roveyayinevi.com.tr\/index.php\/wp-json\/wp\/v2\/product"}],"about":[{"href":"https:\/\/roveyayinevi.com.tr\/index.php\/wp-json\/wp\/v2\/types\/product"}],"wp:attachment":[{"href":"https:\/\/roveyayinevi.com.tr\/index.php\/wp-json\/wp\/v2\/media?parent=695571"}],"wp:term":[{"taxonomy":"product_brand","embeddable":true,"href":"https:\/\/roveyayinevi.com.tr\/index.php\/wp-json\/wp\/v2\/product_brand?post=695571"},{"taxonomy":"product_cat","embeddable":true,"href":"https:\/\/roveyayinevi.com.tr\/index.php\/wp-json\/wp\/v2\/product_cat?post=695571"},{"taxonomy":"product_tag","embeddable":true,"href":"https:\/\/roveyayinevi.com.tr\/index.php\/wp-json\/wp\/v2\/product_tag?post=695571"}],"curies":[{"name":"wp","href":"https:\/\/api.w.org\/{rel}","templated":true}]}}