{"id":695568,"date":"2025-08-27T14:29:35","date_gmt":"2025-08-27T11:29:35","guid":{"rendered":"https:\/\/roveyayinevi.com.tr\/index.php\/urun\/gencligimin-kayip-yillari-ask-ve-ideoloji\/"},"modified":"2026-04-16T02:05:40","modified_gmt":"2026-04-15T23:05:40","slug":"gencligimin-kayip-yillari-ask-ve-ideoloji","status":"publish","type":"product","link":"https:\/\/roveyayinevi.com.tr\/index.php\/urun\/gencligimin-kayip-yillari-ask-ve-ideoloji\/","title":{"rendered":"Gen\u00e7li\u011fimin Kay\u0131p Y\u0131llar\u0131 A\u015fk ve \u0130deoloji"},"content":{"rendered":"<p>\u201c\u0130ki kelimede ku\u015fa\u011f\u0131n\u0131 anlat deseler? \u201968 ku\u015fa\u011f\u0131n\u0131n \u00f6zeti \u2018A\u015fk ve \u0130deoloji\u2019. (\u2026) Yazd\u0131klar\u0131m gen\u00e7lik y\u0131llar\u0131m\u0131n otobiyografisi, ku\u015fa\u011f\u0131m\u0131n izlerinin \u00f6yk\u00fcs\u00fc. (\u2026) \u2018Otuzdan b\u00fcy\u00fck kimseye g\u00fcvenme\u2019 diyen de bizdik, \u2018Sava\u015fma sevi\u015f\u2019 diyen de.\u201d \u201968 ku\u015fa\u011f\u0131n\u0131n egemen d\u00fczene ba\u015fkald\u0131r\u0131s\u0131yla \u201ckapitalizmin cehenneminde sosyalist cennetin d\u00fc\u015flerini kuran\u201d, Moskova\u2019daysa sar\u0131ld\u0131klar\u0131n\u0131 yitiren bir gen\u00e7\u2026 Pentagon ku\u015fatmas\u0131ndan Moskova gecelerine, a\u015fklar\u0131na ve hayal k\u0131r\u0131kl\u0131klar\u0131na, erotik politikadan kom\u00fcnist d\u00fc\u015fmanl\u0131\u011f\u0131n\u0131n paranoyak boyutlar\u0131na, \u00c7e\u00e7enistanl\u0131 Timur\u2019dan San Francisco\u2019daki \u015e\u00fckran G\u00fcn\u00fc sofralar\u0131na, s\u00fcrg\u00fcndeki day\u0131 Zekeriya Sertel\u2019den Stalin\u2019e, N\u00e2z\u0131m Hikmet\u2019e\u2026 40 y\u0131ll\u0131k bir an\u0131lar zinciri, seyahat notlar\u0131\u2026 G\u00fcnd\u00fcz Vassaf e\u011flenceli, mizahi, \u015fiirsel bir dille \u00e7ocukluk ve gen\u00e7lik y\u0131llar\u0131ndan tan\u0131d\u0131\u011f\u0131 Amerika ile \u201csosyalizmin be\u015fi\u011fi\u201d diye merak etti\u011fi Moskova\u2019y\u0131, 40 y\u0131l sonra sadece an\u0131lar\u0131n\u0131n izinden giderek de\u011fil, tekrar g\u00f6rerek, ya\u015fayarak anlat\u0131yor. 21. y\u00fczy\u0131l\u0131n g\u00f6n\u00fcll\u00fc totalitarizmine dikkatimizi \u00e7ekiyor. Vassaf\u2019\u0131n ak\u0131c\u0131 kalemi, iki \u00fclkeyle birlikte kendisinin de nas\u0131l de\u011fi\u015fti\u011fini g\u00f6zler \u00f6n\u00fcne sererken, \u201cger\u00e7ek \u00f6zg\u00fcrl\u00fc\u011f\u00fc\u201d temsil ettiklerini \u00f6ne s\u00fcren her iki zihniyetin de totalitarizmde, tutuculukta nas\u0131l birle\u015ftiklerini anlat\u0131yor. Daha \u00f6nce 40 Y\u0131l \u00d6nce 40 Y\u0131l Sonra Amerika-Rusya ba\u015fl\u0131\u011f\u0131yla yay\u0131mlanan Gen\u00e7li\u011fimin Kay\u0131p Y\u0131llar\u0131, edebiyat\u0131m\u0131zda t\u00fcr\u00fcne nadir rastlanan, gezi ve an\u0131lar\u0131n \u015fiirler, \u015fark\u0131 s\u00f6zleri ve film diyaloglar\u0131yla harmanland\u0131\u011f\u0131 \u201cayk\u0131r\u0131\u201d bir kitap.<\/p>\n","protected":false},"excerpt":{"rendered":"<p>\u201c\u0130ki kelimede ku\u015fa\u011f\u0131n\u0131 anlat deseler? \u201968 ku\u015fa\u011f\u0131n\u0131n \u00f6zeti \u2018A\u015fk ve \u0130deoloji\u2019. (\u2026) Yazd\u0131klar\u0131m gen\u00e7lik y\u0131llar\u0131m\u0131n otobiyografisi, ku\u015fa\u011f\u0131m\u0131n izlerinin \u00f6yk\u00fcs\u00fc. (\u2026) \u2018Otuzdan b\u00fcy\u00fck kimseye g\u00fcvenme\u2019 diyen de<span class=\"excerpt-hellip\"> [\u2026]<\/span><\/p>\n","protected":false},"featured_media":0,"template":"","meta":{"_monsterinsights_skip_tracking":false,"_monsterinsights_sitenote_active":false,"_monsterinsights_sitenote_note":"","_monsterinsights_sitenote_category":0},"product_brand":[],"product_cat":[18545,12291],"product_tag":[],"class_list":{"0":"post-695568","1":"product","2":"type-product","3":"status-publish","5":"product_cat-anlati","6":"product_cat-edebiyat","7":"pa_cilt-ciltsiz","8":"pa_tur-kitap","9":"pa_yayinevi-iletisim-yayinlari","10":"pa_yazar-gunduz-vassaf","12":"first","13":"instock","14":"sale","15":"shipping-taxable","16":"purchasable","17":"product-type-simple"},"_links":{"self":[{"href":"https:\/\/roveyayinevi.com.tr\/index.php\/wp-json\/wp\/v2\/product\/695568","targetHints":{"allow":["GET"]}}],"collection":[{"href":"https:\/\/roveyayinevi.com.tr\/index.php\/wp-json\/wp\/v2\/product"}],"about":[{"href":"https:\/\/roveyayinevi.com.tr\/index.php\/wp-json\/wp\/v2\/types\/product"}],"wp:attachment":[{"href":"https:\/\/roveyayinevi.com.tr\/index.php\/wp-json\/wp\/v2\/media?parent=695568"}],"wp:term":[{"taxonomy":"product_brand","embeddable":true,"href":"https:\/\/roveyayinevi.com.tr\/index.php\/wp-json\/wp\/v2\/product_brand?post=695568"},{"taxonomy":"product_cat","embeddable":true,"href":"https:\/\/roveyayinevi.com.tr\/index.php\/wp-json\/wp\/v2\/product_cat?post=695568"},{"taxonomy":"product_tag","embeddable":true,"href":"https:\/\/roveyayinevi.com.tr\/index.php\/wp-json\/wp\/v2\/product_tag?post=695568"}],"curies":[{"name":"wp","href":"https:\/\/api.w.org\/{rel}","templated":true}]}}