{"id":695558,"date":"2025-08-27T14:29:33","date_gmt":"2025-08-27T11:29:33","guid":{"rendered":"https:\/\/roveyayinevi.com.tr\/index.php\/urun\/kilicdarogluyla-dort-yil-2010-2014-y-chp\/"},"modified":"2026-04-16T02:05:40","modified_gmt":"2026-04-15T23:05:40","slug":"kilicdarogluyla-dort-yil-2010-2014-y-chp","status":"publish","type":"product","link":"https:\/\/roveyayinevi.com.tr\/index.php\/urun\/kilicdarogluyla-dort-yil-2010-2014-y-chp\/","title":{"rendered":"K\u0131l\u0131\u00e7daro\u011flu&#8217;yla D\u00f6rt Y\u0131l 2010-2014 Y-CHP"},"content":{"rendered":"<p>6 May\u0131s 2010 sabah\u0131 T\u00fcrkiye bir kaset tertibiyle sars\u0131ld\u0131. Ana muhalefet partisinin genel ba\u015fkan\u0131 Deniz Baykal istifaya zorland\u0131. Hemen ard\u0131ndan Kemal K\u0131l\u0131\u00e7daro\u011flu, 22 May\u0131s&#8217;ta toplanan 33. Kurultay&#8217;da genel ba\u015fkanl\u0131\u011fa getirildi. Baykal\u2019a istifa d\u0131\u015f\u0131nda bir yol b\u0131rakmayanlar\u0131n amac\u0131, CHP\u2019yi d\u00f6n\u00fc\u015ft\u00fcrmek ve \u201cYeni CHP\u201d yaratmakt\u0131. Nitekim K\u0131l\u0131\u00e7daro\u011flu yeni g\u00f6revine \u201cCHP\u2019de korku imparatorlu\u011funu y\u0131kt\u0131k\u201d s\u00f6zleriyle ba\u015flad\u0131. Elinizdeki kitap, Baykal&#8217;a kaset tertibiyle ba\u015flayan Y-CHP s\u00fcrecini 2014 y\u0131l\u0131 sonuna kadar, b\u00fct\u00fcn\u00fcyle olaylara ve belgelere dayanarak, dokuz ayr\u0131 b\u00f6l\u00fcm halinde inceliyor. \u0130ncelen baz\u0131 b\u00f6l\u00fcm ba\u015fl\u0131klar\u0131 \u015f\u00f6yle: <\/p>\n","protected":false},"excerpt":{"rendered":"<p>6 May\u0131s 2010 sabah\u0131 T\u00fcrkiye bir kaset tertibiyle sars\u0131ld\u0131. Ana muhalefet partisinin genel ba\u015fkan\u0131 Deniz Baykal istifaya zorland\u0131. Hemen ard\u0131ndan Kemal K\u0131l\u0131\u00e7daro\u011flu, 22 May\u0131s&#8217;ta toplanan 33.<span class=\"excerpt-hellip\"> [\u2026]<\/span><\/p>\n","protected":false},"featured_media":0,"template":"","meta":{"_monsterinsights_skip_tracking":false,"_monsterinsights_sitenote_active":false,"_monsterinsights_sitenote_note":"","_monsterinsights_sitenote_category":0},"product_brand":[],"product_cat":[12965,12337],"product_tag":[],"class_list":{"0":"post-695558","1":"product","2":"type-product","3":"status-publish","5":"product_cat-genel-politika","6":"product_cat-politika-siyaset","7":"pa_tur-kitap","8":"pa_yayinevi-kaynak-yayinlari","9":"pa_yazar-turhan-ozlu","11":"first","12":"instock","13":"sale","14":"shipping-taxable","15":"purchasable","16":"product-type-simple"},"_links":{"self":[{"href":"https:\/\/roveyayinevi.com.tr\/index.php\/wp-json\/wp\/v2\/product\/695558","targetHints":{"allow":["GET"]}}],"collection":[{"href":"https:\/\/roveyayinevi.com.tr\/index.php\/wp-json\/wp\/v2\/product"}],"about":[{"href":"https:\/\/roveyayinevi.com.tr\/index.php\/wp-json\/wp\/v2\/types\/product"}],"wp:attachment":[{"href":"https:\/\/roveyayinevi.com.tr\/index.php\/wp-json\/wp\/v2\/media?parent=695558"}],"wp:term":[{"taxonomy":"product_brand","embeddable":true,"href":"https:\/\/roveyayinevi.com.tr\/index.php\/wp-json\/wp\/v2\/product_brand?post=695558"},{"taxonomy":"product_cat","embeddable":true,"href":"https:\/\/roveyayinevi.com.tr\/index.php\/wp-json\/wp\/v2\/product_cat?post=695558"},{"taxonomy":"product_tag","embeddable":true,"href":"https:\/\/roveyayinevi.com.tr\/index.php\/wp-json\/wp\/v2\/product_tag?post=695558"}],"curies":[{"name":"wp","href":"https:\/\/api.w.org\/{rel}","templated":true}]}}