{"id":695555,"date":"2025-08-27T14:29:32","date_gmt":"2025-08-27T11:29:32","guid":{"rendered":"https:\/\/roveyayinevi.com.tr\/index.php\/urun\/turkiye-islam-ve-sekularizm-makaleler-5\/"},"modified":"2025-12-30T09:44:43","modified_gmt":"2025-12-30T06:44:43","slug":"turkiye-islam-ve-sekularizm-makaleler-5","status":"publish","type":"product","link":"https:\/\/roveyayinevi.com.tr\/index.php\/urun\/turkiye-islam-ve-sekularizm-makaleler-5\/","title":{"rendered":"T\u00fcrkiye, \u0130slam ve Sek\u00fclarizm: Makaleler 5"},"content":{"rendered":"<p>T\u00fcrkiye\u2019de d\u00fc\u015f\u00fcnce tarihi, din ve siyaset sosyolojisine yapt\u0131\u011f\u0131 \u00f6nemli katk\u0131lar nedeniyle d\u00fc\u015f\u00fcnce hayat\u0131m\u0131z\u0131n \u00f6nde gelen isimlerinden biri olan \u015eerif Mardin, toplumumuzda y\u00fcz y\u0131l\u0131 a\u015fk\u0131n bir s\u00fcredir g\u00fcndemde kalan din, modernle\u015fme, Bat\u0131l\u0131la\u015fma gibi olgular\u0131 hem resm\u00ee yorumun hem de yerle\u015fik muhalif s\u00f6ylemlerin d\u0131\u015f\u0131nda kalarak, toplumsal zemin ve arka planlar\u0131yla birlikte inceler. Mardin\u2019in pozitivist Bat\u0131 d\u00fc\u015f\u00fcncesinin T\u00fcrkiye\u2019de egemen g\u00f6r\u00fc\u015fle birle\u015ferek bi\u00e7imlendirdi\u011fi  kabul edilmi\u015f  e\u011filim ve y\u00f6nteme kap\u0131lmay\u0131\u015f\u0131, toplumsal de\u011fi\u015fim dinamiklerini genelge\u00e7er kal\u0131plara sokmay\u0131\u015f\u0131, resm\u00ee ideoloji ve Kemalist s\u00f6ylemin etkilerinden uzak kal\u0131\u015f\u0131, onu  Cumhuriyet ayd\u0131nlar\u0131 n\u0131n \u00f6nemli bir kesiminden kal\u0131n \u00e7izgilerle ay\u0131r\u0131r ve b\u00fct\u00fcn eserlerini toplumbilim d\u00fcnyam\u0131zda ayr\u0131cal\u0131kl\u0131 bir yere koymay\u0131 gerektirir. <\/p>\n","protected":false},"excerpt":{"rendered":"<p>T\u00fcrkiye\u2019de d\u00fc\u015f\u00fcnce tarihi, din ve siyaset sosyolojisine yapt\u0131\u011f\u0131 \u00f6nemli katk\u0131lar nedeniyle d\u00fc\u015f\u00fcnce hayat\u0131m\u0131z\u0131n \u00f6nde gelen isimlerinden biri olan \u015eerif Mardin, toplumumuzda y\u00fcz y\u0131l\u0131 a\u015fk\u0131n bir s\u00fcredir<span class=\"excerpt-hellip\"> [\u2026]<\/span><\/p>\n","protected":false},"featured_media":0,"template":"","meta":{"_monsterinsights_skip_tracking":false,"_monsterinsights_sitenote_active":false,"_monsterinsights_sitenote_note":"","_monsterinsights_sitenote_category":0},"product_brand":[],"product_cat":[12965,12337],"product_tag":[],"class_list":{"0":"post-695555","1":"product","2":"type-product","3":"status-publish","5":"product_cat-genel-politika","6":"product_cat-politika-siyaset","7":"pa_cilt-ciltsiz","8":"pa_tur-kitap","9":"pa_yayinevi-iletisim-yayinlari","10":"pa_yazar-serif-mardin","12":"first","13":"instock","14":"sale","15":"shipping-taxable","16":"purchasable","17":"product-type-simple"},"_links":{"self":[{"href":"https:\/\/roveyayinevi.com.tr\/index.php\/wp-json\/wp\/v2\/product\/695555","targetHints":{"allow":["GET"]}}],"collection":[{"href":"https:\/\/roveyayinevi.com.tr\/index.php\/wp-json\/wp\/v2\/product"}],"about":[{"href":"https:\/\/roveyayinevi.com.tr\/index.php\/wp-json\/wp\/v2\/types\/product"}],"wp:attachment":[{"href":"https:\/\/roveyayinevi.com.tr\/index.php\/wp-json\/wp\/v2\/media?parent=695555"}],"wp:term":[{"taxonomy":"product_brand","embeddable":true,"href":"https:\/\/roveyayinevi.com.tr\/index.php\/wp-json\/wp\/v2\/product_brand?post=695555"},{"taxonomy":"product_cat","embeddable":true,"href":"https:\/\/roveyayinevi.com.tr\/index.php\/wp-json\/wp\/v2\/product_cat?post=695555"},{"taxonomy":"product_tag","embeddable":true,"href":"https:\/\/roveyayinevi.com.tr\/index.php\/wp-json\/wp\/v2\/product_tag?post=695555"}],"curies":[{"name":"wp","href":"https:\/\/api.w.org\/{rel}","templated":true}]}}