{"id":695554,"date":"2025-08-27T14:29:32","date_gmt":"2025-08-27T11:29:32","guid":{"rendered":"https:\/\/roveyayinevi.com.tr\/index.php\/urun\/kroycer-sonat\/"},"modified":"2026-04-06T12:24:57","modified_gmt":"2026-04-06T09:24:57","slug":"kroycer-sonat","status":"publish","type":"product","link":"https:\/\/roveyayinevi.com.tr\/index.php\/urun\/kroycer-sonat\/","title":{"rendered":"Kroy\u00e7er Sonat"},"content":{"rendered":"<p>Tolstoy\u2019un \u015fiddetli bir ruhsal kriz i\u00e7erisindeyken kaleme ald\u0131\u011f\u0131 Kroy\u00e7er Sonat\u2019\u0131n merkezinde \u2018H\u0131ristiyan evlili\u011fi\u2019nin imkans\u0131z oldu\u011fu d\u00fc\u015f\u00fcncesi yatar. Kad\u0131nlarla erkekleri birbirine ba\u011flayan o duygusal ve cinsel ba\u011f\u0131n Tanr\u0131\u2019dan ne kadar uzak ve ac\u0131 verici oldu\u011funu b\u00fct\u00fcn \u00f6fkesi ve a\u00e7\u0131k s\u00f6zl\u00fcl\u00fc\u011f\u00fcyle bu kitapta dile getirir Tolstoy ve bir adam\u0131n, i\u00e7inde b\u00fcy\u00fctt\u00fc\u011f\u00fc k\u0131skan\u00e7l\u0131k duygusuyla nas\u0131l kar\u0131s\u0131n\u0131 \u00f6ld\u00fcrecek hale geldi\u011fini anlat\u0131rken, hem kendi kendisi, hem insan do\u011fas\u0131, hem de H\u0131ristiyanl\u0131\u011f\u0131n \u00f6z\u00fc hakk\u0131nda konu\u015fur. <\/p>\n","protected":false},"excerpt":{"rendered":"<p>Tolstoy\u2019un \u015fiddetli bir ruhsal kriz i\u00e7erisindeyken kaleme ald\u0131\u011f\u0131 Kroy\u00e7er Sonat\u2019\u0131n merkezinde \u2018H\u0131ristiyan evlili\u011fi\u2019nin imkans\u0131z oldu\u011fu d\u00fc\u015f\u00fcncesi yatar. Kad\u0131nlarla erkekleri birbirine ba\u011flayan o duygusal ve cinsel ba\u011f\u0131n<span class=\"excerpt-hellip\"> [\u2026]<\/span><\/p>\n","protected":false},"featured_media":0,"template":"","meta":{"_monsterinsights_skip_tracking":false,"_monsterinsights_sitenote_active":false,"_monsterinsights_sitenote_note":"","_monsterinsights_sitenote_category":0},"product_brand":[],"product_cat":[12291,13570],"product_tag":[],"class_list":{"0":"post-695554","1":"product","2":"type-product","3":"status-publish","5":"product_cat-edebiyat","6":"product_cat-rus-edebiyati","7":"pa_cilt-ciltsiz","8":"pa_tur-kitap","9":"pa_yayinevi-iletisim-yayinlari","10":"pa_yazar-lev-nikolayevic-tolstoy","12":"first","13":"instock","14":"sale","15":"shipping-taxable","16":"purchasable","17":"product-type-simple"},"_links":{"self":[{"href":"https:\/\/roveyayinevi.com.tr\/index.php\/wp-json\/wp\/v2\/product\/695554","targetHints":{"allow":["GET"]}}],"collection":[{"href":"https:\/\/roveyayinevi.com.tr\/index.php\/wp-json\/wp\/v2\/product"}],"about":[{"href":"https:\/\/roveyayinevi.com.tr\/index.php\/wp-json\/wp\/v2\/types\/product"}],"wp:attachment":[{"href":"https:\/\/roveyayinevi.com.tr\/index.php\/wp-json\/wp\/v2\/media?parent=695554"}],"wp:term":[{"taxonomy":"product_brand","embeddable":true,"href":"https:\/\/roveyayinevi.com.tr\/index.php\/wp-json\/wp\/v2\/product_brand?post=695554"},{"taxonomy":"product_cat","embeddable":true,"href":"https:\/\/roveyayinevi.com.tr\/index.php\/wp-json\/wp\/v2\/product_cat?post=695554"},{"taxonomy":"product_tag","embeddable":true,"href":"https:\/\/roveyayinevi.com.tr\/index.php\/wp-json\/wp\/v2\/product_tag?post=695554"}],"curies":[{"name":"wp","href":"https:\/\/api.w.org\/{rel}","templated":true}]}}