{"id":695548,"date":"2025-08-27T14:29:30","date_gmt":"2025-08-27T11:29:30","guid":{"rendered":"https:\/\/roveyayinevi.com.tr\/index.php\/urun\/edebiyat-incelemelerinde-psikanaliz-kullanimi\/"},"modified":"2026-04-16T02:05:40","modified_gmt":"2026-04-15T23:05:40","slug":"edebiyat-incelemelerinde-psikanaliz-kullanimi","status":"publish","type":"product","link":"https:\/\/roveyayinevi.com.tr\/index.php\/urun\/edebiyat-incelemelerinde-psikanaliz-kullanimi\/","title":{"rendered":"Edebiyat \u0130ncelemelerinde Psikanaliz Kullan\u0131m\u0131"},"content":{"rendered":"<p>Psikanaliz genel olarak bilindi\u011fi \u00fczere sadece ak\u0131l ve ruh hastal\u0131klar\u0131n\u0131 iyile\u015ftirmeye \u00e7al\u0131\u015fan bir bilim dal\u0131 olmay\u0131p insan\u0131n t\u00fcm davran\u0131\u015flar\u0131n\u0131n k\u00f6kenini tespit edebilmeyi ama\u00e7lamaktad\u0131r. Bu faaliyetlerin biricik sebebi ise daha mutlu insanlar ve bu insanlardan olu\u015fan daha mutlu bir d\u00fcnyad\u0131r. Teknolojinin insan ruhuna a\u00e7t\u0131\u011f\u0131 gediklerin onar\u0131lmas\u0131 ihtiyac\u0131 ise psikanalizin 21. y\u00fczy\u0131lda \u00f6nemini artt\u0131rm\u0131\u015ft\u0131r. <\/p>\n","protected":false},"excerpt":{"rendered":"<p>Psikanaliz genel olarak bilindi\u011fi \u00fczere sadece ak\u0131l ve ruh hastal\u0131klar\u0131n\u0131 iyile\u015ftirmeye \u00e7al\u0131\u015fan bir bilim dal\u0131 olmay\u0131p insan\u0131n t\u00fcm davran\u0131\u015flar\u0131n\u0131n k\u00f6kenini tespit edebilmeyi ama\u00e7lamaktad\u0131r. Bu faaliyetlerin biricik<span class=\"excerpt-hellip\"> [\u2026]<\/span><\/p>\n","protected":false},"featured_media":0,"template":"","meta":{"_monsterinsights_skip_tracking":false,"_monsterinsights_sitenote_active":false,"_monsterinsights_sitenote_note":"","_monsterinsights_sitenote_category":0},"product_brand":[],"product_cat":[13072,12291],"product_tag":[],"class_list":{"0":"post-695548","1":"product","2":"type-product","3":"status-publish","5":"product_cat-arastirma-inceleme-referans","6":"product_cat-edebiyat","7":"pa_tur-kitap","8":"pa_yayinevi-divan-kitap","9":"pa_yazar-can-sen","11":"first","12":"instock","13":"sale","14":"shipping-taxable","15":"purchasable","16":"product-type-simple"},"_links":{"self":[{"href":"https:\/\/roveyayinevi.com.tr\/index.php\/wp-json\/wp\/v2\/product\/695548","targetHints":{"allow":["GET"]}}],"collection":[{"href":"https:\/\/roveyayinevi.com.tr\/index.php\/wp-json\/wp\/v2\/product"}],"about":[{"href":"https:\/\/roveyayinevi.com.tr\/index.php\/wp-json\/wp\/v2\/types\/product"}],"wp:attachment":[{"href":"https:\/\/roveyayinevi.com.tr\/index.php\/wp-json\/wp\/v2\/media?parent=695548"}],"wp:term":[{"taxonomy":"product_brand","embeddable":true,"href":"https:\/\/roveyayinevi.com.tr\/index.php\/wp-json\/wp\/v2\/product_brand?post=695548"},{"taxonomy":"product_cat","embeddable":true,"href":"https:\/\/roveyayinevi.com.tr\/index.php\/wp-json\/wp\/v2\/product_cat?post=695548"},{"taxonomy":"product_tag","embeddable":true,"href":"https:\/\/roveyayinevi.com.tr\/index.php\/wp-json\/wp\/v2\/product_tag?post=695548"}],"curies":[{"name":"wp","href":"https:\/\/api.w.org\/{rel}","templated":true}]}}