{"id":695545,"date":"2025-08-27T14:29:29","date_gmt":"2025-08-27T11:29:29","guid":{"rendered":"https:\/\/roveyayinevi.com.tr\/index.php\/urun\/dil-uzerine\/"},"modified":"2026-04-16T02:05:40","modified_gmt":"2026-04-15T23:05:40","slug":"dil-uzerine","status":"publish","type":"product","link":"https:\/\/roveyayinevi.com.tr\/index.php\/urun\/dil-uzerine\/","title":{"rendered":"Dil \u00dczerine"},"content":{"rendered":"<p>Dil yaln\u0131z insanlar aras\u0131nda ileti\u015fimi ve mevcut bilgilerin gelecek nesillere aktar\u0131lmas\u0131n\u0131 sa\u011flayan bir vas\u0131tadan ibaret de\u011fil, ayn\u0131 zamanda varolanlar\u0131 tan\u0131mak i\u00e7in yeni bilgiler elde etmede yol g\u00f6steren bir rehberdir. E\u011fer dil olmasa idi medeniyet de olmazd\u0131. \u0130nsanla di\u011fer canl\u0131lar aras\u0131ndaki farklar\u0131n ba\u015f\u0131nda insan\u0131n bir dile sahip olmas\u0131 gelir. Toplum a\u00e7\u0131s\u0131ndan bak\u0131nca; dil bir milletin Ben\u2019ini olu\u015fturur. Bu bak\u0131mdan mill\u00ee k\u00fclt\u00fcr\u00fcn en \u00f6nemli unsuru dildir. Bir toplumda anadil toplumun bireylerini birbirine ba\u011flayan, onlara mill\u00ee birlik bilincini kazand\u0131ran en \u00f6nemli unsurdur. Bir milletin dili ne kadar zengin ve geli\u015fmi\u015f olursa o \u00f6l\u00e7\u00fcde uygarl\u0131k yolunda yol al\u0131r. <\/p>\n","protected":false},"excerpt":{"rendered":"<p>Dil yaln\u0131z insanlar aras\u0131nda ileti\u015fimi ve mevcut bilgilerin gelecek nesillere aktar\u0131lmas\u0131n\u0131 sa\u011flayan bir vas\u0131tadan ibaret de\u011fil, ayn\u0131 zamanda varolanlar\u0131 tan\u0131mak i\u00e7in yeni bilgiler elde etmede yol<span class=\"excerpt-hellip\"> [\u2026]<\/span><\/p>\n","protected":false},"featured_media":0,"template":"","meta":{"_monsterinsights_skip_tracking":false,"_monsterinsights_sitenote_active":false,"_monsterinsights_sitenote_note":"","_monsterinsights_sitenote_category":0},"product_brand":[],"product_cat":[12365,12364],"product_tag":[],"class_list":{"0":"post-695545","1":"product","2":"type-product","3":"status-publish","5":"product_cat-diger-genel-konular","6":"product_cat-genel-konular","7":"pa_tur-kitap","8":"pa_yayinevi-divan-kitap","9":"pa_yazar-necati-oner","11":"first","12":"instock","13":"sale","14":"shipping-taxable","15":"purchasable","16":"product-type-simple"},"_links":{"self":[{"href":"https:\/\/roveyayinevi.com.tr\/index.php\/wp-json\/wp\/v2\/product\/695545","targetHints":{"allow":["GET"]}}],"collection":[{"href":"https:\/\/roveyayinevi.com.tr\/index.php\/wp-json\/wp\/v2\/product"}],"about":[{"href":"https:\/\/roveyayinevi.com.tr\/index.php\/wp-json\/wp\/v2\/types\/product"}],"wp:attachment":[{"href":"https:\/\/roveyayinevi.com.tr\/index.php\/wp-json\/wp\/v2\/media?parent=695545"}],"wp:term":[{"taxonomy":"product_brand","embeddable":true,"href":"https:\/\/roveyayinevi.com.tr\/index.php\/wp-json\/wp\/v2\/product_brand?post=695545"},{"taxonomy":"product_cat","embeddable":true,"href":"https:\/\/roveyayinevi.com.tr\/index.php\/wp-json\/wp\/v2\/product_cat?post=695545"},{"taxonomy":"product_tag","embeddable":true,"href":"https:\/\/roveyayinevi.com.tr\/index.php\/wp-json\/wp\/v2\/product_tag?post=695545"}],"curies":[{"name":"wp","href":"https:\/\/api.w.org\/{rel}","templated":true}]}}