{"id":695544,"date":"2025-08-27T14:29:29","date_gmt":"2025-08-27T11:29:29","guid":{"rendered":"https:\/\/roveyayinevi.com.tr\/index.php\/urun\/devlet-5\/"},"modified":"2026-04-16T02:05:40","modified_gmt":"2026-04-15T23:05:40","slug":"devlet-5","status":"publish","type":"product","link":"https:\/\/roveyayinevi.com.tr\/index.php\/urun\/devlet-5\/","title":{"rendered":"Devlet"},"content":{"rendered":"<p>\u015eimdi, bu adamlar\u0131n zincirlerini \u00e7\u00f6zd\u00fc\u011f\u00fcn\u00fc, bilgisizliklerine bir son verildi\u011fini d\u00fc\u015f\u00fcn; her \u015feyi asl\u0131nda nas\u0131llarsa \u00f6yle g\u00f6rd\u00fckleri zaman nas\u0131l davran\u0131rlar? Bu tutsaklardan birini alal\u0131m, aya\u011fa kald\u0131r\u0131p ba\u015f\u0131n\u0131 \u00e7evirelim ve zorla y\u00fcr\u00fctelim. I\u015f\u0131\u011fa baks\u0131n. Bu hareketlerin hepsi birden ona ac\u0131 verir; \u00f6nceden s\u0131rf g\u00f6lgelerini g\u00f6rm\u00fc\u015f oldu\u011fu \u015feylere bakarken g\u00f6zleri kama\u015f\u0131r. Ona \u015f\u00f6yle diyecek olsak;  Daha \u00f6nce g\u00f6rd\u00fc\u011f\u00fcn her \u015fey birer g\u00f6lgeden ibaretti; oysa \u015fimdi hakikate yak\u0131ns\u0131n, ger\u00e7ek nesneleri dosdo\u011fru g\u00f6r\u00fcyorsun.  Sonra \u00f6n\u00fcnden ge\u00e7en nesneleri ve insanlar\u0131 g\u00f6sterip bunlar\u0131n ne olduklar\u0131n\u0131 sorsak bize ne cevap verir? Hayret i\u00e7inde kalmaz m\u0131? \u00d6ncesinde g\u00f6rd\u00fc\u011f\u00fc g\u00f6lgeler ona bunlardan daha ger\u00e7ek gibi olmaz m\u0131? <\/p>\n","protected":false},"excerpt":{"rendered":"<p>\u015eimdi, bu adamlar\u0131n zincirlerini \u00e7\u00f6zd\u00fc\u011f\u00fcn\u00fc, bilgisizliklerine bir son verildi\u011fini d\u00fc\u015f\u00fcn; her \u015feyi asl\u0131nda nas\u0131llarsa \u00f6yle g\u00f6rd\u00fckleri zaman nas\u0131l davran\u0131rlar? Bu tutsaklardan birini alal\u0131m, aya\u011fa kald\u0131r\u0131p ba\u015f\u0131n\u0131<span class=\"excerpt-hellip\"> [\u2026]<\/span><\/p>\n","protected":false},"featured_media":0,"template":"","meta":{"_monsterinsights_skip_tracking":false,"_monsterinsights_sitenote_active":false,"_monsterinsights_sitenote_note":"","_monsterinsights_sitenote_category":0},"product_brand":[],"product_cat":[12351,12324],"product_tag":[],"class_list":{"0":"post-695544","1":"product","2":"type-product","3":"status-publish","5":"product_cat-siyaset-sosyolojisi","6":"product_cat-sosyoloji","7":"pa_tur-kitap","8":"pa_yayinevi-divan-kitap","9":"pa_yazar-platon-eflatun","11":"first","12":"instock","13":"sale","14":"shipping-taxable","15":"purchasable","16":"product-type-simple"},"_links":{"self":[{"href":"https:\/\/roveyayinevi.com.tr\/index.php\/wp-json\/wp\/v2\/product\/695544","targetHints":{"allow":["GET"]}}],"collection":[{"href":"https:\/\/roveyayinevi.com.tr\/index.php\/wp-json\/wp\/v2\/product"}],"about":[{"href":"https:\/\/roveyayinevi.com.tr\/index.php\/wp-json\/wp\/v2\/types\/product"}],"wp:attachment":[{"href":"https:\/\/roveyayinevi.com.tr\/index.php\/wp-json\/wp\/v2\/media?parent=695544"}],"wp:term":[{"taxonomy":"product_brand","embeddable":true,"href":"https:\/\/roveyayinevi.com.tr\/index.php\/wp-json\/wp\/v2\/product_brand?post=695544"},{"taxonomy":"product_cat","embeddable":true,"href":"https:\/\/roveyayinevi.com.tr\/index.php\/wp-json\/wp\/v2\/product_cat?post=695544"},{"taxonomy":"product_tag","embeddable":true,"href":"https:\/\/roveyayinevi.com.tr\/index.php\/wp-json\/wp\/v2\/product_tag?post=695544"}],"curies":[{"name":"wp","href":"https:\/\/api.w.org\/{rel}","templated":true}]}}